{"id":9,"date":"2007-10-28T21:24:03","date_gmt":"2007-10-28T21:24:03","guid":{"rendered":"http:\/\/podologiaperu.info\/news\/?page_id=7"},"modified":"2007-10-28T21:24:03","modified_gmt":"2007-10-28T21:24:03","slug":"los-10-problemas-mas-frecuentes","status":"publish","type":"page","link":"https:\/\/www.podologiaperu.com\/news\/los-10-problemas-mas-frecuentes\/","title":{"rendered":"Los 10 Problemas m\u00e1s frecuentes"},"content":{"rendered":"<table align=\"center\" border=\"2\" width=\"89%\">\n<tr>\n<td bgcolor=\"#00ff00\" width=\"16%\">\n<p align=\"center\"><strong>Problema<\/strong><\/p>\n<\/td>\n<td bgcolor=\"#ffff00\" width=\"44%\">\n<p align=\"center\"><strong>\u00bfQu\u00e9<br \/>\nes?<\/strong><\/td>\n<td bgcolor=\"#ffff00\" width=\"40%\">\n<p align=\"center\"><strong>\u00bfQu\u00e9<br \/>\nse puede hacer?<\/strong><\/td>\n<\/tr>\n<tr>\n<td bgcolor=\"#00ff00\">\n<p align=\"center\"><strong>Dedos en martillo<\/strong><\/p>\n<\/td>\n<td>\n<p align=\"center\">Retracci\u00f3n de uno o m\u00e1s dedos que provocan roces y callosidades. Se suelen acompa\u00f1ar de juanetes.<\/p>\n<\/td>\n<td>\n<p align=\"center\">Utilizar calzado ancho. Eliminar las callosidades<br \/>\ny colocar ortesis protectoras.<\/td>\n<\/tr>\n<tr>\n<td bgcolor=\"#00ff00\">\n<p align=\"center\"><strong>Espolones de c\u00e1lcaneo<\/strong><\/p>\n<\/td>\n<td>\n<p align=\"center\">Dolor que aparece en el tal\u00f3n por una inflamaci\u00f3n del tejido del tal\u00f3n que acaba endureci\u00e9ndose. Se suele acompa\u00f1ar de una desviaci\u00f3n del pie.<\/p>\n<\/td>\n<td>\n<p align=\"center\">Sesiones de fisioterapia y tratamiento farmacol\u00f3gico<br \/>\npara reducir el dolor. Se deben aplicar taloneras o plantillas dependiendo<br \/>\nde la causa de aparici\u00f3n.<\/td>\n<\/tr>\n<tr>\n<td bgcolor=\"#00ff00\">\n<p align=\"center\"><strong>Hongos<\/strong><\/p>\n<\/td>\n<td>\n<p align=\"center\">Infecci\u00f3n por hongos microc\u00f3spicos de piel y u\u00f1as de los pies. En la piel causa unas ampollas de aspecto rojizo y picor. Las u\u00f1as, por su parte, adquieren una tonalidad amarillenta<\/p>\n<\/td>\n<td>\n<p align=\"center\">Tratamiento farmacol\u00f3gico con controles peri\u00f3dicos<br \/>\ndel podol\u00f3go<\/td>\n<\/tr>\n<tr>\n<td bgcolor=\"#00ff00\">\n<p align=\"center\"><strong>Juanetes<\/strong><\/p>\n<\/td>\n<td>\n<p align=\"center\">Desviaci\u00f3n del primer dedo, que provoca la aparici\u00f3n de una protuberancia en un lado del pie. Est\u00e1n causados por diferentes factores.<\/p>\n<\/td>\n<td>\n<p align=\"center\">Descubrir porqu\u00e9 se han producido y aplicar<br \/>\nel tratamiento:ortesis correctoras, plantillas u ortesis protectores.<br \/>\nSe puede acompa\u00f1ar de rehabilitaci\u00f3n.<\/td>\n<\/tr>\n<tr>\n<td bgcolor=\"#00ff00\">\n<p align=\"center\"><strong>Metarsalgias<\/strong><\/p>\n<\/td>\n<td>\n<p align=\"center\">Dolor en la planta del pie que se suele acompa\u00f1ar de callosidades centrales. Suelen estar provocadas por un calzado alto y estrecho y\/o por los juanetes.<\/p>\n<\/td>\n<td>\n<p align=\"center\">Sesiones de fisioterapia y f\u00e1rmacos para reducir<br \/>\nel dolor. Es indispensable aplicar unas plantillas ortop\u00e9dicas<br \/>\ny un calzado adecuado.<\/td>\n<\/tr>\n<tr>\n<td bgcolor=\"#00ff00\">\n<p align=\"center\"><strong>Neuromas<\/strong><\/p>\n<\/td>\n<td>\n<p align=\"center\">Tumoraci\u00f3n benigna de los nervios situados entre el tercer y cuarto dedo. Provoca un dolor punzante en la planta del pie sin que se observe callosidad. Puede ser confundido con las metatarsalgias.<\/p>\n<\/td>\n<td>\n<p align=\"center\">Plantillas ortop\u00e9dicas con material de amortiguaci\u00f3n<br \/>\nen la zona dolorosa. A veces es necesaria la cirug\u00eda.<\/td>\n<\/tr>\n<tr>\n<td bgcolor=\"#00ff00\">\n<p align=\"center\"><strong>Onicocriptosis (u\u00f1eros)<\/strong><\/p>\n<\/td>\n<td>\n<p align=\"center\">Las u\u00f1as se clavan en los lados del dedo por varias causas: mal corte, calzado demasiado estrecho, golpes, infecciones por hongos, forma de caminar, etc<\/p>\n<\/td>\n<td>\n<p align=\"center\">Se puede prevenir con un corte adecuado seg\u00fan<br \/>\nlas instrucciones del podol\u00f3go. Una vez la u\u00f1a est\u00e1<br \/>\nclavada hay que acudir con la mayor rapidez al podol\u00f3go para evitar<br \/>\nla infecci\u00f3n y otras complicaciones<\/td>\n<\/tr>\n<tr>\n<td bgcolor=\"#00ff00\">\n<p align=\"center\"><strong>Sesamoiditis<\/strong><\/p>\n<\/td>\n<td>\n<p align=\"center\">Los huesos sesamoides son dos peque\u00f1os huesos situados debajo del dedo gordo que se pueden irritar e inflamar por un sobreesfuerzo.<\/p>\n<\/td>\n<td>\n<p align=\"center\">Reducir el dolor mediante masaje terap\u00e9utico<br \/>\ny f\u00e1rmacos. Aplicar una ortosis para amortiguar la zona dolorosa.<\/td>\n<\/tr>\n<tr>\n<td bgcolor=\"#00ff00\">\n<p align=\"center\"><strong>Tendinitis del tend\u00f3n<br \/>\nde Aquiles<\/strong><\/td>\n<td>\n<p align=\"center\">Es la irritaci\u00f3n e inflamaci\u00f3n del tend\u00f3n que esta situado detr\u00e1s del tal\u00f3n. Suele estar causado por un sobreesfuerzo o un calzado inadecuado.<\/p>\n<\/td>\n<td>\n<p align=\"center\">Sesiones de fisioterapia y tratamiento farmacol\u00f3gico<br \/>\npara reducir el dolor. Tambi\u00e9n se pueden colocar protecciones provisionales<br \/>\npara evitar el roce.<\/td>\n<\/tr>\n<tr>\n<td bgcolor=\"#00ff00\">\n<p align=\"center\"><strong>Verrugas<\/strong><\/p>\n<\/td>\n<td>\n<p align=\"center\">Son infecciones por un virus que penetra en la piel<br \/>\ny causa lesiones con aspecto de callosidad.<\/td>\n<td>\n<p align=\"center\">Eliminaci\u00f3n con tratamiento farmacol\u00f3gico,<br \/>\nbajo estricta supervisi\u00f3n del podol\u00f3go<\/td>\n<\/tr>\n<\/table>\n","protected":false},"excerpt":{"rendered":"<div class=\"mh-excerpt\"><p>Problema \u00bfQu\u00e9 es? \u00bfQu\u00e9 se puede hacer? Dedos en martillo Retracci\u00f3n de uno o m\u00e1s dedos que provocan roces y callosidades. Se suelen acompa\u00f1ar de <a class=\"mh-excerpt-more\" href=\"https:\/\/www.podologiaperu.com\/news\/los-10-problemas-mas-frecuentes\/\" title=\"Los 10 Problemas m\u00e1s frecuentes\">[&#8230;]<\/a><\/p>\n<\/div>","protected":false},"author":1,"featured_media":0,"parent":0,"menu_order":2,"comment_status":"closed","ping_status":"open","template":"","meta":{"sfsi_plus_gutenberg_text_before_share":"","sfsi_plus_gutenberg_show_text_before_share":"","sfsi_plus_gutenberg_icon_type":"","sfsi_plus_gutenberg_icon_alignemt":"","sfsi_plus_gutenburg_max_per_row":"","footnotes":""},"class_list":["post-9","page","type-page","status-publish","hentry"],"yoast_head":"<!-- This site is optimized with the Yoast SEO plugin v27.3 - https:\/\/yoast.com\/product\/yoast-seo-wordpress\/ -->\n<title>Los 10 Problemas m\u00e1s frecuentes - CENTRO DE ATENCI&Oacute;N AL PIE<\/title>\n<meta name=\"robots\" content=\"index, follow, max-snippet:-1, max-image-preview:large, max-video-preview:-1\" \/>\n<link rel=\"canonical\" href=\"https:\/\/www.podologiaperu.com\/news\/los-10-problemas-mas-frecuentes\/\" \/>\n<meta property=\"og:locale\" content=\"es_ES\" \/>\n<meta property=\"og:type\" content=\"article\" \/>\n<meta property=\"og:title\" content=\"Los 10 Problemas m\u00e1s frecuentes - CENTRO DE ATENCI&Oacute;N AL PIE\" \/>\n<meta property=\"og:description\" content=\"Problema \u00bfQu\u00e9 es? \u00bfQu\u00e9 se puede hacer? Dedos en martillo Retracci\u00f3n de uno o m\u00e1s dedos que provocan roces y callosidades. Se suelen acompa\u00f1ar de [...]\" \/>\n<meta property=\"og:url\" content=\"https:\/\/www.podologiaperu.com\/news\/los-10-problemas-mas-frecuentes\/\" \/>\n<meta property=\"og:site_name\" content=\"CENTRO DE ATENCI&Oacute;N AL PIE\" \/>\n<meta name=\"twitter:card\" content=\"summary_large_image\" \/>\n<meta name=\"twitter:label1\" content=\"Tiempo de lectura\" \/>\n\t<meta name=\"twitter:data1\" content=\"2 minutos\" \/>\n<script type=\"application\/ld+json\" class=\"yoast-schema-graph\">{\"@context\":\"https:\\\/\\\/schema.org\",\"@graph\":[{\"@type\":\"WebPage\",\"@id\":\"https:\\\/\\\/www.podologiaperu.com\\\/news\\\/los-10-problemas-mas-frecuentes\\\/\",\"url\":\"https:\\\/\\\/www.podologiaperu.com\\\/news\\\/los-10-problemas-mas-frecuentes\\\/\",\"name\":\"Los 10 Problemas m\u00e1s frecuentes - CENTRO DE ATENCI&Oacute;N AL PIE\",\"isPartOf\":{\"@id\":\"https:\\\/\\\/www.podologiaperu.com\\\/news\\\/#website\"},\"datePublished\":\"2007-10-28T21:24:03+00:00\",\"breadcrumb\":{\"@id\":\"https:\\\/\\\/www.podologiaperu.com\\\/news\\\/los-10-problemas-mas-frecuentes\\\/#breadcrumb\"},\"inLanguage\":\"es\",\"potentialAction\":[{\"@type\":\"ReadAction\",\"target\":[\"https:\\\/\\\/www.podologiaperu.com\\\/news\\\/los-10-problemas-mas-frecuentes\\\/\"]}]},{\"@type\":\"BreadcrumbList\",\"@id\":\"https:\\\/\\\/www.podologiaperu.com\\\/news\\\/los-10-problemas-mas-frecuentes\\\/#breadcrumb\",\"itemListElement\":[{\"@type\":\"ListItem\",\"position\":1,\"name\":\"Portada\",\"item\":\"https:\\\/\\\/www.podologiaperu.com\\\/news\\\/\"},{\"@type\":\"ListItem\",\"position\":2,\"name\":\"Los 10 Problemas m\u00e1s frecuentes\"}]},{\"@type\":\"WebSite\",\"@id\":\"https:\\\/\\\/www.podologiaperu.com\\\/news\\\/#website\",\"url\":\"https:\\\/\\\/www.podologiaperu.com\\\/news\\\/\",\"name\":\"CENTRO DE ATENCI&Oacute;N AL PIE\",\"description\":\"PODOLOG&Iacute;A BERTHA BURGOS    952-374310 \\\/  01 462-2299\",\"publisher\":{\"@id\":\"https:\\\/\\\/www.podologiaperu.com\\\/news\\\/#organization\"},\"potentialAction\":[{\"@type\":\"SearchAction\",\"target\":{\"@type\":\"EntryPoint\",\"urlTemplate\":\"https:\\\/\\\/www.podologiaperu.com\\\/news\\\/?s={search_term_string}\"},\"query-input\":{\"@type\":\"PropertyValueSpecification\",\"valueRequired\":true,\"valueName\":\"search_term_string\"}}],\"inLanguage\":\"es\"},{\"@type\":\"Organization\",\"@id\":\"https:\\\/\\\/www.podologiaperu.com\\\/news\\\/#organization\",\"name\":\"CENTRO DE ATENCI&Oacute;N AL PIE\",\"url\":\"https:\\\/\\\/www.podologiaperu.com\\\/news\\\/\",\"logo\":{\"@type\":\"ImageObject\",\"inLanguage\":\"es\",\"@id\":\"https:\\\/\\\/www.podologiaperu.com\\\/news\\\/#\\\/schema\\\/logo\\\/image\\\/\",\"url\":\"https:\\\/\\\/www.podologiaperu.com\\\/news\\\/wp-content\\\/uploads\\\/2019\\\/10\\\/cropped-logo.png\",\"contentUrl\":\"https:\\\/\\\/www.podologiaperu.com\\\/news\\\/wp-content\\\/uploads\\\/2019\\\/10\\\/cropped-logo.png\",\"width\":147,\"height\":90,\"caption\":\"CENTRO DE ATENCI&Oacute;N AL PIE \"},\"image\":{\"@id\":\"https:\\\/\\\/www.podologiaperu.com\\\/news\\\/#\\\/schema\\\/logo\\\/image\\\/\"}}]}<\/script>\n<!-- \/ Yoast SEO plugin. -->","yoast_head_json":{"title":"Los 10 Problemas m\u00e1s frecuentes - CENTRO DE ATENCI&Oacute;N AL PIE","robots":{"index":"index","follow":"follow","max-snippet":"max-snippet:-1","max-image-preview":"max-image-preview:large","max-video-preview":"max-video-preview:-1"},"canonical":"https:\/\/www.podologiaperu.com\/news\/los-10-problemas-mas-frecuentes\/","og_locale":"es_ES","og_type":"article","og_title":"Los 10 Problemas m\u00e1s frecuentes - CENTRO DE ATENCI&Oacute;N AL PIE","og_description":"Problema \u00bfQu\u00e9 es? \u00bfQu\u00e9 se puede hacer? Dedos en martillo Retracci\u00f3n de uno o m\u00e1s dedos que provocan roces y callosidades. Se suelen acompa\u00f1ar de [...]","og_url":"https:\/\/www.podologiaperu.com\/news\/los-10-problemas-mas-frecuentes\/","og_site_name":"CENTRO DE ATENCI&Oacute;N AL PIE","twitter_card":"summary_large_image","twitter_misc":{"Tiempo de lectura":"2 minutos"},"schema":{"@context":"https:\/\/schema.org","@graph":[{"@type":"WebPage","@id":"https:\/\/www.podologiaperu.com\/news\/los-10-problemas-mas-frecuentes\/","url":"https:\/\/www.podologiaperu.com\/news\/los-10-problemas-mas-frecuentes\/","name":"Los 10 Problemas m\u00e1s frecuentes - CENTRO DE ATENCI&Oacute;N AL PIE","isPartOf":{"@id":"https:\/\/www.podologiaperu.com\/news\/#website"},"datePublished":"2007-10-28T21:24:03+00:00","breadcrumb":{"@id":"https:\/\/www.podologiaperu.com\/news\/los-10-problemas-mas-frecuentes\/#breadcrumb"},"inLanguage":"es","potentialAction":[{"@type":"ReadAction","target":["https:\/\/www.podologiaperu.com\/news\/los-10-problemas-mas-frecuentes\/"]}]},{"@type":"BreadcrumbList","@id":"https:\/\/www.podologiaperu.com\/news\/los-10-problemas-mas-frecuentes\/#breadcrumb","itemListElement":[{"@type":"ListItem","position":1,"name":"Portada","item":"https:\/\/www.podologiaperu.com\/news\/"},{"@type":"ListItem","position":2,"name":"Los 10 Problemas m\u00e1s frecuentes"}]},{"@type":"WebSite","@id":"https:\/\/www.podologiaperu.com\/news\/#website","url":"https:\/\/www.podologiaperu.com\/news\/","name":"CENTRO DE ATENCI&Oacute;N AL PIE","description":"PODOLOG&Iacute;A BERTHA BURGOS    952-374310 \/  01 462-2299","publisher":{"@id":"https:\/\/www.podologiaperu.com\/news\/#organization"},"potentialAction":[{"@type":"SearchAction","target":{"@type":"EntryPoint","urlTemplate":"https:\/\/www.podologiaperu.com\/news\/?s={search_term_string}"},"query-input":{"@type":"PropertyValueSpecification","valueRequired":true,"valueName":"search_term_string"}}],"inLanguage":"es"},{"@type":"Organization","@id":"https:\/\/www.podologiaperu.com\/news\/#organization","name":"CENTRO DE ATENCI&Oacute;N AL PIE","url":"https:\/\/www.podologiaperu.com\/news\/","logo":{"@type":"ImageObject","inLanguage":"es","@id":"https:\/\/www.podologiaperu.com\/news\/#\/schema\/logo\/image\/","url":"https:\/\/www.podologiaperu.com\/news\/wp-content\/uploads\/2019\/10\/cropped-logo.png","contentUrl":"https:\/\/www.podologiaperu.com\/news\/wp-content\/uploads\/2019\/10\/cropped-logo.png","width":147,"height":90,"caption":"CENTRO DE ATENCI&Oacute;N AL PIE "},"image":{"@id":"https:\/\/www.podologiaperu.com\/news\/#\/schema\/logo\/image\/"}}]}},"_links":{"self":[{"href":"https:\/\/www.podologiaperu.com\/news\/wp-json\/wp\/v2\/pages\/9","targetHints":{"allow":["GET"]}}],"collection":[{"href":"https:\/\/www.podologiaperu.com\/news\/wp-json\/wp\/v2\/pages"}],"about":[{"href":"https:\/\/www.podologiaperu.com\/news\/wp-json\/wp\/v2\/types\/page"}],"author":[{"embeddable":true,"href":"https:\/\/www.podologiaperu.com\/news\/wp-json\/wp\/v2\/users\/1"}],"replies":[{"embeddable":true,"href":"https:\/\/www.podologiaperu.com\/news\/wp-json\/wp\/v2\/comments?post=9"}],"version-history":[{"count":0,"href":"https:\/\/www.podologiaperu.com\/news\/wp-json\/wp\/v2\/pages\/9\/revisions"}],"wp:attachment":[{"href":"https:\/\/www.podologiaperu.com\/news\/wp-json\/wp\/v2\/media?parent=9"}],"curies":[{"name":"wp","href":"https:\/\/api.w.org\/{rel}","templated":true}]}}