{"id":82,"date":"2008-10-06T18:19:47","date_gmt":"2008-10-06T18:19:47","guid":{"rendered":"http:\/\/podologiaperu.info\/news\/?page_id=82"},"modified":"2008-10-06T18:19:47","modified_gmt":"2008-10-06T18:19:47","slug":"como-cortar-las-unas-de-mi-bebe","status":"publish","type":"page","link":"https:\/\/www.podologiaperu.com\/news\/como-cortar-las-unas-de-mi-bebe\/","title":{"rendered":"\u00bf Como cortar las u\u00f1as de mi bebe ?"},"content":{"rendered":"<p><span style=\"color: #666699;\"><a href=\"https:\/\/www.podologiaperu.com\/news\/wp-content\/uploads\/2008\/10\/manoypie.jpg\"><img loading=\"lazy\" decoding=\"async\" class=\"alignright size-medium wp-image-84\" style=\"float: right; margin-left: 12px; margin-right: 12px;\" title=\"manoypie\" src=\"https:\/\/www.podologiaperu.com\/news\/wp-content\/uploads\/2008\/10\/manoypie-300x300.jpg\" alt=\"\" width=\"256\" height=\"250\" \/><\/a><\/span><span style=\"color: #666699;\">El cuidado, el cortarlas y mantenerlas limpias, es <span style=\"color: #000000;\"><span style=\"color: #666699;\">una\u00a0\u00a0norma <\/span><span style=\"color: #666699;\">de higiene general, y a la vez previene que el<span style=\"color: #000000;\"><span style=\"color: #666699;\"> beb\u00e9 se <\/span><span style=\"color: #666699;\">ara\u00f1e.<\/span><\/span><\/span><\/span><\/span><\/p>\n<p><span style=\"color: #666699;\">A\u00a0los bebes les crecen las u\u00f1as rapidamente por lo que\u00a0\u00a0debes cortar las u\u00f1as de sus manos todas las semanas.<\/span><\/p>\n<p><span style=\"color: #666699;\">Las u\u00f1as de los pies demoran en crecer un poco m\u00e1s y\u00a0\u00a0puedes cortarlas una vez al mes.<\/span><\/p>\n<p><span style=\"color: #ff6600;\"> <strong> \u00bf Que materiales debo usar ?<\/strong><\/span><\/p>\n<p>&nbsp;<\/p>\n<p><span style=\"color: #666699;\">Utiliza tijeras de punta redondeada o cortau\u00f1as especiales para beb\u00e9s. Nunca uses tijeras o cortau\u00f1as para adultos pues podr\u00edas cortar parte del dedo del bebe o lastimarlo.<\/span><\/p>\n<p><span style=\"color: #666699;\">Antes de empezar, <span style=\"background-color: #ffffff;\">lavate bien las manos.<\/span><\/span><\/p>\n<p><span style=\"color: #666699;\"> Sigue la linea natural de las u\u00f1as y no cortes demasiado cerca de la carne. Las u\u00f1as de las manos\u00a0puedes cortarlas rectas y luego redondea los extremos para que no queden picos y el bebe pueda\u00a0lastimarse.<\/span><\/p>\n<p><span style=\"color: #666699;\">Es preferible cortarles las u\u00f1as cuando este dormido, algunos bebes se ponen nerviosos e inquietos al\u00a0momento del corte.<\/span><\/p>\n<div><span style=\"color: #666699;\"><span style=\"color: #666699;\"><a href=\"https:\/\/www.podologiaperu.com\/news\/wp-content\/uploads\/2008\/10\/cortaunas.jpg\"><img loading=\"lazy\" decoding=\"async\" class=\"size-medium wp-image-83 alignright\" title=\"cortaunas\" src=\"https:\/\/www.podologiaperu.com\/news\/wp-content\/uploads\/2008\/10\/cortaunas.jpg\" alt=\"\" width=\"100\" height=\"89\" \/><\/a><\/span><\/span><\/div>\n<div>\u00a0<a href=\"https:\/\/www.facebook.com\/Centro-de-atenci%C3%B3n-al-Pie-Podologia-Bertha-Burgos-Per%C3%BA-358390817971\/?fref=ts\">SIGUENOS <\/a><a href=\"https:\/\/www.podologiaperu.com\/news\/wp-content\/uploads\/2013\/03\/facebook.jpg\"><img loading=\"lazy\" decoding=\"async\" class=\" wp-image-371 alignleft\" src=\"https:\/\/www.podologiaperu.com\/news\/wp-content\/uploads\/2013\/03\/facebook.jpg\" alt=\"facebook\" width=\"42\" height=\"42\" srcset=\"https:\/\/www.podologiaperu.com\/news\/wp-content\/uploads\/2013\/03\/facebook.jpg 225w, https:\/\/www.podologiaperu.com\/news\/wp-content\/uploads\/2013\/03\/facebook-150x150.jpg 150w\" sizes=\"auto, (max-width: 42px) 100vw, 42px\" \/><\/a><a href=\"https:\/\/www.facebook.com\/Centro-de-atenci%C3%B3n-al-Pie-Podologia-Bertha-Burgos-Per%C3%BA-358390817971\/?fref=ts\">EN FACEBOOK<\/a><\/div>\n<p>&nbsp;<\/p>\n<div><\/div>\n<p>&nbsp;<\/p>\n","protected":false},"excerpt":{"rendered":"<div class=\"mh-excerpt\"><p>El cuidado, el cortarlas y mantenerlas limpias, es una\u00a0\u00a0norma de higiene general, y a la vez previene que el beb\u00e9 se ara\u00f1e. A\u00a0los bebes les <a class=\"mh-excerpt-more\" href=\"https:\/\/www.podologiaperu.com\/news\/como-cortar-las-unas-de-mi-bebe\/\" title=\"\u00bf Como cortar las u\u00f1as de mi bebe ?\">[&#8230;]<\/a><\/p>\n<\/div>","protected":false},"author":1,"featured_media":0,"parent":0,"menu_order":0,"comment_status":"closed","ping_status":"open","template":"","meta":{"sfsi_plus_gutenberg_text_before_share":"","sfsi_plus_gutenberg_show_text_before_share":"","sfsi_plus_gutenberg_icon_type":"","sfsi_plus_gutenberg_icon_alignemt":"","sfsi_plus_gutenburg_max_per_row":"","footnotes":""},"class_list":["post-82","page","type-page","status-publish","hentry"],"yoast_head":"<!-- This site is optimized with the Yoast SEO plugin v27.3 - https:\/\/yoast.com\/product\/yoast-seo-wordpress\/ -->\n<title>\u00bf Como cortar las u\u00f1as de mi bebe ? - CENTRO DE ATENCI&Oacute;N AL PIE<\/title>\n<meta name=\"robots\" content=\"index, follow, max-snippet:-1, max-image-preview:large, max-video-preview:-1\" \/>\n<link rel=\"canonical\" href=\"https:\/\/www.podologiaperu.com\/news\/como-cortar-las-unas-de-mi-bebe\/\" \/>\n<meta property=\"og:locale\" content=\"es_ES\" \/>\n<meta property=\"og:type\" content=\"article\" \/>\n<meta property=\"og:title\" content=\"\u00bf Como cortar las u\u00f1as de mi bebe ? - CENTRO DE ATENCI&Oacute;N AL PIE\" \/>\n<meta property=\"og:description\" content=\"El cuidado, el cortarlas y mantenerlas limpias, es una\u00a0\u00a0norma de higiene general, y a la vez previene que el beb\u00e9 se ara\u00f1e. A\u00a0los bebes les [...]\" \/>\n<meta property=\"og:url\" content=\"https:\/\/www.podologiaperu.com\/news\/como-cortar-las-unas-de-mi-bebe\/\" \/>\n<meta property=\"og:site_name\" content=\"CENTRO DE ATENCI&Oacute;N AL PIE\" \/>\n<meta property=\"og:image\" content=\"http:\/\/www.podologiaperu.com\/news\/wp-content\/uploads\/2008\/10\/manoypie-300x300.jpg\" \/>\n<meta name=\"twitter:card\" content=\"summary_large_image\" \/>\n<meta name=\"twitter:label1\" content=\"Tiempo de lectura\" \/>\n\t<meta name=\"twitter:data1\" content=\"1 minuto\" \/>\n<script type=\"application\/ld+json\" class=\"yoast-schema-graph\">{\"@context\":\"https:\\\/\\\/schema.org\",\"@graph\":[{\"@type\":\"WebPage\",\"@id\":\"https:\\\/\\\/www.podologiaperu.com\\\/news\\\/como-cortar-las-unas-de-mi-bebe\\\/\",\"url\":\"https:\\\/\\\/www.podologiaperu.com\\\/news\\\/como-cortar-las-unas-de-mi-bebe\\\/\",\"name\":\"\u00bf Como cortar las u\u00f1as de mi bebe ? - CENTRO DE ATENCI&Oacute;N AL PIE\",\"isPartOf\":{\"@id\":\"https:\\\/\\\/www.podologiaperu.com\\\/news\\\/#website\"},\"primaryImageOfPage\":{\"@id\":\"https:\\\/\\\/www.podologiaperu.com\\\/news\\\/como-cortar-las-unas-de-mi-bebe\\\/#primaryimage\"},\"image\":{\"@id\":\"https:\\\/\\\/www.podologiaperu.com\\\/news\\\/como-cortar-las-unas-de-mi-bebe\\\/#primaryimage\"},\"thumbnailUrl\":\"http:\\\/\\\/www.podologiaperu.com\\\/news\\\/wp-content\\\/uploads\\\/2008\\\/10\\\/manoypie-300x300.jpg\",\"datePublished\":\"2008-10-06T18:19:47+00:00\",\"breadcrumb\":{\"@id\":\"https:\\\/\\\/www.podologiaperu.com\\\/news\\\/como-cortar-las-unas-de-mi-bebe\\\/#breadcrumb\"},\"inLanguage\":\"es\",\"potentialAction\":[{\"@type\":\"ReadAction\",\"target\":[\"https:\\\/\\\/www.podologiaperu.com\\\/news\\\/como-cortar-las-unas-de-mi-bebe\\\/\"]}]},{\"@type\":\"ImageObject\",\"inLanguage\":\"es\",\"@id\":\"https:\\\/\\\/www.podologiaperu.com\\\/news\\\/como-cortar-las-unas-de-mi-bebe\\\/#primaryimage\",\"url\":\"https:\\\/\\\/www.podologiaperu.com\\\/news\\\/wp-content\\\/uploads\\\/2008\\\/10\\\/manoypie.jpg\",\"contentUrl\":\"https:\\\/\\\/www.podologiaperu.com\\\/news\\\/wp-content\\\/uploads\\\/2008\\\/10\\\/manoypie.jpg\",\"width\":400,\"height\":400},{\"@type\":\"BreadcrumbList\",\"@id\":\"https:\\\/\\\/www.podologiaperu.com\\\/news\\\/como-cortar-las-unas-de-mi-bebe\\\/#breadcrumb\",\"itemListElement\":[{\"@type\":\"ListItem\",\"position\":1,\"name\":\"Portada\",\"item\":\"https:\\\/\\\/www.podologiaperu.com\\\/news\\\/\"},{\"@type\":\"ListItem\",\"position\":2,\"name\":\"\u00bf Como cortar las u\u00f1as de mi bebe ?\"}]},{\"@type\":\"WebSite\",\"@id\":\"https:\\\/\\\/www.podologiaperu.com\\\/news\\\/#website\",\"url\":\"https:\\\/\\\/www.podologiaperu.com\\\/news\\\/\",\"name\":\"CENTRO DE ATENCI&Oacute;N AL PIE\",\"description\":\"PODOLOG&Iacute;A BERTHA BURGOS    952-374310 \\\/  01 462-2299\",\"publisher\":{\"@id\":\"https:\\\/\\\/www.podologiaperu.com\\\/news\\\/#organization\"},\"potentialAction\":[{\"@type\":\"SearchAction\",\"target\":{\"@type\":\"EntryPoint\",\"urlTemplate\":\"https:\\\/\\\/www.podologiaperu.com\\\/news\\\/?s={search_term_string}\"},\"query-input\":{\"@type\":\"PropertyValueSpecification\",\"valueRequired\":true,\"valueName\":\"search_term_string\"}}],\"inLanguage\":\"es\"},{\"@type\":\"Organization\",\"@id\":\"https:\\\/\\\/www.podologiaperu.com\\\/news\\\/#organization\",\"name\":\"CENTRO DE ATENCI&Oacute;N AL PIE\",\"url\":\"https:\\\/\\\/www.podologiaperu.com\\\/news\\\/\",\"logo\":{\"@type\":\"ImageObject\",\"inLanguage\":\"es\",\"@id\":\"https:\\\/\\\/www.podologiaperu.com\\\/news\\\/#\\\/schema\\\/logo\\\/image\\\/\",\"url\":\"https:\\\/\\\/www.podologiaperu.com\\\/news\\\/wp-content\\\/uploads\\\/2019\\\/10\\\/cropped-logo.png\",\"contentUrl\":\"https:\\\/\\\/www.podologiaperu.com\\\/news\\\/wp-content\\\/uploads\\\/2019\\\/10\\\/cropped-logo.png\",\"width\":147,\"height\":90,\"caption\":\"CENTRO DE ATENCI&Oacute;N AL PIE \"},\"image\":{\"@id\":\"https:\\\/\\\/www.podologiaperu.com\\\/news\\\/#\\\/schema\\\/logo\\\/image\\\/\"}}]}<\/script>\n<!-- \/ Yoast SEO plugin. -->","yoast_head_json":{"title":"\u00bf Como cortar las u\u00f1as de mi bebe ? - CENTRO DE ATENCI&Oacute;N AL PIE","robots":{"index":"index","follow":"follow","max-snippet":"max-snippet:-1","max-image-preview":"max-image-preview:large","max-video-preview":"max-video-preview:-1"},"canonical":"https:\/\/www.podologiaperu.com\/news\/como-cortar-las-unas-de-mi-bebe\/","og_locale":"es_ES","og_type":"article","og_title":"\u00bf Como cortar las u\u00f1as de mi bebe ? - CENTRO DE ATENCI&Oacute;N AL PIE","og_description":"El cuidado, el cortarlas y mantenerlas limpias, es una\u00a0\u00a0norma de higiene general, y a la vez previene que el beb\u00e9 se ara\u00f1e. A\u00a0los bebes les [...]","og_url":"https:\/\/www.podologiaperu.com\/news\/como-cortar-las-unas-de-mi-bebe\/","og_site_name":"CENTRO DE ATENCI&Oacute;N AL PIE","og_image":[{"url":"http:\/\/www.podologiaperu.com\/news\/wp-content\/uploads\/2008\/10\/manoypie-300x300.jpg","type":"","width":"","height":""}],"twitter_card":"summary_large_image","twitter_misc":{"Tiempo de lectura":"1 minuto"},"schema":{"@context":"https:\/\/schema.org","@graph":[{"@type":"WebPage","@id":"https:\/\/www.podologiaperu.com\/news\/como-cortar-las-unas-de-mi-bebe\/","url":"https:\/\/www.podologiaperu.com\/news\/como-cortar-las-unas-de-mi-bebe\/","name":"\u00bf Como cortar las u\u00f1as de mi bebe ? - CENTRO DE ATENCI&Oacute;N AL PIE","isPartOf":{"@id":"https:\/\/www.podologiaperu.com\/news\/#website"},"primaryImageOfPage":{"@id":"https:\/\/www.podologiaperu.com\/news\/como-cortar-las-unas-de-mi-bebe\/#primaryimage"},"image":{"@id":"https:\/\/www.podologiaperu.com\/news\/como-cortar-las-unas-de-mi-bebe\/#primaryimage"},"thumbnailUrl":"http:\/\/www.podologiaperu.com\/news\/wp-content\/uploads\/2008\/10\/manoypie-300x300.jpg","datePublished":"2008-10-06T18:19:47+00:00","breadcrumb":{"@id":"https:\/\/www.podologiaperu.com\/news\/como-cortar-las-unas-de-mi-bebe\/#breadcrumb"},"inLanguage":"es","potentialAction":[{"@type":"ReadAction","target":["https:\/\/www.podologiaperu.com\/news\/como-cortar-las-unas-de-mi-bebe\/"]}]},{"@type":"ImageObject","inLanguage":"es","@id":"https:\/\/www.podologiaperu.com\/news\/como-cortar-las-unas-de-mi-bebe\/#primaryimage","url":"https:\/\/www.podologiaperu.com\/news\/wp-content\/uploads\/2008\/10\/manoypie.jpg","contentUrl":"https:\/\/www.podologiaperu.com\/news\/wp-content\/uploads\/2008\/10\/manoypie.jpg","width":400,"height":400},{"@type":"BreadcrumbList","@id":"https:\/\/www.podologiaperu.com\/news\/como-cortar-las-unas-de-mi-bebe\/#breadcrumb","itemListElement":[{"@type":"ListItem","position":1,"name":"Portada","item":"https:\/\/www.podologiaperu.com\/news\/"},{"@type":"ListItem","position":2,"name":"\u00bf Como cortar las u\u00f1as de mi bebe ?"}]},{"@type":"WebSite","@id":"https:\/\/www.podologiaperu.com\/news\/#website","url":"https:\/\/www.podologiaperu.com\/news\/","name":"CENTRO DE ATENCI&Oacute;N AL PIE","description":"PODOLOG&Iacute;A BERTHA BURGOS    952-374310 \/  01 462-2299","publisher":{"@id":"https:\/\/www.podologiaperu.com\/news\/#organization"},"potentialAction":[{"@type":"SearchAction","target":{"@type":"EntryPoint","urlTemplate":"https:\/\/www.podologiaperu.com\/news\/?s={search_term_string}"},"query-input":{"@type":"PropertyValueSpecification","valueRequired":true,"valueName":"search_term_string"}}],"inLanguage":"es"},{"@type":"Organization","@id":"https:\/\/www.podologiaperu.com\/news\/#organization","name":"CENTRO DE ATENCI&Oacute;N AL PIE","url":"https:\/\/www.podologiaperu.com\/news\/","logo":{"@type":"ImageObject","inLanguage":"es","@id":"https:\/\/www.podologiaperu.com\/news\/#\/schema\/logo\/image\/","url":"https:\/\/www.podologiaperu.com\/news\/wp-content\/uploads\/2019\/10\/cropped-logo.png","contentUrl":"https:\/\/www.podologiaperu.com\/news\/wp-content\/uploads\/2019\/10\/cropped-logo.png","width":147,"height":90,"caption":"CENTRO DE ATENCI&Oacute;N AL PIE "},"image":{"@id":"https:\/\/www.podologiaperu.com\/news\/#\/schema\/logo\/image\/"}}]}},"_links":{"self":[{"href":"https:\/\/www.podologiaperu.com\/news\/wp-json\/wp\/v2\/pages\/82","targetHints":{"allow":["GET"]}}],"collection":[{"href":"https:\/\/www.podologiaperu.com\/news\/wp-json\/wp\/v2\/pages"}],"about":[{"href":"https:\/\/www.podologiaperu.com\/news\/wp-json\/wp\/v2\/types\/page"}],"author":[{"embeddable":true,"href":"https:\/\/www.podologiaperu.com\/news\/wp-json\/wp\/v2\/users\/1"}],"replies":[{"embeddable":true,"href":"https:\/\/www.podologiaperu.com\/news\/wp-json\/wp\/v2\/comments?post=82"}],"version-history":[{"count":0,"href":"https:\/\/www.podologiaperu.com\/news\/wp-json\/wp\/v2\/pages\/82\/revisions"}],"wp:attachment":[{"href":"https:\/\/www.podologiaperu.com\/news\/wp-json\/wp\/v2\/media?parent=82"}],"curies":[{"name":"wp","href":"https:\/\/api.w.org\/{rel}","templated":true}]}}