{"id":543,"date":"2016-08-10T16:33:09","date_gmt":"2016-08-10T21:33:09","guid":{"rendered":"http:\/\/podologiaperu.info\/news\/?page_id=543"},"modified":"2016-08-10T16:33:09","modified_gmt":"2016-08-10T21:33:09","slug":"pie-de-atleta","status":"publish","type":"page","link":"https:\/\/www.podologiaperu.com\/news\/pie-de-atleta\/","title":{"rendered":"Pie de Atleta"},"content":{"rendered":"<p><span style=\"color: #000000;\"><a href=\"https:\/\/www.podologiaperu.com\/news\/wp-content\/uploads\/2011\/01\/pies.jpg\"><span style=\"color: #ffcc00;\">Picaz\u00f3n<\/span>? <span style=\"color: #008000;\">Piel agrietada<\/span>? <span style=\"color: #ff6600;\">Mal olor en los pies<\/span>? &#8230;. <span style=\"color: #000000;\">Tranquilo!<\/span><\/a>. <\/span><\/p>\n<p><span style=\"color: #000000;\">Esto tiene soluci\u00f3n, te brindamos una terap\u00eda antimicotica efectiva a corto plazo, adem\u00e1s de orientarte para que no vuelvas a pasar por eso.<\/span><\/p>\n<h4><a href=\"https:\/\/www.podologiaperu.com\/news\/wp-content\/uploads\/2016\/08\/atleta.jpg\"><img loading=\"lazy\" decoding=\"async\" class=\"aligncenter wp-image-653\" src=\"https:\/\/www.podologiaperu.com\/news\/wp-content\/uploads\/2016\/08\/atleta.jpg\" alt=\"atleta\" width=\"358\" height=\"268\" \/><\/a><\/h4>\n","protected":false},"excerpt":{"rendered":"<div class=\"mh-excerpt\"><p>Picaz\u00f3n? Piel agrietada? Mal olor en los pies? &#8230;. Tranquilo!. Esto tiene soluci\u00f3n, te brindamos una terap\u00eda antimicotica efectiva a corto plazo, adem\u00e1s de orientarte <a class=\"mh-excerpt-more\" href=\"https:\/\/www.podologiaperu.com\/news\/pie-de-atleta\/\" title=\"Pie de Atleta\">[&#8230;]<\/a><\/p>\n<\/div>","protected":false},"author":1,"featured_media":0,"parent":0,"menu_order":0,"comment_status":"open","ping_status":"closed","template":"template-full.php","meta":{"sfsi_plus_gutenberg_text_before_share":"","sfsi_plus_gutenberg_show_text_before_share":"","sfsi_plus_gutenberg_icon_type":"","sfsi_plus_gutenberg_icon_alignemt":"","sfsi_plus_gutenburg_max_per_row":"","footnotes":""},"class_list":["post-543","page","type-page","status-publish","hentry"],"yoast_head":"<!-- This site is optimized with the Yoast SEO plugin v27.3 - https:\/\/yoast.com\/product\/yoast-seo-wordpress\/ -->\n<title>Pie de Atleta - CENTRO DE ATENCI&Oacute;N AL PIE<\/title>\n<meta name=\"robots\" content=\"index, follow, max-snippet:-1, max-image-preview:large, max-video-preview:-1\" \/>\n<link rel=\"canonical\" href=\"https:\/\/www.podologiaperu.com\/news\/pie-de-atleta\/\" \/>\n<meta property=\"og:locale\" content=\"es_ES\" \/>\n<meta property=\"og:type\" content=\"article\" \/>\n<meta property=\"og:title\" content=\"Pie de Atleta - CENTRO DE ATENCI&Oacute;N AL PIE\" \/>\n<meta property=\"og:description\" content=\"Picaz\u00f3n? Piel agrietada? Mal olor en los pies? &#8230;. Tranquilo!. Esto tiene soluci\u00f3n, te brindamos una terap\u00eda antimicotica efectiva a corto plazo, adem\u00e1s de orientarte [...]\" \/>\n<meta property=\"og:url\" content=\"https:\/\/www.podologiaperu.com\/news\/pie-de-atleta\/\" \/>\n<meta property=\"og:site_name\" content=\"CENTRO DE ATENCI&Oacute;N AL PIE\" \/>\n<meta property=\"og:image\" content=\"http:\/\/www.podologiaperu.com\/news\/wp-content\/uploads\/2016\/08\/atleta.jpg\" \/>\n<meta name=\"twitter:card\" content=\"summary_large_image\" \/>\n<script type=\"application\/ld+json\" class=\"yoast-schema-graph\">{\"@context\":\"https:\\\/\\\/schema.org\",\"@graph\":[{\"@type\":\"WebPage\",\"@id\":\"https:\\\/\\\/www.podologiaperu.com\\\/news\\\/pie-de-atleta\\\/\",\"url\":\"https:\\\/\\\/www.podologiaperu.com\\\/news\\\/pie-de-atleta\\\/\",\"name\":\"Pie de Atleta - CENTRO DE ATENCI&Oacute;N AL PIE\",\"isPartOf\":{\"@id\":\"https:\\\/\\\/www.podologiaperu.com\\\/news\\\/#website\"},\"primaryImageOfPage\":{\"@id\":\"https:\\\/\\\/www.podologiaperu.com\\\/news\\\/pie-de-atleta\\\/#primaryimage\"},\"image\":{\"@id\":\"https:\\\/\\\/www.podologiaperu.com\\\/news\\\/pie-de-atleta\\\/#primaryimage\"},\"thumbnailUrl\":\"http:\\\/\\\/www.podologiaperu.com\\\/news\\\/wp-content\\\/uploads\\\/2016\\\/08\\\/atleta.jpg\",\"datePublished\":\"2016-08-10T21:33:09+00:00\",\"breadcrumb\":{\"@id\":\"https:\\\/\\\/www.podologiaperu.com\\\/news\\\/pie-de-atleta\\\/#breadcrumb\"},\"inLanguage\":\"es\",\"potentialAction\":[{\"@type\":\"ReadAction\",\"target\":[\"https:\\\/\\\/www.podologiaperu.com\\\/news\\\/pie-de-atleta\\\/\"]}]},{\"@type\":\"ImageObject\",\"inLanguage\":\"es\",\"@id\":\"https:\\\/\\\/www.podologiaperu.com\\\/news\\\/pie-de-atleta\\\/#primaryimage\",\"url\":\"https:\\\/\\\/www.podologiaperu.com\\\/news\\\/wp-content\\\/uploads\\\/2016\\\/08\\\/atleta.jpg\",\"contentUrl\":\"https:\\\/\\\/www.podologiaperu.com\\\/news\\\/wp-content\\\/uploads\\\/2016\\\/08\\\/atleta.jpg\",\"width\":259,\"height\":194},{\"@type\":\"BreadcrumbList\",\"@id\":\"https:\\\/\\\/www.podologiaperu.com\\\/news\\\/pie-de-atleta\\\/#breadcrumb\",\"itemListElement\":[{\"@type\":\"ListItem\",\"position\":1,\"name\":\"Portada\",\"item\":\"https:\\\/\\\/www.podologiaperu.com\\\/news\\\/\"},{\"@type\":\"ListItem\",\"position\":2,\"name\":\"Pie de Atleta\"}]},{\"@type\":\"WebSite\",\"@id\":\"https:\\\/\\\/www.podologiaperu.com\\\/news\\\/#website\",\"url\":\"https:\\\/\\\/www.podologiaperu.com\\\/news\\\/\",\"name\":\"CENTRO DE ATENCI&Oacute;N AL PIE\",\"description\":\"PODOLOG&Iacute;A BERTHA BURGOS    952-374310 \\\/  01 462-2299\",\"publisher\":{\"@id\":\"https:\\\/\\\/www.podologiaperu.com\\\/news\\\/#organization\"},\"potentialAction\":[{\"@type\":\"SearchAction\",\"target\":{\"@type\":\"EntryPoint\",\"urlTemplate\":\"https:\\\/\\\/www.podologiaperu.com\\\/news\\\/?s={search_term_string}\"},\"query-input\":{\"@type\":\"PropertyValueSpecification\",\"valueRequired\":true,\"valueName\":\"search_term_string\"}}],\"inLanguage\":\"es\"},{\"@type\":\"Organization\",\"@id\":\"https:\\\/\\\/www.podologiaperu.com\\\/news\\\/#organization\",\"name\":\"CENTRO DE ATENCI&Oacute;N AL PIE\",\"url\":\"https:\\\/\\\/www.podologiaperu.com\\\/news\\\/\",\"logo\":{\"@type\":\"ImageObject\",\"inLanguage\":\"es\",\"@id\":\"https:\\\/\\\/www.podologiaperu.com\\\/news\\\/#\\\/schema\\\/logo\\\/image\\\/\",\"url\":\"https:\\\/\\\/www.podologiaperu.com\\\/news\\\/wp-content\\\/uploads\\\/2019\\\/10\\\/cropped-logo.png\",\"contentUrl\":\"https:\\\/\\\/www.podologiaperu.com\\\/news\\\/wp-content\\\/uploads\\\/2019\\\/10\\\/cropped-logo.png\",\"width\":147,\"height\":90,\"caption\":\"CENTRO DE ATENCI&Oacute;N AL PIE \"},\"image\":{\"@id\":\"https:\\\/\\\/www.podologiaperu.com\\\/news\\\/#\\\/schema\\\/logo\\\/image\\\/\"}}]}<\/script>\n<!-- \/ Yoast SEO plugin. -->","yoast_head_json":{"title":"Pie de Atleta - CENTRO DE ATENCI&Oacute;N AL PIE","robots":{"index":"index","follow":"follow","max-snippet":"max-snippet:-1","max-image-preview":"max-image-preview:large","max-video-preview":"max-video-preview:-1"},"canonical":"https:\/\/www.podologiaperu.com\/news\/pie-de-atleta\/","og_locale":"es_ES","og_type":"article","og_title":"Pie de Atleta - CENTRO DE ATENCI&Oacute;N AL PIE","og_description":"Picaz\u00f3n? Piel agrietada? Mal olor en los pies? &#8230;. Tranquilo!. Esto tiene soluci\u00f3n, te brindamos una terap\u00eda antimicotica efectiva a corto plazo, adem\u00e1s de orientarte [...]","og_url":"https:\/\/www.podologiaperu.com\/news\/pie-de-atleta\/","og_site_name":"CENTRO DE ATENCI&Oacute;N AL PIE","og_image":[{"url":"http:\/\/www.podologiaperu.com\/news\/wp-content\/uploads\/2016\/08\/atleta.jpg","type":"","width":"","height":""}],"twitter_card":"summary_large_image","schema":{"@context":"https:\/\/schema.org","@graph":[{"@type":"WebPage","@id":"https:\/\/www.podologiaperu.com\/news\/pie-de-atleta\/","url":"https:\/\/www.podologiaperu.com\/news\/pie-de-atleta\/","name":"Pie de Atleta - CENTRO DE ATENCI&Oacute;N AL PIE","isPartOf":{"@id":"https:\/\/www.podologiaperu.com\/news\/#website"},"primaryImageOfPage":{"@id":"https:\/\/www.podologiaperu.com\/news\/pie-de-atleta\/#primaryimage"},"image":{"@id":"https:\/\/www.podologiaperu.com\/news\/pie-de-atleta\/#primaryimage"},"thumbnailUrl":"http:\/\/www.podologiaperu.com\/news\/wp-content\/uploads\/2016\/08\/atleta.jpg","datePublished":"2016-08-10T21:33:09+00:00","breadcrumb":{"@id":"https:\/\/www.podologiaperu.com\/news\/pie-de-atleta\/#breadcrumb"},"inLanguage":"es","potentialAction":[{"@type":"ReadAction","target":["https:\/\/www.podologiaperu.com\/news\/pie-de-atleta\/"]}]},{"@type":"ImageObject","inLanguage":"es","@id":"https:\/\/www.podologiaperu.com\/news\/pie-de-atleta\/#primaryimage","url":"https:\/\/www.podologiaperu.com\/news\/wp-content\/uploads\/2016\/08\/atleta.jpg","contentUrl":"https:\/\/www.podologiaperu.com\/news\/wp-content\/uploads\/2016\/08\/atleta.jpg","width":259,"height":194},{"@type":"BreadcrumbList","@id":"https:\/\/www.podologiaperu.com\/news\/pie-de-atleta\/#breadcrumb","itemListElement":[{"@type":"ListItem","position":1,"name":"Portada","item":"https:\/\/www.podologiaperu.com\/news\/"},{"@type":"ListItem","position":2,"name":"Pie de Atleta"}]},{"@type":"WebSite","@id":"https:\/\/www.podologiaperu.com\/news\/#website","url":"https:\/\/www.podologiaperu.com\/news\/","name":"CENTRO DE ATENCI&Oacute;N AL PIE","description":"PODOLOG&Iacute;A BERTHA BURGOS    952-374310 \/  01 462-2299","publisher":{"@id":"https:\/\/www.podologiaperu.com\/news\/#organization"},"potentialAction":[{"@type":"SearchAction","target":{"@type":"EntryPoint","urlTemplate":"https:\/\/www.podologiaperu.com\/news\/?s={search_term_string}"},"query-input":{"@type":"PropertyValueSpecification","valueRequired":true,"valueName":"search_term_string"}}],"inLanguage":"es"},{"@type":"Organization","@id":"https:\/\/www.podologiaperu.com\/news\/#organization","name":"CENTRO DE ATENCI&Oacute;N AL PIE","url":"https:\/\/www.podologiaperu.com\/news\/","logo":{"@type":"ImageObject","inLanguage":"es","@id":"https:\/\/www.podologiaperu.com\/news\/#\/schema\/logo\/image\/","url":"https:\/\/www.podologiaperu.com\/news\/wp-content\/uploads\/2019\/10\/cropped-logo.png","contentUrl":"https:\/\/www.podologiaperu.com\/news\/wp-content\/uploads\/2019\/10\/cropped-logo.png","width":147,"height":90,"caption":"CENTRO DE ATENCI&Oacute;N AL PIE "},"image":{"@id":"https:\/\/www.podologiaperu.com\/news\/#\/schema\/logo\/image\/"}}]}},"_links":{"self":[{"href":"https:\/\/www.podologiaperu.com\/news\/wp-json\/wp\/v2\/pages\/543","targetHints":{"allow":["GET"]}}],"collection":[{"href":"https:\/\/www.podologiaperu.com\/news\/wp-json\/wp\/v2\/pages"}],"about":[{"href":"https:\/\/www.podologiaperu.com\/news\/wp-json\/wp\/v2\/types\/page"}],"author":[{"embeddable":true,"href":"https:\/\/www.podologiaperu.com\/news\/wp-json\/wp\/v2\/users\/1"}],"replies":[{"embeddable":true,"href":"https:\/\/www.podologiaperu.com\/news\/wp-json\/wp\/v2\/comments?post=543"}],"version-history":[{"count":0,"href":"https:\/\/www.podologiaperu.com\/news\/wp-json\/wp\/v2\/pages\/543\/revisions"}],"wp:attachment":[{"href":"https:\/\/www.podologiaperu.com\/news\/wp-json\/wp\/v2\/media?parent=543"}],"curies":[{"name":"wp","href":"https:\/\/api.w.org\/{rel}","templated":true}]}}