{"id":540,"date":"2016-08-10T16:32:31","date_gmt":"2016-08-10T21:32:31","guid":{"rendered":"http:\/\/podologiaperu.info\/news\/?page_id=540"},"modified":"2016-08-10T16:32:31","modified_gmt":"2016-08-10T21:32:31","slug":"uneros","status":"publish","type":"page","link":"https:\/\/www.podologiaperu.com\/news\/uneros\/","title":{"rendered":"U\u00f1eros"},"content":{"rendered":"<p><span style=\"color: #00aae1;\">EXTRACCI\u00d3N DE U\u00d1EROS,<\/span>\u00a0<span style=\"color: #ff9900;\">Extracci\u00f3n de onicocriptosis<\/span><span style=\"color: #000000;\"> (u\u00f1as encarnadas) sin dolor. Adem\u00e1s, ofrecemos tratamientos definitivos que corrigen al 100% la u\u00f1a, evitando que este molesto problema se repita.<\/span><\/p>\n<p><a href=\"https:\/\/www.podologiaperu.com\/news\/wp-content\/uploads\/2012\/09\/publicidad-ortonixia-para-el-face.jpg\"><img loading=\"lazy\" decoding=\"async\" class=\"aligncenter wp-image-278\" src=\"https:\/\/www.podologiaperu.com\/news\/wp-content\/uploads\/2012\/09\/publicidad-ortonixia-para-el-face.jpg\" alt=\"NUEVO! TRATAMIENTO PARA U\u00d1EROS CRONICOS\" width=\"429\" height=\"546\" srcset=\"https:\/\/www.podologiaperu.com\/news\/wp-content\/uploads\/2012\/09\/publicidad-ortonixia-para-el-face.jpg 453w, https:\/\/www.podologiaperu.com\/news\/wp-content\/uploads\/2012\/09\/publicidad-ortonixia-para-el-face-236x300.jpg 236w\" sizes=\"auto, (max-width: 429px) 100vw, 429px\" \/><\/a><\/p>\n","protected":false},"excerpt":{"rendered":"<div class=\"mh-excerpt\"><p>EXTRACCI\u00d3N DE U\u00d1EROS,\u00a0Extracci\u00f3n de onicocriptosis (u\u00f1as encarnadas) sin dolor. Adem\u00e1s, ofrecemos tratamientos definitivos que corrigen al 100% la u\u00f1a, evitando que este molesto problema se <a class=\"mh-excerpt-more\" href=\"https:\/\/www.podologiaperu.com\/news\/uneros\/\" title=\"U\u00f1eros\">[&#8230;]<\/a><\/p>\n<\/div>","protected":false},"author":1,"featured_media":0,"parent":0,"menu_order":0,"comment_status":"closed","ping_status":"closed","template":"template-full.php","meta":{"sfsi_plus_gutenberg_text_before_share":"","sfsi_plus_gutenberg_show_text_before_share":"","sfsi_plus_gutenberg_icon_type":"","sfsi_plus_gutenberg_icon_alignemt":"","sfsi_plus_gutenburg_max_per_row":"","footnotes":""},"class_list":["post-540","page","type-page","status-publish","hentry"],"yoast_head":"<!-- This site is optimized with the Yoast SEO plugin v27.3 - https:\/\/yoast.com\/product\/yoast-seo-wordpress\/ -->\n<title>U\u00f1eros - CENTRO DE ATENCI&Oacute;N AL PIE<\/title>\n<meta name=\"robots\" content=\"index, follow, max-snippet:-1, max-image-preview:large, max-video-preview:-1\" \/>\n<link rel=\"canonical\" href=\"https:\/\/www.podologiaperu.com\/news\/uneros\/\" \/>\n<meta property=\"og:locale\" content=\"es_ES\" \/>\n<meta property=\"og:type\" content=\"article\" \/>\n<meta property=\"og:title\" content=\"U\u00f1eros - CENTRO DE ATENCI&Oacute;N AL PIE\" \/>\n<meta property=\"og:description\" content=\"EXTRACCI\u00d3N DE U\u00d1EROS,\u00a0Extracci\u00f3n de onicocriptosis (u\u00f1as encarnadas) sin dolor. Adem\u00e1s, ofrecemos tratamientos definitivos que corrigen al 100% la u\u00f1a, evitando que este molesto problema se [...]\" \/>\n<meta property=\"og:url\" content=\"https:\/\/www.podologiaperu.com\/news\/uneros\/\" \/>\n<meta property=\"og:site_name\" content=\"CENTRO DE ATENCI&Oacute;N AL PIE\" \/>\n<meta property=\"og:image\" content=\"http:\/\/www.podologiaperu.com\/news\/wp-content\/uploads\/2012\/09\/publicidad-ortonixia-para-el-face.jpg\" \/>\n<meta name=\"twitter:card\" content=\"summary_large_image\" \/>\n<script type=\"application\/ld+json\" class=\"yoast-schema-graph\">{\"@context\":\"https:\\\/\\\/schema.org\",\"@graph\":[{\"@type\":\"WebPage\",\"@id\":\"https:\\\/\\\/www.podologiaperu.com\\\/news\\\/uneros\\\/\",\"url\":\"https:\\\/\\\/www.podologiaperu.com\\\/news\\\/uneros\\\/\",\"name\":\"U\u00f1eros - CENTRO DE ATENCI&Oacute;N AL PIE\",\"isPartOf\":{\"@id\":\"https:\\\/\\\/www.podologiaperu.com\\\/news\\\/#website\"},\"primaryImageOfPage\":{\"@id\":\"https:\\\/\\\/www.podologiaperu.com\\\/news\\\/uneros\\\/#primaryimage\"},\"image\":{\"@id\":\"https:\\\/\\\/www.podologiaperu.com\\\/news\\\/uneros\\\/#primaryimage\"},\"thumbnailUrl\":\"http:\\\/\\\/www.podologiaperu.com\\\/news\\\/wp-content\\\/uploads\\\/2012\\\/09\\\/publicidad-ortonixia-para-el-face.jpg\",\"datePublished\":\"2016-08-10T21:32:31+00:00\",\"breadcrumb\":{\"@id\":\"https:\\\/\\\/www.podologiaperu.com\\\/news\\\/uneros\\\/#breadcrumb\"},\"inLanguage\":\"es\",\"potentialAction\":[{\"@type\":\"ReadAction\",\"target\":[\"https:\\\/\\\/www.podologiaperu.com\\\/news\\\/uneros\\\/\"]}]},{\"@type\":\"ImageObject\",\"inLanguage\":\"es\",\"@id\":\"https:\\\/\\\/www.podologiaperu.com\\\/news\\\/uneros\\\/#primaryimage\",\"url\":\"https:\\\/\\\/www.podologiaperu.com\\\/news\\\/wp-content\\\/uploads\\\/2012\\\/09\\\/publicidad-ortonixia-para-el-face.jpg\",\"contentUrl\":\"https:\\\/\\\/www.podologiaperu.com\\\/news\\\/wp-content\\\/uploads\\\/2012\\\/09\\\/publicidad-ortonixia-para-el-face.jpg\",\"width\":453,\"height\":577},{\"@type\":\"BreadcrumbList\",\"@id\":\"https:\\\/\\\/www.podologiaperu.com\\\/news\\\/uneros\\\/#breadcrumb\",\"itemListElement\":[{\"@type\":\"ListItem\",\"position\":1,\"name\":\"Portada\",\"item\":\"https:\\\/\\\/www.podologiaperu.com\\\/news\\\/\"},{\"@type\":\"ListItem\",\"position\":2,\"name\":\"U\u00f1eros\"}]},{\"@type\":\"WebSite\",\"@id\":\"https:\\\/\\\/www.podologiaperu.com\\\/news\\\/#website\",\"url\":\"https:\\\/\\\/www.podologiaperu.com\\\/news\\\/\",\"name\":\"CENTRO DE ATENCI&Oacute;N AL PIE\",\"description\":\"PODOLOG&Iacute;A BERTHA BURGOS    952-374310 \\\/  01 462-2299\",\"publisher\":{\"@id\":\"https:\\\/\\\/www.podologiaperu.com\\\/news\\\/#organization\"},\"potentialAction\":[{\"@type\":\"SearchAction\",\"target\":{\"@type\":\"EntryPoint\",\"urlTemplate\":\"https:\\\/\\\/www.podologiaperu.com\\\/news\\\/?s={search_term_string}\"},\"query-input\":{\"@type\":\"PropertyValueSpecification\",\"valueRequired\":true,\"valueName\":\"search_term_string\"}}],\"inLanguage\":\"es\"},{\"@type\":\"Organization\",\"@id\":\"https:\\\/\\\/www.podologiaperu.com\\\/news\\\/#organization\",\"name\":\"CENTRO DE ATENCI&Oacute;N AL PIE\",\"url\":\"https:\\\/\\\/www.podologiaperu.com\\\/news\\\/\",\"logo\":{\"@type\":\"ImageObject\",\"inLanguage\":\"es\",\"@id\":\"https:\\\/\\\/www.podologiaperu.com\\\/news\\\/#\\\/schema\\\/logo\\\/image\\\/\",\"url\":\"https:\\\/\\\/www.podologiaperu.com\\\/news\\\/wp-content\\\/uploads\\\/2019\\\/10\\\/cropped-logo.png\",\"contentUrl\":\"https:\\\/\\\/www.podologiaperu.com\\\/news\\\/wp-content\\\/uploads\\\/2019\\\/10\\\/cropped-logo.png\",\"width\":147,\"height\":90,\"caption\":\"CENTRO DE ATENCI&Oacute;N AL PIE \"},\"image\":{\"@id\":\"https:\\\/\\\/www.podologiaperu.com\\\/news\\\/#\\\/schema\\\/logo\\\/image\\\/\"}}]}<\/script>\n<!-- \/ Yoast SEO plugin. -->","yoast_head_json":{"title":"U\u00f1eros - CENTRO DE ATENCI&Oacute;N AL PIE","robots":{"index":"index","follow":"follow","max-snippet":"max-snippet:-1","max-image-preview":"max-image-preview:large","max-video-preview":"max-video-preview:-1"},"canonical":"https:\/\/www.podologiaperu.com\/news\/uneros\/","og_locale":"es_ES","og_type":"article","og_title":"U\u00f1eros - CENTRO DE ATENCI&Oacute;N AL PIE","og_description":"EXTRACCI\u00d3N DE U\u00d1EROS,\u00a0Extracci\u00f3n de onicocriptosis (u\u00f1as encarnadas) sin dolor. Adem\u00e1s, ofrecemos tratamientos definitivos que corrigen al 100% la u\u00f1a, evitando que este molesto problema se [...]","og_url":"https:\/\/www.podologiaperu.com\/news\/uneros\/","og_site_name":"CENTRO DE ATENCI&Oacute;N AL PIE","og_image":[{"url":"http:\/\/www.podologiaperu.com\/news\/wp-content\/uploads\/2012\/09\/publicidad-ortonixia-para-el-face.jpg","type":"","width":"","height":""}],"twitter_card":"summary_large_image","schema":{"@context":"https:\/\/schema.org","@graph":[{"@type":"WebPage","@id":"https:\/\/www.podologiaperu.com\/news\/uneros\/","url":"https:\/\/www.podologiaperu.com\/news\/uneros\/","name":"U\u00f1eros - CENTRO DE ATENCI&Oacute;N AL PIE","isPartOf":{"@id":"https:\/\/www.podologiaperu.com\/news\/#website"},"primaryImageOfPage":{"@id":"https:\/\/www.podologiaperu.com\/news\/uneros\/#primaryimage"},"image":{"@id":"https:\/\/www.podologiaperu.com\/news\/uneros\/#primaryimage"},"thumbnailUrl":"http:\/\/www.podologiaperu.com\/news\/wp-content\/uploads\/2012\/09\/publicidad-ortonixia-para-el-face.jpg","datePublished":"2016-08-10T21:32:31+00:00","breadcrumb":{"@id":"https:\/\/www.podologiaperu.com\/news\/uneros\/#breadcrumb"},"inLanguage":"es","potentialAction":[{"@type":"ReadAction","target":["https:\/\/www.podologiaperu.com\/news\/uneros\/"]}]},{"@type":"ImageObject","inLanguage":"es","@id":"https:\/\/www.podologiaperu.com\/news\/uneros\/#primaryimage","url":"https:\/\/www.podologiaperu.com\/news\/wp-content\/uploads\/2012\/09\/publicidad-ortonixia-para-el-face.jpg","contentUrl":"https:\/\/www.podologiaperu.com\/news\/wp-content\/uploads\/2012\/09\/publicidad-ortonixia-para-el-face.jpg","width":453,"height":577},{"@type":"BreadcrumbList","@id":"https:\/\/www.podologiaperu.com\/news\/uneros\/#breadcrumb","itemListElement":[{"@type":"ListItem","position":1,"name":"Portada","item":"https:\/\/www.podologiaperu.com\/news\/"},{"@type":"ListItem","position":2,"name":"U\u00f1eros"}]},{"@type":"WebSite","@id":"https:\/\/www.podologiaperu.com\/news\/#website","url":"https:\/\/www.podologiaperu.com\/news\/","name":"CENTRO DE ATENCI&Oacute;N AL PIE","description":"PODOLOG&Iacute;A BERTHA BURGOS    952-374310 \/  01 462-2299","publisher":{"@id":"https:\/\/www.podologiaperu.com\/news\/#organization"},"potentialAction":[{"@type":"SearchAction","target":{"@type":"EntryPoint","urlTemplate":"https:\/\/www.podologiaperu.com\/news\/?s={search_term_string}"},"query-input":{"@type":"PropertyValueSpecification","valueRequired":true,"valueName":"search_term_string"}}],"inLanguage":"es"},{"@type":"Organization","@id":"https:\/\/www.podologiaperu.com\/news\/#organization","name":"CENTRO DE ATENCI&Oacute;N AL PIE","url":"https:\/\/www.podologiaperu.com\/news\/","logo":{"@type":"ImageObject","inLanguage":"es","@id":"https:\/\/www.podologiaperu.com\/news\/#\/schema\/logo\/image\/","url":"https:\/\/www.podologiaperu.com\/news\/wp-content\/uploads\/2019\/10\/cropped-logo.png","contentUrl":"https:\/\/www.podologiaperu.com\/news\/wp-content\/uploads\/2019\/10\/cropped-logo.png","width":147,"height":90,"caption":"CENTRO DE ATENCI&Oacute;N AL PIE "},"image":{"@id":"https:\/\/www.podologiaperu.com\/news\/#\/schema\/logo\/image\/"}}]}},"_links":{"self":[{"href":"https:\/\/www.podologiaperu.com\/news\/wp-json\/wp\/v2\/pages\/540","targetHints":{"allow":["GET"]}}],"collection":[{"href":"https:\/\/www.podologiaperu.com\/news\/wp-json\/wp\/v2\/pages"}],"about":[{"href":"https:\/\/www.podologiaperu.com\/news\/wp-json\/wp\/v2\/types\/page"}],"author":[{"embeddable":true,"href":"https:\/\/www.podologiaperu.com\/news\/wp-json\/wp\/v2\/users\/1"}],"replies":[{"embeddable":true,"href":"https:\/\/www.podologiaperu.com\/news\/wp-json\/wp\/v2\/comments?post=540"}],"version-history":[{"count":0,"href":"https:\/\/www.podologiaperu.com\/news\/wp-json\/wp\/v2\/pages\/540\/revisions"}],"wp:attachment":[{"href":"https:\/\/www.podologiaperu.com\/news\/wp-json\/wp\/v2\/media?parent=540"}],"curies":[{"name":"wp","href":"https:\/\/api.w.org\/{rel}","templated":true}]}}