{"id":537,"date":"2016-08-10T16:31:03","date_gmt":"2016-08-10T21:31:03","guid":{"rendered":"http:\/\/podologiaperu.info\/news\/?page_id=537"},"modified":"2016-08-10T16:31:03","modified_gmt":"2016-08-10T21:31:03","slug":"pie-diabetico-2","status":"publish","type":"page","link":"https:\/\/www.podologiaperu.com\/news\/pie-diabetico-2\/","title":{"rendered":"Pie Diabetico"},"content":{"rendered":"<p><span style=\"color: #000000;\">Educaci\u00f3n de cuidado del pie diab\u00e9tico, nos dedicamos ala prevenci\u00f3n de complicaciones del pie diabetico, realizando una correcta limpieza integral del pie (corte de u\u00f1as, retiro de callos, pulido de u\u00f1as), sin generar cortes, sangrados o lesiones. Evaluando el calzado y posturas a fin de evitar rozaduras que terminen por convertirse en \u00falceras.<\/span><\/p>\n<p><a href=\"https:\/\/www.podologiaperu.com\/news\/wp-content\/uploads\/2015\/08\/foto-logo-nuevo.jpg\"><img loading=\"lazy\" decoding=\"async\" class=\"aligncenter wp-image-473\" src=\"https:\/\/www.podologiaperu.com\/news\/wp-content\/uploads\/2015\/08\/foto-logo-nuevo.jpg\" alt=\"foto logo nuevo\" width=\"350\" height=\"248\" srcset=\"https:\/\/www.podologiaperu.com\/news\/wp-content\/uploads\/2015\/08\/foto-logo-nuevo.jpg 534w, https:\/\/www.podologiaperu.com\/news\/wp-content\/uploads\/2015\/08\/foto-logo-nuevo-300x212.jpg 300w\" sizes=\"auto, (max-width: 350px) 100vw, 350px\" \/><\/a><\/p>\n","protected":false},"excerpt":{"rendered":"<div class=\"mh-excerpt\"><p>Educaci\u00f3n de cuidado del pie diab\u00e9tico, nos dedicamos ala prevenci\u00f3n de complicaciones del pie diabetico, realizando una correcta limpieza integral del pie (corte de u\u00f1as, <a class=\"mh-excerpt-more\" href=\"https:\/\/www.podologiaperu.com\/news\/pie-diabetico-2\/\" title=\"Pie Diabetico\">[&#8230;]<\/a><\/p>\n<\/div>","protected":false},"author":1,"featured_media":0,"parent":0,"menu_order":0,"comment_status":"closed","ping_status":"closed","template":"template-full.php","meta":{"sfsi_plus_gutenberg_text_before_share":"","sfsi_plus_gutenberg_show_text_before_share":"","sfsi_plus_gutenberg_icon_type":"","sfsi_plus_gutenberg_icon_alignemt":"","sfsi_plus_gutenburg_max_per_row":"","footnotes":""},"class_list":["post-537","page","type-page","status-publish","hentry"],"yoast_head":"<!-- This site is optimized with the Yoast SEO plugin v27.3 - https:\/\/yoast.com\/product\/yoast-seo-wordpress\/ -->\n<title>Pie Diabetico - CENTRO DE ATENCI&Oacute;N AL PIE<\/title>\n<meta name=\"robots\" content=\"index, follow, max-snippet:-1, max-image-preview:large, max-video-preview:-1\" \/>\n<link rel=\"canonical\" href=\"https:\/\/www.podologiaperu.com\/news\/pie-diabetico-2\/\" \/>\n<meta property=\"og:locale\" content=\"es_ES\" \/>\n<meta property=\"og:type\" content=\"article\" \/>\n<meta property=\"og:title\" content=\"Pie Diabetico - CENTRO DE ATENCI&Oacute;N AL PIE\" \/>\n<meta property=\"og:description\" content=\"Educaci\u00f3n de cuidado del pie diab\u00e9tico, nos dedicamos ala prevenci\u00f3n de complicaciones del pie diabetico, realizando una correcta limpieza integral del pie (corte de u\u00f1as, [...]\" \/>\n<meta property=\"og:url\" content=\"https:\/\/www.podologiaperu.com\/news\/pie-diabetico-2\/\" \/>\n<meta property=\"og:site_name\" content=\"CENTRO DE ATENCI&Oacute;N AL PIE\" \/>\n<meta property=\"og:image\" content=\"http:\/\/www.podologiaperu.com\/news\/wp-content\/uploads\/2015\/08\/foto-logo-nuevo.jpg\" \/>\n<meta name=\"twitter:card\" content=\"summary_large_image\" \/>\n<script type=\"application\/ld+json\" class=\"yoast-schema-graph\">{\"@context\":\"https:\\\/\\\/schema.org\",\"@graph\":[{\"@type\":\"WebPage\",\"@id\":\"https:\\\/\\\/www.podologiaperu.com\\\/news\\\/pie-diabetico-2\\\/\",\"url\":\"https:\\\/\\\/www.podologiaperu.com\\\/news\\\/pie-diabetico-2\\\/\",\"name\":\"Pie Diabetico - CENTRO DE ATENCI&Oacute;N AL PIE\",\"isPartOf\":{\"@id\":\"https:\\\/\\\/www.podologiaperu.com\\\/news\\\/#website\"},\"primaryImageOfPage\":{\"@id\":\"https:\\\/\\\/www.podologiaperu.com\\\/news\\\/pie-diabetico-2\\\/#primaryimage\"},\"image\":{\"@id\":\"https:\\\/\\\/www.podologiaperu.com\\\/news\\\/pie-diabetico-2\\\/#primaryimage\"},\"thumbnailUrl\":\"http:\\\/\\\/www.podologiaperu.com\\\/news\\\/wp-content\\\/uploads\\\/2015\\\/08\\\/foto-logo-nuevo.jpg\",\"datePublished\":\"2016-08-10T21:31:03+00:00\",\"breadcrumb\":{\"@id\":\"https:\\\/\\\/www.podologiaperu.com\\\/news\\\/pie-diabetico-2\\\/#breadcrumb\"},\"inLanguage\":\"es\",\"potentialAction\":[{\"@type\":\"ReadAction\",\"target\":[\"https:\\\/\\\/www.podologiaperu.com\\\/news\\\/pie-diabetico-2\\\/\"]}]},{\"@type\":\"ImageObject\",\"inLanguage\":\"es\",\"@id\":\"https:\\\/\\\/www.podologiaperu.com\\\/news\\\/pie-diabetico-2\\\/#primaryimage\",\"url\":\"https:\\\/\\\/www.podologiaperu.com\\\/news\\\/wp-content\\\/uploads\\\/2015\\\/08\\\/foto-logo-nuevo.jpg\",\"contentUrl\":\"https:\\\/\\\/www.podologiaperu.com\\\/news\\\/wp-content\\\/uploads\\\/2015\\\/08\\\/foto-logo-nuevo.jpg\",\"width\":534,\"height\":378},{\"@type\":\"BreadcrumbList\",\"@id\":\"https:\\\/\\\/www.podologiaperu.com\\\/news\\\/pie-diabetico-2\\\/#breadcrumb\",\"itemListElement\":[{\"@type\":\"ListItem\",\"position\":1,\"name\":\"Portada\",\"item\":\"https:\\\/\\\/www.podologiaperu.com\\\/news\\\/\"},{\"@type\":\"ListItem\",\"position\":2,\"name\":\"Pie Diabetico\"}]},{\"@type\":\"WebSite\",\"@id\":\"https:\\\/\\\/www.podologiaperu.com\\\/news\\\/#website\",\"url\":\"https:\\\/\\\/www.podologiaperu.com\\\/news\\\/\",\"name\":\"CENTRO DE ATENCI&Oacute;N AL PIE\",\"description\":\"PODOLOG&Iacute;A BERTHA BURGOS    952-374310 \\\/  01 462-2299\",\"publisher\":{\"@id\":\"https:\\\/\\\/www.podologiaperu.com\\\/news\\\/#organization\"},\"potentialAction\":[{\"@type\":\"SearchAction\",\"target\":{\"@type\":\"EntryPoint\",\"urlTemplate\":\"https:\\\/\\\/www.podologiaperu.com\\\/news\\\/?s={search_term_string}\"},\"query-input\":{\"@type\":\"PropertyValueSpecification\",\"valueRequired\":true,\"valueName\":\"search_term_string\"}}],\"inLanguage\":\"es\"},{\"@type\":\"Organization\",\"@id\":\"https:\\\/\\\/www.podologiaperu.com\\\/news\\\/#organization\",\"name\":\"CENTRO DE ATENCI&Oacute;N AL PIE\",\"url\":\"https:\\\/\\\/www.podologiaperu.com\\\/news\\\/\",\"logo\":{\"@type\":\"ImageObject\",\"inLanguage\":\"es\",\"@id\":\"https:\\\/\\\/www.podologiaperu.com\\\/news\\\/#\\\/schema\\\/logo\\\/image\\\/\",\"url\":\"https:\\\/\\\/www.podologiaperu.com\\\/news\\\/wp-content\\\/uploads\\\/2019\\\/10\\\/cropped-logo.png\",\"contentUrl\":\"https:\\\/\\\/www.podologiaperu.com\\\/news\\\/wp-content\\\/uploads\\\/2019\\\/10\\\/cropped-logo.png\",\"width\":147,\"height\":90,\"caption\":\"CENTRO DE ATENCI&Oacute;N AL PIE \"},\"image\":{\"@id\":\"https:\\\/\\\/www.podologiaperu.com\\\/news\\\/#\\\/schema\\\/logo\\\/image\\\/\"}}]}<\/script>\n<!-- \/ Yoast SEO plugin. -->","yoast_head_json":{"title":"Pie Diabetico - CENTRO DE ATENCI&Oacute;N AL PIE","robots":{"index":"index","follow":"follow","max-snippet":"max-snippet:-1","max-image-preview":"max-image-preview:large","max-video-preview":"max-video-preview:-1"},"canonical":"https:\/\/www.podologiaperu.com\/news\/pie-diabetico-2\/","og_locale":"es_ES","og_type":"article","og_title":"Pie Diabetico - CENTRO DE ATENCI&Oacute;N AL PIE","og_description":"Educaci\u00f3n de cuidado del pie diab\u00e9tico, nos dedicamos ala prevenci\u00f3n de complicaciones del pie diabetico, realizando una correcta limpieza integral del pie (corte de u\u00f1as, [...]","og_url":"https:\/\/www.podologiaperu.com\/news\/pie-diabetico-2\/","og_site_name":"CENTRO DE ATENCI&Oacute;N AL PIE","og_image":[{"url":"http:\/\/www.podologiaperu.com\/news\/wp-content\/uploads\/2015\/08\/foto-logo-nuevo.jpg","type":"","width":"","height":""}],"twitter_card":"summary_large_image","schema":{"@context":"https:\/\/schema.org","@graph":[{"@type":"WebPage","@id":"https:\/\/www.podologiaperu.com\/news\/pie-diabetico-2\/","url":"https:\/\/www.podologiaperu.com\/news\/pie-diabetico-2\/","name":"Pie Diabetico - CENTRO DE ATENCI&Oacute;N AL PIE","isPartOf":{"@id":"https:\/\/www.podologiaperu.com\/news\/#website"},"primaryImageOfPage":{"@id":"https:\/\/www.podologiaperu.com\/news\/pie-diabetico-2\/#primaryimage"},"image":{"@id":"https:\/\/www.podologiaperu.com\/news\/pie-diabetico-2\/#primaryimage"},"thumbnailUrl":"http:\/\/www.podologiaperu.com\/news\/wp-content\/uploads\/2015\/08\/foto-logo-nuevo.jpg","datePublished":"2016-08-10T21:31:03+00:00","breadcrumb":{"@id":"https:\/\/www.podologiaperu.com\/news\/pie-diabetico-2\/#breadcrumb"},"inLanguage":"es","potentialAction":[{"@type":"ReadAction","target":["https:\/\/www.podologiaperu.com\/news\/pie-diabetico-2\/"]}]},{"@type":"ImageObject","inLanguage":"es","@id":"https:\/\/www.podologiaperu.com\/news\/pie-diabetico-2\/#primaryimage","url":"https:\/\/www.podologiaperu.com\/news\/wp-content\/uploads\/2015\/08\/foto-logo-nuevo.jpg","contentUrl":"https:\/\/www.podologiaperu.com\/news\/wp-content\/uploads\/2015\/08\/foto-logo-nuevo.jpg","width":534,"height":378},{"@type":"BreadcrumbList","@id":"https:\/\/www.podologiaperu.com\/news\/pie-diabetico-2\/#breadcrumb","itemListElement":[{"@type":"ListItem","position":1,"name":"Portada","item":"https:\/\/www.podologiaperu.com\/news\/"},{"@type":"ListItem","position":2,"name":"Pie Diabetico"}]},{"@type":"WebSite","@id":"https:\/\/www.podologiaperu.com\/news\/#website","url":"https:\/\/www.podologiaperu.com\/news\/","name":"CENTRO DE ATENCI&Oacute;N AL PIE","description":"PODOLOG&Iacute;A BERTHA BURGOS    952-374310 \/  01 462-2299","publisher":{"@id":"https:\/\/www.podologiaperu.com\/news\/#organization"},"potentialAction":[{"@type":"SearchAction","target":{"@type":"EntryPoint","urlTemplate":"https:\/\/www.podologiaperu.com\/news\/?s={search_term_string}"},"query-input":{"@type":"PropertyValueSpecification","valueRequired":true,"valueName":"search_term_string"}}],"inLanguage":"es"},{"@type":"Organization","@id":"https:\/\/www.podologiaperu.com\/news\/#organization","name":"CENTRO DE ATENCI&Oacute;N AL PIE","url":"https:\/\/www.podologiaperu.com\/news\/","logo":{"@type":"ImageObject","inLanguage":"es","@id":"https:\/\/www.podologiaperu.com\/news\/#\/schema\/logo\/image\/","url":"https:\/\/www.podologiaperu.com\/news\/wp-content\/uploads\/2019\/10\/cropped-logo.png","contentUrl":"https:\/\/www.podologiaperu.com\/news\/wp-content\/uploads\/2019\/10\/cropped-logo.png","width":147,"height":90,"caption":"CENTRO DE ATENCI&Oacute;N AL PIE "},"image":{"@id":"https:\/\/www.podologiaperu.com\/news\/#\/schema\/logo\/image\/"}}]}},"_links":{"self":[{"href":"https:\/\/www.podologiaperu.com\/news\/wp-json\/wp\/v2\/pages\/537","targetHints":{"allow":["GET"]}}],"collection":[{"href":"https:\/\/www.podologiaperu.com\/news\/wp-json\/wp\/v2\/pages"}],"about":[{"href":"https:\/\/www.podologiaperu.com\/news\/wp-json\/wp\/v2\/types\/page"}],"author":[{"embeddable":true,"href":"https:\/\/www.podologiaperu.com\/news\/wp-json\/wp\/v2\/users\/1"}],"replies":[{"embeddable":true,"href":"https:\/\/www.podologiaperu.com\/news\/wp-json\/wp\/v2\/comments?post=537"}],"version-history":[{"count":0,"href":"https:\/\/www.podologiaperu.com\/news\/wp-json\/wp\/v2\/pages\/537\/revisions"}],"wp:attachment":[{"href":"https:\/\/www.podologiaperu.com\/news\/wp-json\/wp\/v2\/media?parent=537"}],"curies":[{"name":"wp","href":"https:\/\/api.w.org\/{rel}","templated":true}]}}