{"id":523,"date":"2016-08-10T15:43:41","date_gmt":"2016-08-10T20:43:41","guid":{"rendered":"http:\/\/podologiaperu.info\/news\/?page_id=523"},"modified":"2016-08-10T15:43:41","modified_gmt":"2016-08-10T20:43:41","slug":"podologia-adulto-mayor","status":"publish","type":"page","link":"https:\/\/www.podologiaperu.com\/news\/podologia-adulto-mayor\/","title":{"rendered":"Podolog\u00eda Adulto Mayor"},"content":{"rendered":"<div class=\"gmail_default\">Atenci\u00f3n para pacientes geri\u00e1tricos, u\u00f1as engrosadas, callos dolorosos, masaje relajante al pie, extracci\u00f3n de u\u00f1eros, todo dentro de un ambiente c\u00f3modo y privado, instrumental esteril.<\/div>\n<div class=\"gmail_default\"><\/div>\n<div class=\"gmail_default\">\n<hr \/>\n<p><span style=\"color: #800080;\">Si el paciente tiene dificultad de movilizaci\u00f3n podemos agendar una cita en su casa o donde se encuentre. Esto s\u00f3lo aplica para adultos mayores de 65 a\u00f1os.<\/span><\/p>\n<\/div>\n<div class=\"gmail_default\">\n<hr \/>\n<\/div>\n<p><a href=\"https:\/\/www.podologiaperu.com\/news\/wp-content\/uploads\/2013\/09\/atencion-adultos-mayores.jpg\"><img loading=\"lazy\" decoding=\"async\" class=\"aligncenter size-full wp-image-467\" src=\"https:\/\/www.podologiaperu.com\/news\/wp-content\/uploads\/2013\/09\/atencion-adultos-mayores.jpg\" alt=\"atencion adultos mayores\" width=\"603\" height=\"333\" srcset=\"https:\/\/www.podologiaperu.com\/news\/wp-content\/uploads\/2013\/09\/atencion-adultos-mayores.jpg 603w, https:\/\/www.podologiaperu.com\/news\/wp-content\/uploads\/2013\/09\/atencion-adultos-mayores-300x166.jpg 300w\" sizes=\"auto, (max-width: 603px) 100vw, 603px\" \/><\/a><\/p>\n","protected":false},"excerpt":{"rendered":"<div class=\"mh-excerpt\"><p>Atenci\u00f3n para pacientes geri\u00e1tricos, u\u00f1as engrosadas, callos dolorosos, masaje relajante al pie, extracci\u00f3n de u\u00f1eros, todo dentro de un ambiente c\u00f3modo y privado, instrumental esteril. <a class=\"mh-excerpt-more\" href=\"https:\/\/www.podologiaperu.com\/news\/podologia-adulto-mayor\/\" title=\"Podolog\u00eda Adulto Mayor\">[&#8230;]<\/a><\/p>\n<\/div>","protected":false},"author":1,"featured_media":0,"parent":0,"menu_order":0,"comment_status":"closed","ping_status":"closed","template":"template-full.php","meta":{"sfsi_plus_gutenberg_text_before_share":"","sfsi_plus_gutenberg_show_text_before_share":"","sfsi_plus_gutenberg_icon_type":"","sfsi_plus_gutenberg_icon_alignemt":"","sfsi_plus_gutenburg_max_per_row":"","footnotes":""},"class_list":["post-523","page","type-page","status-publish","hentry"],"yoast_head":"<!-- This site is optimized with the Yoast SEO plugin v27.3 - https:\/\/yoast.com\/product\/yoast-seo-wordpress\/ -->\n<title>Podolog\u00eda Adulto Mayor - CENTRO DE ATENCI&Oacute;N AL PIE<\/title>\n<meta name=\"robots\" content=\"index, follow, max-snippet:-1, max-image-preview:large, max-video-preview:-1\" \/>\n<link rel=\"canonical\" href=\"https:\/\/www.podologiaperu.com\/news\/podologia-adulto-mayor\/\" \/>\n<meta property=\"og:locale\" content=\"es_ES\" \/>\n<meta property=\"og:type\" content=\"article\" \/>\n<meta property=\"og:title\" content=\"Podolog\u00eda Adulto Mayor - CENTRO DE ATENCI&Oacute;N AL PIE\" \/>\n<meta property=\"og:description\" content=\"Atenci\u00f3n para pacientes geri\u00e1tricos, u\u00f1as engrosadas, callos dolorosos, masaje relajante al pie, extracci\u00f3n de u\u00f1eros, todo dentro de un ambiente c\u00f3modo y privado, instrumental esteril. [...]\" \/>\n<meta property=\"og:url\" content=\"https:\/\/www.podologiaperu.com\/news\/podologia-adulto-mayor\/\" \/>\n<meta property=\"og:site_name\" content=\"CENTRO DE ATENCI&Oacute;N AL PIE\" \/>\n<meta property=\"og:image\" content=\"http:\/\/www.podologiaperu.com\/news\/wp-content\/uploads\/2013\/09\/atencion-adultos-mayores.jpg\" \/>\n<meta name=\"twitter:card\" content=\"summary_large_image\" \/>\n<script type=\"application\/ld+json\" class=\"yoast-schema-graph\">{\"@context\":\"https:\\\/\\\/schema.org\",\"@graph\":[{\"@type\":\"WebPage\",\"@id\":\"https:\\\/\\\/www.podologiaperu.com\\\/news\\\/podologia-adulto-mayor\\\/\",\"url\":\"https:\\\/\\\/www.podologiaperu.com\\\/news\\\/podologia-adulto-mayor\\\/\",\"name\":\"Podolog\u00eda Adulto Mayor - CENTRO DE ATENCI&Oacute;N AL PIE\",\"isPartOf\":{\"@id\":\"https:\\\/\\\/www.podologiaperu.com\\\/news\\\/#website\"},\"primaryImageOfPage\":{\"@id\":\"https:\\\/\\\/www.podologiaperu.com\\\/news\\\/podologia-adulto-mayor\\\/#primaryimage\"},\"image\":{\"@id\":\"https:\\\/\\\/www.podologiaperu.com\\\/news\\\/podologia-adulto-mayor\\\/#primaryimage\"},\"thumbnailUrl\":\"http:\\\/\\\/www.podologiaperu.com\\\/news\\\/wp-content\\\/uploads\\\/2013\\\/09\\\/atencion-adultos-mayores.jpg\",\"datePublished\":\"2016-08-10T20:43:41+00:00\",\"breadcrumb\":{\"@id\":\"https:\\\/\\\/www.podologiaperu.com\\\/news\\\/podologia-adulto-mayor\\\/#breadcrumb\"},\"inLanguage\":\"es\",\"potentialAction\":[{\"@type\":\"ReadAction\",\"target\":[\"https:\\\/\\\/www.podologiaperu.com\\\/news\\\/podologia-adulto-mayor\\\/\"]}]},{\"@type\":\"ImageObject\",\"inLanguage\":\"es\",\"@id\":\"https:\\\/\\\/www.podologiaperu.com\\\/news\\\/podologia-adulto-mayor\\\/#primaryimage\",\"url\":\"https:\\\/\\\/www.podologiaperu.com\\\/news\\\/wp-content\\\/uploads\\\/2013\\\/09\\\/atencion-adultos-mayores.jpg\",\"contentUrl\":\"https:\\\/\\\/www.podologiaperu.com\\\/news\\\/wp-content\\\/uploads\\\/2013\\\/09\\\/atencion-adultos-mayores.jpg\",\"width\":603,\"height\":333},{\"@type\":\"BreadcrumbList\",\"@id\":\"https:\\\/\\\/www.podologiaperu.com\\\/news\\\/podologia-adulto-mayor\\\/#breadcrumb\",\"itemListElement\":[{\"@type\":\"ListItem\",\"position\":1,\"name\":\"Portada\",\"item\":\"https:\\\/\\\/www.podologiaperu.com\\\/news\\\/\"},{\"@type\":\"ListItem\",\"position\":2,\"name\":\"Podolog\u00eda Adulto Mayor\"}]},{\"@type\":\"WebSite\",\"@id\":\"https:\\\/\\\/www.podologiaperu.com\\\/news\\\/#website\",\"url\":\"https:\\\/\\\/www.podologiaperu.com\\\/news\\\/\",\"name\":\"CENTRO DE ATENCI&Oacute;N AL PIE\",\"description\":\"PODOLOG&Iacute;A BERTHA BURGOS    952-374310 \\\/  01 462-2299\",\"publisher\":{\"@id\":\"https:\\\/\\\/www.podologiaperu.com\\\/news\\\/#organization\"},\"potentialAction\":[{\"@type\":\"SearchAction\",\"target\":{\"@type\":\"EntryPoint\",\"urlTemplate\":\"https:\\\/\\\/www.podologiaperu.com\\\/news\\\/?s={search_term_string}\"},\"query-input\":{\"@type\":\"PropertyValueSpecification\",\"valueRequired\":true,\"valueName\":\"search_term_string\"}}],\"inLanguage\":\"es\"},{\"@type\":\"Organization\",\"@id\":\"https:\\\/\\\/www.podologiaperu.com\\\/news\\\/#organization\",\"name\":\"CENTRO DE ATENCI&Oacute;N AL PIE\",\"url\":\"https:\\\/\\\/www.podologiaperu.com\\\/news\\\/\",\"logo\":{\"@type\":\"ImageObject\",\"inLanguage\":\"es\",\"@id\":\"https:\\\/\\\/www.podologiaperu.com\\\/news\\\/#\\\/schema\\\/logo\\\/image\\\/\",\"url\":\"https:\\\/\\\/www.podologiaperu.com\\\/news\\\/wp-content\\\/uploads\\\/2019\\\/10\\\/cropped-logo.png\",\"contentUrl\":\"https:\\\/\\\/www.podologiaperu.com\\\/news\\\/wp-content\\\/uploads\\\/2019\\\/10\\\/cropped-logo.png\",\"width\":147,\"height\":90,\"caption\":\"CENTRO DE ATENCI&Oacute;N AL PIE \"},\"image\":{\"@id\":\"https:\\\/\\\/www.podologiaperu.com\\\/news\\\/#\\\/schema\\\/logo\\\/image\\\/\"}}]}<\/script>\n<!-- \/ Yoast SEO plugin. -->","yoast_head_json":{"title":"Podolog\u00eda Adulto Mayor - CENTRO DE ATENCI&Oacute;N AL PIE","robots":{"index":"index","follow":"follow","max-snippet":"max-snippet:-1","max-image-preview":"max-image-preview:large","max-video-preview":"max-video-preview:-1"},"canonical":"https:\/\/www.podologiaperu.com\/news\/podologia-adulto-mayor\/","og_locale":"es_ES","og_type":"article","og_title":"Podolog\u00eda Adulto Mayor - CENTRO DE ATENCI&Oacute;N AL PIE","og_description":"Atenci\u00f3n para pacientes geri\u00e1tricos, u\u00f1as engrosadas, callos dolorosos, masaje relajante al pie, extracci\u00f3n de u\u00f1eros, todo dentro de un ambiente c\u00f3modo y privado, instrumental esteril. [...]","og_url":"https:\/\/www.podologiaperu.com\/news\/podologia-adulto-mayor\/","og_site_name":"CENTRO DE ATENCI&Oacute;N AL PIE","og_image":[{"url":"http:\/\/www.podologiaperu.com\/news\/wp-content\/uploads\/2013\/09\/atencion-adultos-mayores.jpg","type":"","width":"","height":""}],"twitter_card":"summary_large_image","schema":{"@context":"https:\/\/schema.org","@graph":[{"@type":"WebPage","@id":"https:\/\/www.podologiaperu.com\/news\/podologia-adulto-mayor\/","url":"https:\/\/www.podologiaperu.com\/news\/podologia-adulto-mayor\/","name":"Podolog\u00eda Adulto Mayor - CENTRO DE ATENCI&Oacute;N AL PIE","isPartOf":{"@id":"https:\/\/www.podologiaperu.com\/news\/#website"},"primaryImageOfPage":{"@id":"https:\/\/www.podologiaperu.com\/news\/podologia-adulto-mayor\/#primaryimage"},"image":{"@id":"https:\/\/www.podologiaperu.com\/news\/podologia-adulto-mayor\/#primaryimage"},"thumbnailUrl":"http:\/\/www.podologiaperu.com\/news\/wp-content\/uploads\/2013\/09\/atencion-adultos-mayores.jpg","datePublished":"2016-08-10T20:43:41+00:00","breadcrumb":{"@id":"https:\/\/www.podologiaperu.com\/news\/podologia-adulto-mayor\/#breadcrumb"},"inLanguage":"es","potentialAction":[{"@type":"ReadAction","target":["https:\/\/www.podologiaperu.com\/news\/podologia-adulto-mayor\/"]}]},{"@type":"ImageObject","inLanguage":"es","@id":"https:\/\/www.podologiaperu.com\/news\/podologia-adulto-mayor\/#primaryimage","url":"https:\/\/www.podologiaperu.com\/news\/wp-content\/uploads\/2013\/09\/atencion-adultos-mayores.jpg","contentUrl":"https:\/\/www.podologiaperu.com\/news\/wp-content\/uploads\/2013\/09\/atencion-adultos-mayores.jpg","width":603,"height":333},{"@type":"BreadcrumbList","@id":"https:\/\/www.podologiaperu.com\/news\/podologia-adulto-mayor\/#breadcrumb","itemListElement":[{"@type":"ListItem","position":1,"name":"Portada","item":"https:\/\/www.podologiaperu.com\/news\/"},{"@type":"ListItem","position":2,"name":"Podolog\u00eda Adulto Mayor"}]},{"@type":"WebSite","@id":"https:\/\/www.podologiaperu.com\/news\/#website","url":"https:\/\/www.podologiaperu.com\/news\/","name":"CENTRO DE ATENCI&Oacute;N AL PIE","description":"PODOLOG&Iacute;A BERTHA BURGOS    952-374310 \/  01 462-2299","publisher":{"@id":"https:\/\/www.podologiaperu.com\/news\/#organization"},"potentialAction":[{"@type":"SearchAction","target":{"@type":"EntryPoint","urlTemplate":"https:\/\/www.podologiaperu.com\/news\/?s={search_term_string}"},"query-input":{"@type":"PropertyValueSpecification","valueRequired":true,"valueName":"search_term_string"}}],"inLanguage":"es"},{"@type":"Organization","@id":"https:\/\/www.podologiaperu.com\/news\/#organization","name":"CENTRO DE ATENCI&Oacute;N AL PIE","url":"https:\/\/www.podologiaperu.com\/news\/","logo":{"@type":"ImageObject","inLanguage":"es","@id":"https:\/\/www.podologiaperu.com\/news\/#\/schema\/logo\/image\/","url":"https:\/\/www.podologiaperu.com\/news\/wp-content\/uploads\/2019\/10\/cropped-logo.png","contentUrl":"https:\/\/www.podologiaperu.com\/news\/wp-content\/uploads\/2019\/10\/cropped-logo.png","width":147,"height":90,"caption":"CENTRO DE ATENCI&Oacute;N AL PIE "},"image":{"@id":"https:\/\/www.podologiaperu.com\/news\/#\/schema\/logo\/image\/"}}]}},"_links":{"self":[{"href":"https:\/\/www.podologiaperu.com\/news\/wp-json\/wp\/v2\/pages\/523","targetHints":{"allow":["GET"]}}],"collection":[{"href":"https:\/\/www.podologiaperu.com\/news\/wp-json\/wp\/v2\/pages"}],"about":[{"href":"https:\/\/www.podologiaperu.com\/news\/wp-json\/wp\/v2\/types\/page"}],"author":[{"embeddable":true,"href":"https:\/\/www.podologiaperu.com\/news\/wp-json\/wp\/v2\/users\/1"}],"replies":[{"embeddable":true,"href":"https:\/\/www.podologiaperu.com\/news\/wp-json\/wp\/v2\/comments?post=523"}],"version-history":[{"count":0,"href":"https:\/\/www.podologiaperu.com\/news\/wp-json\/wp\/v2\/pages\/523\/revisions"}],"wp:attachment":[{"href":"https:\/\/www.podologiaperu.com\/news\/wp-json\/wp\/v2\/media?parent=523"}],"curies":[{"name":"wp","href":"https:\/\/api.w.org\/{rel}","templated":true}]}}