{"id":15,"date":"2007-10-28T22:58:35","date_gmt":"2007-10-28T22:58:35","guid":{"rendered":"http:\/\/podologiaperu.info\/news\/?page_id=13"},"modified":"2007-10-28T22:58:35","modified_gmt":"2007-10-28T22:58:35","slug":"pie-diabetico","status":"publish","type":"page","link":"https:\/\/www.podologiaperu.com\/news\/pie-diabetico\/","title":{"rendered":"\u00bfPorqu\u00e9 es importante el cuidado de los pies en un Paciente Diab\u00e9tico?"},"content":{"rendered":"<h2><strong>Empezaremos explicando, Qu\u00e9 es la Diabetes?<\/strong><\/h2>\n<p>La Diabetes Mellitus es una enfermedad metab\u00f3lica cr\u00f3nica caracterizada por unos altos niveles de glucosa (az\u00facar en la sangre), por una deficiente secreci\u00f3n de una hormona que se llama insulina. Unos niveles altos de az\u00facar en la sangre acaba produciendo da\u00f1os graves en los ojos, coraz\u00f3n, pies, nervios<\/p>\n<p>Los s\u00edntomas que provoca el exceso de az\u00facar en la sangre pueden ser: contin\u00faas ganas de orinar, sensaci\u00f3n de sed, sensaci\u00f3n de hambre, inexplicable perdida de peso, visi\u00f3n borrosa, ausencia de tacto en pies y manos, retraso en la curaci\u00f3n de heridas y susceptibilidad a ciertas infecciones.<\/p>\n<p>\u00a0<\/p>\n<p><strong><span style=\"color: #ff6600;\">\u00bfQu\u00e9 podemos hacer por usted?<\/span><\/strong><\/p>\n<p>Colaborando con su m\u00e9dico de cabecera y su especialista, nuestro objetivo es establecer los cuidados y las revisiones necesarias para evitar las amputaciones y otras complicaciones.<\/p>\n<p><strong><span style=\"color: #ff0000;\">Un buen plan de prevenci\u00f3n debe incluir<\/span>:<\/strong><\/p>\n<ul>\n<li>controles peri\u00f3dicos de su nivel de az\u00facar en sangre<\/li>\n<li>dieta equilibrada<\/li>\n<li>un buen programa de <span style=\"background-color: #ccffff;\">ejercicio f\u00edsico<\/span><\/li>\n<li>adecuada medicaci\u00f3n e higiene<\/li>\n<li>cuidados regulares de sus pies<\/li>\n<\/ul>\n<p>\u00a0<\/p>\n<p><strong><span style=\"color: #008000;\">\u00bf Qu\u00e9 debe tener usted en cuenta como diab\u00e9tico?<\/span><\/strong><\/p>\n<p>Hay\u00a0 una serie de factores que deben tener en cuenta referente al cuidado del sus pies:<\/p>\n<ul>\n<li>Cambios de color en la piel<\/li>\n<li>Elevaci\u00f3n de la temperatura de la piel<\/li>\n<li>Dolor en las piernas, tanto caminando como sentado o echado<\/li>\n<li>Heridas abiertas que no acaban de curar<\/li>\n<li>U\u00f1as gruesas y amarillentas<\/li>\n<li>Callosidades y callos que hallan sangrado por debajo de la piel<\/li>\n<li>Presencia de grietas en los talones<\/li>\n<\/ul>\n<p>Las ulceraciones son muy frecuentes en el pie diab\u00e9tico. Algo tan corriente como unos zapatos estrechos o la costura de unos calcetines, puede producir una herida que si no se trata a tiempo, se ulcera y r\u00e1pidamente se infecta produciendo muy serias consecuencias.<\/p>\n<p><strong><span style=\"color: #0000ff;\">\u00bf Qu\u00e9 consejos podemos ofrecerle para un buen cuidado<br \/>\nde sus pies?<\/span><\/strong><\/p>\n<ul>\n<li>Utilizar un buen calzado. El uso de un calzado inadecuado es la principal causa de los problemas que llevan a las amputaciones.\u00a0Es necesario cambiar de zapatos, cuando estos est\u00e9n demasiado deformados o provoquen molestias.\u00a0 No se debe utilizar calzado abierto y se tiene que comprobar cada d\u00eda que no hay objetos extra\u00f1os en el interior de los zapatos.<\/li>\n<li>No andar nunca sin calcetines.\u00a0 Si tiene los pies fr\u00edos por la noche utilice calcetines gruesos; nunca utilice estufas, mantas el\u00e9ctricas, etc.<\/li>\n<li>Lavarse los pies diariamente. Los pies deben lavarse cada d\u00eda con agua templada (nunca caliente) y jab\u00f3n neutro para pieles delicadas. La temperatura del agua puede comprobarse con un term\u00f3metro o con el codo. Hay que secarse bien los pies (sobretodo entre los dedos) y utilizar\u00a0papel toalla.<\/li>\n<li>Utilizar cremas hidratantes a diario.<\/li>\n<li>Inspeccionarse cada d\u00eda los pies en busca de peque\u00f1as heridas, cortes, u otros cambios. Si no se ve bien la planta, utilice un espejo o pida ayuda a otra persona<\/li>\n<li>Si se corta usted las u\u00f1as. C\u00f3rtese las u\u00f1as rectas y despu\u00e9s redondee los bordes con un lima fina. Nunca intente cortar los laterales (si le duelen acuda a nuestro centro)<\/li>\n<li>Nunca intente cortarse usted mismo las callosidades. Y no utilice preparaciones comerciales para callos o verrugas: contienen productos qu\u00edmicos que queman la piel.<\/li>\n<\/ul>\n","protected":false},"excerpt":{"rendered":"<div class=\"mh-excerpt\"><p>Empezaremos explicando, Qu\u00e9 es la Diabetes? La Diabetes Mellitus es una enfermedad metab\u00f3lica cr\u00f3nica caracterizada por unos altos niveles de glucosa (az\u00facar en la sangre), <a class=\"mh-excerpt-more\" href=\"https:\/\/www.podologiaperu.com\/news\/pie-diabetico\/\" title=\"\u00bfPorqu\u00e9 es importante el cuidado de los pies en un Paciente Diab\u00e9tico?\">[&#8230;]<\/a><\/p>\n<\/div>","protected":false},"author":1,"featured_media":0,"parent":0,"menu_order":3,"comment_status":"closed","ping_status":"open","template":"","meta":{"sfsi_plus_gutenberg_text_before_share":"","sfsi_plus_gutenberg_show_text_before_share":"","sfsi_plus_gutenberg_icon_type":"","sfsi_plus_gutenberg_icon_alignemt":"","sfsi_plus_gutenburg_max_per_row":"","footnotes":""},"class_list":["post-15","page","type-page","status-publish","hentry"],"yoast_head":"<!-- This site is optimized with the Yoast SEO plugin v27.3 - https:\/\/yoast.com\/product\/yoast-seo-wordpress\/ -->\n<title>\u00bfPorqu\u00e9 es importante el cuidado de los pies en un Paciente Diab\u00e9tico? - CENTRO DE ATENCI&Oacute;N AL PIE<\/title>\n<meta name=\"robots\" content=\"index, follow, max-snippet:-1, max-image-preview:large, max-video-preview:-1\" \/>\n<link rel=\"canonical\" href=\"https:\/\/www.podologiaperu.com\/news\/pie-diabetico\/\" \/>\n<meta property=\"og:locale\" content=\"es_ES\" \/>\n<meta property=\"og:type\" content=\"article\" \/>\n<meta property=\"og:title\" content=\"\u00bfPorqu\u00e9 es importante el cuidado de los pies en un Paciente Diab\u00e9tico? - CENTRO DE ATENCI&Oacute;N AL PIE\" \/>\n<meta property=\"og:description\" content=\"Empezaremos explicando, Qu\u00e9 es la Diabetes? La Diabetes Mellitus es una enfermedad metab\u00f3lica cr\u00f3nica caracterizada por unos altos niveles de glucosa (az\u00facar en la sangre), [...]\" \/>\n<meta property=\"og:url\" content=\"https:\/\/www.podologiaperu.com\/news\/pie-diabetico\/\" \/>\n<meta property=\"og:site_name\" content=\"CENTRO DE ATENCI&Oacute;N AL PIE\" \/>\n<meta name=\"twitter:card\" content=\"summary_large_image\" \/>\n<meta name=\"twitter:label1\" content=\"Tiempo de lectura\" \/>\n\t<meta name=\"twitter:data1\" content=\"3 minutos\" \/>\n<script type=\"application\/ld+json\" class=\"yoast-schema-graph\">{\"@context\":\"https:\\\/\\\/schema.org\",\"@graph\":[{\"@type\":\"WebPage\",\"@id\":\"https:\\\/\\\/www.podologiaperu.com\\\/news\\\/pie-diabetico\\\/\",\"url\":\"https:\\\/\\\/www.podologiaperu.com\\\/news\\\/pie-diabetico\\\/\",\"name\":\"\u00bfPorqu\u00e9 es importante el cuidado de los pies en un Paciente Diab\u00e9tico? - CENTRO DE ATENCI&Oacute;N AL PIE\",\"isPartOf\":{\"@id\":\"https:\\\/\\\/www.podologiaperu.com\\\/news\\\/#website\"},\"datePublished\":\"2007-10-28T22:58:35+00:00\",\"breadcrumb\":{\"@id\":\"https:\\\/\\\/www.podologiaperu.com\\\/news\\\/pie-diabetico\\\/#breadcrumb\"},\"inLanguage\":\"es\",\"potentialAction\":[{\"@type\":\"ReadAction\",\"target\":[\"https:\\\/\\\/www.podologiaperu.com\\\/news\\\/pie-diabetico\\\/\"]}]},{\"@type\":\"BreadcrumbList\",\"@id\":\"https:\\\/\\\/www.podologiaperu.com\\\/news\\\/pie-diabetico\\\/#breadcrumb\",\"itemListElement\":[{\"@type\":\"ListItem\",\"position\":1,\"name\":\"Portada\",\"item\":\"https:\\\/\\\/www.podologiaperu.com\\\/news\\\/\"},{\"@type\":\"ListItem\",\"position\":2,\"name\":\"\u00bfPorqu\u00e9 es importante el cuidado de los pies en un Paciente Diab\u00e9tico?\"}]},{\"@type\":\"WebSite\",\"@id\":\"https:\\\/\\\/www.podologiaperu.com\\\/news\\\/#website\",\"url\":\"https:\\\/\\\/www.podologiaperu.com\\\/news\\\/\",\"name\":\"CENTRO DE ATENCI&Oacute;N AL PIE\",\"description\":\"PODOLOG&Iacute;A BERTHA BURGOS    952-374310 \\\/  01 462-2299\",\"publisher\":{\"@id\":\"https:\\\/\\\/www.podologiaperu.com\\\/news\\\/#organization\"},\"potentialAction\":[{\"@type\":\"SearchAction\",\"target\":{\"@type\":\"EntryPoint\",\"urlTemplate\":\"https:\\\/\\\/www.podologiaperu.com\\\/news\\\/?s={search_term_string}\"},\"query-input\":{\"@type\":\"PropertyValueSpecification\",\"valueRequired\":true,\"valueName\":\"search_term_string\"}}],\"inLanguage\":\"es\"},{\"@type\":\"Organization\",\"@id\":\"https:\\\/\\\/www.podologiaperu.com\\\/news\\\/#organization\",\"name\":\"CENTRO DE ATENCI&Oacute;N AL PIE\",\"url\":\"https:\\\/\\\/www.podologiaperu.com\\\/news\\\/\",\"logo\":{\"@type\":\"ImageObject\",\"inLanguage\":\"es\",\"@id\":\"https:\\\/\\\/www.podologiaperu.com\\\/news\\\/#\\\/schema\\\/logo\\\/image\\\/\",\"url\":\"https:\\\/\\\/www.podologiaperu.com\\\/news\\\/wp-content\\\/uploads\\\/2019\\\/10\\\/cropped-logo.png\",\"contentUrl\":\"https:\\\/\\\/www.podologiaperu.com\\\/news\\\/wp-content\\\/uploads\\\/2019\\\/10\\\/cropped-logo.png\",\"width\":147,\"height\":90,\"caption\":\"CENTRO DE ATENCI&Oacute;N AL PIE \"},\"image\":{\"@id\":\"https:\\\/\\\/www.podologiaperu.com\\\/news\\\/#\\\/schema\\\/logo\\\/image\\\/\"}}]}<\/script>\n<!-- \/ Yoast SEO plugin. -->","yoast_head_json":{"title":"\u00bfPorqu\u00e9 es importante el cuidado de los pies en un Paciente Diab\u00e9tico? - CENTRO DE ATENCI&Oacute;N AL PIE","robots":{"index":"index","follow":"follow","max-snippet":"max-snippet:-1","max-image-preview":"max-image-preview:large","max-video-preview":"max-video-preview:-1"},"canonical":"https:\/\/www.podologiaperu.com\/news\/pie-diabetico\/","og_locale":"es_ES","og_type":"article","og_title":"\u00bfPorqu\u00e9 es importante el cuidado de los pies en un Paciente Diab\u00e9tico? - CENTRO DE ATENCI&Oacute;N AL PIE","og_description":"Empezaremos explicando, Qu\u00e9 es la Diabetes? La Diabetes Mellitus es una enfermedad metab\u00f3lica cr\u00f3nica caracterizada por unos altos niveles de glucosa (az\u00facar en la sangre), [...]","og_url":"https:\/\/www.podologiaperu.com\/news\/pie-diabetico\/","og_site_name":"CENTRO DE ATENCI&Oacute;N AL PIE","twitter_card":"summary_large_image","twitter_misc":{"Tiempo de lectura":"3 minutos"},"schema":{"@context":"https:\/\/schema.org","@graph":[{"@type":"WebPage","@id":"https:\/\/www.podologiaperu.com\/news\/pie-diabetico\/","url":"https:\/\/www.podologiaperu.com\/news\/pie-diabetico\/","name":"\u00bfPorqu\u00e9 es importante el cuidado de los pies en un Paciente Diab\u00e9tico? - CENTRO DE ATENCI&Oacute;N AL PIE","isPartOf":{"@id":"https:\/\/www.podologiaperu.com\/news\/#website"},"datePublished":"2007-10-28T22:58:35+00:00","breadcrumb":{"@id":"https:\/\/www.podologiaperu.com\/news\/pie-diabetico\/#breadcrumb"},"inLanguage":"es","potentialAction":[{"@type":"ReadAction","target":["https:\/\/www.podologiaperu.com\/news\/pie-diabetico\/"]}]},{"@type":"BreadcrumbList","@id":"https:\/\/www.podologiaperu.com\/news\/pie-diabetico\/#breadcrumb","itemListElement":[{"@type":"ListItem","position":1,"name":"Portada","item":"https:\/\/www.podologiaperu.com\/news\/"},{"@type":"ListItem","position":2,"name":"\u00bfPorqu\u00e9 es importante el cuidado de los pies en un Paciente Diab\u00e9tico?"}]},{"@type":"WebSite","@id":"https:\/\/www.podologiaperu.com\/news\/#website","url":"https:\/\/www.podologiaperu.com\/news\/","name":"CENTRO DE ATENCI&Oacute;N AL PIE","description":"PODOLOG&Iacute;A BERTHA BURGOS    952-374310 \/  01 462-2299","publisher":{"@id":"https:\/\/www.podologiaperu.com\/news\/#organization"},"potentialAction":[{"@type":"SearchAction","target":{"@type":"EntryPoint","urlTemplate":"https:\/\/www.podologiaperu.com\/news\/?s={search_term_string}"},"query-input":{"@type":"PropertyValueSpecification","valueRequired":true,"valueName":"search_term_string"}}],"inLanguage":"es"},{"@type":"Organization","@id":"https:\/\/www.podologiaperu.com\/news\/#organization","name":"CENTRO DE ATENCI&Oacute;N AL PIE","url":"https:\/\/www.podologiaperu.com\/news\/","logo":{"@type":"ImageObject","inLanguage":"es","@id":"https:\/\/www.podologiaperu.com\/news\/#\/schema\/logo\/image\/","url":"https:\/\/www.podologiaperu.com\/news\/wp-content\/uploads\/2019\/10\/cropped-logo.png","contentUrl":"https:\/\/www.podologiaperu.com\/news\/wp-content\/uploads\/2019\/10\/cropped-logo.png","width":147,"height":90,"caption":"CENTRO DE ATENCI&Oacute;N AL PIE "},"image":{"@id":"https:\/\/www.podologiaperu.com\/news\/#\/schema\/logo\/image\/"}}]}},"_links":{"self":[{"href":"https:\/\/www.podologiaperu.com\/news\/wp-json\/wp\/v2\/pages\/15","targetHints":{"allow":["GET"]}}],"collection":[{"href":"https:\/\/www.podologiaperu.com\/news\/wp-json\/wp\/v2\/pages"}],"about":[{"href":"https:\/\/www.podologiaperu.com\/news\/wp-json\/wp\/v2\/types\/page"}],"author":[{"embeddable":true,"href":"https:\/\/www.podologiaperu.com\/news\/wp-json\/wp\/v2\/users\/1"}],"replies":[{"embeddable":true,"href":"https:\/\/www.podologiaperu.com\/news\/wp-json\/wp\/v2\/comments?post=15"}],"version-history":[{"count":0,"href":"https:\/\/www.podologiaperu.com\/news\/wp-json\/wp\/v2\/pages\/15\/revisions"}],"wp:attachment":[{"href":"https:\/\/www.podologiaperu.com\/news\/wp-json\/wp\/v2\/media?parent=15"}],"curies":[{"name":"wp","href":"https:\/\/api.w.org\/{rel}","templated":true}]}}