{"id":13,"date":"2007-10-28T22:47:42","date_gmt":"2007-10-28T22:47:42","guid":{"rendered":"http:\/\/podologiaperu.info\/news\/?page_id=11"},"modified":"2007-10-28T22:47:42","modified_gmt":"2007-10-28T22:47:42","slug":"juanetes","status":"publish","type":"page","link":"https:\/\/www.podologiaperu.com\/news\/juanetes\/","title":{"rendered":"\u00bf Que son los Juanetes ?"},"content":{"rendered":"<table border=\"0\" width=\"100%\">\n<tbody>\n<tr>\n<td width=\"13%\"><span style=\"font-size: medium; color: #666666;\"><img loading=\"lazy\" decoding=\"async\" src=\"http:\/\/podologiaperu.info\/images\/juanete.gif\" border=\"1\" alt=\"\" width=\"131\" height=\"164\" align=\"left\" \/><\/span><\/td>\n<td width=\"87%\" align=\"center\">\n<h1><span style=\"color: #666666;\">Juanetes<\/span><\/h1>\n<\/td>\n<\/tr>\n<\/tbody>\n<\/table>\n<div><\/div>\n<p><span style=\"font-size: x-small; font-family: Arial;\"><\/p>\n<p align=\"left\">Un juanete es un agrandamiento de la articulaci\u00f3n de la base del dedo gordo del pie, la articulaci\u00f3n metatarsofal\u00e1ngica \u2013 se produce al desplazarse el hueso o el tejido de la articulaci\u00f3n del dedo gordo.<\/p>\n<p align=\"left\">Como esta articulaci\u00f3n soporta gran parte del peso del cuerpo al caminar, los juanetes pueden ser extremadamente dolorosos si no se tratan. La propia articulaci\u00f3n metatarsofal\u00e1ngica puede volverse r\u00edgida e irritada, haciendo dif\u00edcil oimposible incluso llevar zapatos. Los juanetes\u00a0pueden darse tambi\u00e9<span style=\"font-size: x-small; font-family: Arial;\">n en \u00a0la parte exterior del pie, en el dedo chico, donde se le llama \u201cjuanete de sastre\u201d.<\/span><\/p>\n<p>\u00a0<\/p>\n<p>\u00a0<\/p>\n<p><\/span><\/p>\n<p align=\"justify\"><strong>Causas<\/strong><\/p>\n<ul>\n<li>Uso de un calzado demasiado estrecho<\/li>\n<li>Factores gen\u00e9ticos<\/li>\n<li>Ciertas malformaciones de los huesos del pie<\/li>\n<li>Alteraciones en la forma de caminar (p.e. volcar el pie hacia adentro)<\/li>\n<li>Procesos artr\u00edticos y artr\u00f3sicos<\/li>\n<li>Ligamentos demasiado laxos<\/li>\n<li>El uso de un calzado de puntera estrecha y con un tal\u00f3n demasiado alto acelera la aparici\u00f3n de juanetes<\/li>\n<\/ul>\n<p align=\"justify\"><strong>S\u00edntomas<\/strong><\/p>\n<ul>\n<li>Dolor a lo largo del margen medio del pie justo debajo del dedo gordo<\/li>\n<li>Molestias al calzarse<\/li>\n<li>Aparici\u00f3n de una callosidad a nivel del juanete<\/li>\n<li>Molestias e irritaciones a nivel de los dedos adyacentes, principalmente el segundo dedo<\/li>\n<li>Debilidad de la piel a nivel del juanete, que puede provocar la rotura de esta e infecciones<\/li>\n<\/ul>\n<p align=\"justify\"><strong><\/strong><\/p>\n","protected":false},"excerpt":{"rendered":"<div class=\"mh-excerpt\"><p>Juanetes Un juanete es un agrandamiento de la articulaci\u00f3n de la base del dedo gordo del pie, la articulaci\u00f3n metatarsofal\u00e1ngica \u2013 se produce al desplazarse <a class=\"mh-excerpt-more\" href=\"https:\/\/www.podologiaperu.com\/news\/juanetes\/\" title=\"\u00bf Que son los Juanetes ?\">[&#8230;]<\/a><\/p>\n<\/div>","protected":false},"author":1,"featured_media":0,"parent":0,"menu_order":8,"comment_status":"open","ping_status":"open","template":"","meta":{"sfsi_plus_gutenberg_text_before_share":"","sfsi_plus_gutenberg_show_text_before_share":"","sfsi_plus_gutenberg_icon_type":"","sfsi_plus_gutenberg_icon_alignemt":"","sfsi_plus_gutenburg_max_per_row":"","footnotes":""},"class_list":["post-13","page","type-page","status-publish","hentry"],"yoast_head":"<!-- This site is optimized with the Yoast SEO plugin v27.3 - https:\/\/yoast.com\/product\/yoast-seo-wordpress\/ -->\n<title>\u00bf Que son los Juanetes ? - CENTRO DE ATENCI&Oacute;N AL PIE<\/title>\n<meta name=\"robots\" content=\"index, follow, max-snippet:-1, max-image-preview:large, max-video-preview:-1\" \/>\n<link rel=\"canonical\" href=\"https:\/\/www.podologiaperu.com\/news\/juanetes\/\" \/>\n<meta property=\"og:locale\" content=\"es_ES\" \/>\n<meta property=\"og:type\" content=\"article\" \/>\n<meta property=\"og:title\" content=\"\u00bf Que son los Juanetes ? - CENTRO DE ATENCI&Oacute;N AL PIE\" \/>\n<meta property=\"og:description\" content=\"Juanetes Un juanete es un agrandamiento de la articulaci\u00f3n de la base del dedo gordo del pie, la articulaci\u00f3n metatarsofal\u00e1ngica \u2013 se produce al desplazarse [...]\" \/>\n<meta property=\"og:url\" content=\"https:\/\/www.podologiaperu.com\/news\/juanetes\/\" \/>\n<meta property=\"og:site_name\" content=\"CENTRO DE ATENCI&Oacute;N AL PIE\" \/>\n<meta property=\"og:image\" content=\"http:\/\/podologiaperu.info\/images\/juanete.gif\" \/>\n<meta name=\"twitter:card\" content=\"summary_large_image\" \/>\n<meta name=\"twitter:label1\" content=\"Tiempo de lectura\" \/>\n\t<meta name=\"twitter:data1\" content=\"1 minuto\" \/>\n<script type=\"application\/ld+json\" class=\"yoast-schema-graph\">{\"@context\":\"https:\\\/\\\/schema.org\",\"@graph\":[{\"@type\":\"WebPage\",\"@id\":\"https:\\\/\\\/www.podologiaperu.com\\\/news\\\/juanetes\\\/\",\"url\":\"https:\\\/\\\/www.podologiaperu.com\\\/news\\\/juanetes\\\/\",\"name\":\"\u00bf Que son los Juanetes ? - CENTRO DE ATENCI&Oacute;N AL PIE\",\"isPartOf\":{\"@id\":\"https:\\\/\\\/www.podologiaperu.com\\\/news\\\/#website\"},\"primaryImageOfPage\":{\"@id\":\"https:\\\/\\\/www.podologiaperu.com\\\/news\\\/juanetes\\\/#primaryimage\"},\"image\":{\"@id\":\"https:\\\/\\\/www.podologiaperu.com\\\/news\\\/juanetes\\\/#primaryimage\"},\"thumbnailUrl\":\"http:\\\/\\\/podologiaperu.info\\\/images\\\/juanete.gif\",\"datePublished\":\"2007-10-28T22:47:42+00:00\",\"breadcrumb\":{\"@id\":\"https:\\\/\\\/www.podologiaperu.com\\\/news\\\/juanetes\\\/#breadcrumb\"},\"inLanguage\":\"es\",\"potentialAction\":[{\"@type\":\"ReadAction\",\"target\":[\"https:\\\/\\\/www.podologiaperu.com\\\/news\\\/juanetes\\\/\"]}]},{\"@type\":\"ImageObject\",\"inLanguage\":\"es\",\"@id\":\"https:\\\/\\\/www.podologiaperu.com\\\/news\\\/juanetes\\\/#primaryimage\",\"url\":\"http:\\\/\\\/podologiaperu.info\\\/images\\\/juanete.gif\",\"contentUrl\":\"http:\\\/\\\/podologiaperu.info\\\/images\\\/juanete.gif\"},{\"@type\":\"BreadcrumbList\",\"@id\":\"https:\\\/\\\/www.podologiaperu.com\\\/news\\\/juanetes\\\/#breadcrumb\",\"itemListElement\":[{\"@type\":\"ListItem\",\"position\":1,\"name\":\"Portada\",\"item\":\"https:\\\/\\\/www.podologiaperu.com\\\/news\\\/\"},{\"@type\":\"ListItem\",\"position\":2,\"name\":\"\u00bf Que son los Juanetes ?\"}]},{\"@type\":\"WebSite\",\"@id\":\"https:\\\/\\\/www.podologiaperu.com\\\/news\\\/#website\",\"url\":\"https:\\\/\\\/www.podologiaperu.com\\\/news\\\/\",\"name\":\"CENTRO DE ATENCI&Oacute;N AL PIE\",\"description\":\"PODOLOG&Iacute;A BERTHA BURGOS    952-374310 \\\/  01 462-2299\",\"publisher\":{\"@id\":\"https:\\\/\\\/www.podologiaperu.com\\\/news\\\/#organization\"},\"potentialAction\":[{\"@type\":\"SearchAction\",\"target\":{\"@type\":\"EntryPoint\",\"urlTemplate\":\"https:\\\/\\\/www.podologiaperu.com\\\/news\\\/?s={search_term_string}\"},\"query-input\":{\"@type\":\"PropertyValueSpecification\",\"valueRequired\":true,\"valueName\":\"search_term_string\"}}],\"inLanguage\":\"es\"},{\"@type\":\"Organization\",\"@id\":\"https:\\\/\\\/www.podologiaperu.com\\\/news\\\/#organization\",\"name\":\"CENTRO DE ATENCI&Oacute;N AL PIE\",\"url\":\"https:\\\/\\\/www.podologiaperu.com\\\/news\\\/\",\"logo\":{\"@type\":\"ImageObject\",\"inLanguage\":\"es\",\"@id\":\"https:\\\/\\\/www.podologiaperu.com\\\/news\\\/#\\\/schema\\\/logo\\\/image\\\/\",\"url\":\"https:\\\/\\\/www.podologiaperu.com\\\/news\\\/wp-content\\\/uploads\\\/2019\\\/10\\\/cropped-logo.png\",\"contentUrl\":\"https:\\\/\\\/www.podologiaperu.com\\\/news\\\/wp-content\\\/uploads\\\/2019\\\/10\\\/cropped-logo.png\",\"width\":147,\"height\":90,\"caption\":\"CENTRO DE ATENCI&Oacute;N AL PIE \"},\"image\":{\"@id\":\"https:\\\/\\\/www.podologiaperu.com\\\/news\\\/#\\\/schema\\\/logo\\\/image\\\/\"}}]}<\/script>\n<!-- \/ Yoast SEO plugin. -->","yoast_head_json":{"title":"\u00bf Que son los Juanetes ? - CENTRO DE ATENCI&Oacute;N AL PIE","robots":{"index":"index","follow":"follow","max-snippet":"max-snippet:-1","max-image-preview":"max-image-preview:large","max-video-preview":"max-video-preview:-1"},"canonical":"https:\/\/www.podologiaperu.com\/news\/juanetes\/","og_locale":"es_ES","og_type":"article","og_title":"\u00bf Que son los Juanetes ? - CENTRO DE ATENCI&Oacute;N AL PIE","og_description":"Juanetes Un juanete es un agrandamiento de la articulaci\u00f3n de la base del dedo gordo del pie, la articulaci\u00f3n metatarsofal\u00e1ngica \u2013 se produce al desplazarse [...]","og_url":"https:\/\/www.podologiaperu.com\/news\/juanetes\/","og_site_name":"CENTRO DE ATENCI&Oacute;N AL PIE","og_image":[{"url":"http:\/\/podologiaperu.info\/images\/juanete.gif","type":"","width":"","height":""}],"twitter_card":"summary_large_image","twitter_misc":{"Tiempo de lectura":"1 minuto"},"schema":{"@context":"https:\/\/schema.org","@graph":[{"@type":"WebPage","@id":"https:\/\/www.podologiaperu.com\/news\/juanetes\/","url":"https:\/\/www.podologiaperu.com\/news\/juanetes\/","name":"\u00bf Que son los Juanetes ? - CENTRO DE ATENCI&Oacute;N AL PIE","isPartOf":{"@id":"https:\/\/www.podologiaperu.com\/news\/#website"},"primaryImageOfPage":{"@id":"https:\/\/www.podologiaperu.com\/news\/juanetes\/#primaryimage"},"image":{"@id":"https:\/\/www.podologiaperu.com\/news\/juanetes\/#primaryimage"},"thumbnailUrl":"http:\/\/podologiaperu.info\/images\/juanete.gif","datePublished":"2007-10-28T22:47:42+00:00","breadcrumb":{"@id":"https:\/\/www.podologiaperu.com\/news\/juanetes\/#breadcrumb"},"inLanguage":"es","potentialAction":[{"@type":"ReadAction","target":["https:\/\/www.podologiaperu.com\/news\/juanetes\/"]}]},{"@type":"ImageObject","inLanguage":"es","@id":"https:\/\/www.podologiaperu.com\/news\/juanetes\/#primaryimage","url":"http:\/\/podologiaperu.info\/images\/juanete.gif","contentUrl":"http:\/\/podologiaperu.info\/images\/juanete.gif"},{"@type":"BreadcrumbList","@id":"https:\/\/www.podologiaperu.com\/news\/juanetes\/#breadcrumb","itemListElement":[{"@type":"ListItem","position":1,"name":"Portada","item":"https:\/\/www.podologiaperu.com\/news\/"},{"@type":"ListItem","position":2,"name":"\u00bf Que son los Juanetes ?"}]},{"@type":"WebSite","@id":"https:\/\/www.podologiaperu.com\/news\/#website","url":"https:\/\/www.podologiaperu.com\/news\/","name":"CENTRO DE ATENCI&Oacute;N AL PIE","description":"PODOLOG&Iacute;A BERTHA BURGOS    952-374310 \/  01 462-2299","publisher":{"@id":"https:\/\/www.podologiaperu.com\/news\/#organization"},"potentialAction":[{"@type":"SearchAction","target":{"@type":"EntryPoint","urlTemplate":"https:\/\/www.podologiaperu.com\/news\/?s={search_term_string}"},"query-input":{"@type":"PropertyValueSpecification","valueRequired":true,"valueName":"search_term_string"}}],"inLanguage":"es"},{"@type":"Organization","@id":"https:\/\/www.podologiaperu.com\/news\/#organization","name":"CENTRO DE ATENCI&Oacute;N AL PIE","url":"https:\/\/www.podologiaperu.com\/news\/","logo":{"@type":"ImageObject","inLanguage":"es","@id":"https:\/\/www.podologiaperu.com\/news\/#\/schema\/logo\/image\/","url":"https:\/\/www.podologiaperu.com\/news\/wp-content\/uploads\/2019\/10\/cropped-logo.png","contentUrl":"https:\/\/www.podologiaperu.com\/news\/wp-content\/uploads\/2019\/10\/cropped-logo.png","width":147,"height":90,"caption":"CENTRO DE ATENCI&Oacute;N AL PIE "},"image":{"@id":"https:\/\/www.podologiaperu.com\/news\/#\/schema\/logo\/image\/"}}]}},"_links":{"self":[{"href":"https:\/\/www.podologiaperu.com\/news\/wp-json\/wp\/v2\/pages\/13","targetHints":{"allow":["GET"]}}],"collection":[{"href":"https:\/\/www.podologiaperu.com\/news\/wp-json\/wp\/v2\/pages"}],"about":[{"href":"https:\/\/www.podologiaperu.com\/news\/wp-json\/wp\/v2\/types\/page"}],"author":[{"embeddable":true,"href":"https:\/\/www.podologiaperu.com\/news\/wp-json\/wp\/v2\/users\/1"}],"replies":[{"embeddable":true,"href":"https:\/\/www.podologiaperu.com\/news\/wp-json\/wp\/v2\/comments?post=13"}],"version-history":[{"count":0,"href":"https:\/\/www.podologiaperu.com\/news\/wp-json\/wp\/v2\/pages\/13\/revisions"}],"wp:attachment":[{"href":"https:\/\/www.podologiaperu.com\/news\/wp-json\/wp\/v2\/media?parent=13"}],"curies":[{"name":"wp","href":"https:\/\/api.w.org\/{rel}","templated":true}]}}