{"id":12,"date":"2007-10-28T22:37:19","date_gmt":"2007-10-28T22:37:19","guid":{"rendered":"http:\/\/podologiaperu.info\/news\/?page_id=10"},"modified":"2007-10-28T22:37:19","modified_gmt":"2007-10-28T22:37:19","slug":"verrugas","status":"publish","type":"page","link":"https:\/\/www.podologiaperu.com\/news\/verrugas\/","title":{"rendered":"Verrugas"},"content":{"rendered":"<h1 align=\"center\"><font color=\"#666666\">Verrugas<\/font><\/h1>\n<p><img loading=\"lazy\" decoding=\"async\" src=\"http:\/\/podologiaperu.info\/images\/esqpapilo.jpg\" align=\"left\" height=\"313\" hspace=\"13\" width=\"250\" \/>Las verrugas son una de las lesiones menores del pie m\u00e1s frecuentes, que en algunas ocasiones pueden causar bastante dolor. Est\u00e1n causadas por un virus (virus del papiloma humano) que invade la piel a trav\u00e9s de peque\u00f1as heridas y coloniza las papilas d\u00e9rmicas.<\/p>\n<p>Su lugar de aparici\u00f3n m\u00e1s frecuente es en la planta de los pies.<\/p>\n<p>Afecta principalmente a ni\u00f1os y adolescentes, y tambi\u00e9n aparecen en personas con defensas bajas o en caso de ansiedad o estr\u00e9s. Muchas veces se confunden con callosidades, porqu\u00e9 se recubren de una cubierta dura y amarillenta parecida a una callosidad. La forma de diferenciarlas es presionar sobre la verruga y despu\u00e9s pellizcarla, el dolor al pellizcar es m\u00e1s superior que al presionar.<\/p>\n<p>El principal lugar de contagio es en lugares h\u00famedos y con una temperatura c\u00e1lida (p.e piscinas), o en cualquier superficie por la que se camine descalzo.<\/p>\n<p>Si no se tratan pueden aparecer otras verrugas cercanas a la lesi\u00f3n principal o a cierta distancia. Algunas verrugas pueden desaparecer espont\u00e1nemente sin tratamiento, aunque en algunos casos vuelve a aparecer en el mismo lugar al cabo de un tiempo de finalizar el tratamiento.<\/p>\n<p><strong>Prevenci\u00f3n<\/strong><\/p>\n<ul>\n<li>Evitar caminar descalzo por lugares p\u00fablicos<\/li>\n<li>Utilizar sandalias en piscinas gimnasios, etc<\/li>\n<li>Mantener los pies secos y limpios<\/li>\n<li> Vigilar los pies de los ni\u00f1os regularmente<\/li>\n<li> No ignorar crecimientos extra\u00f1os en la piel<\/li>\n<\/ul>\n<p><strong>Tratamiento<\/strong><\/p>\n<p>El tratamiento m\u00e1s indicado para las verrugas es la eliminaci\u00f3n de las mismas mediante combinaciones de medicamentos y \u00e1cidos en curas cerradas o abiertas. La duraci\u00f3n del tratamiento suele variar de 3 a 5 semanas, aunque influyen mucho factores propios de la persona.<\/p>\n<p>Recuerde: lo m\u00e1s importante es evitar contagiar a otras personas y el propio autocontagio. Siga los consejos de prevenci\u00f3n<\/p>\n","protected":false},"excerpt":{"rendered":"<div class=\"mh-excerpt\"><p>Verrugas Las verrugas son una de las lesiones menores del pie m\u00e1s frecuentes, que en algunas ocasiones pueden causar bastante dolor. Est\u00e1n causadas por un <a class=\"mh-excerpt-more\" href=\"https:\/\/www.podologiaperu.com\/news\/verrugas\/\" title=\"Verrugas\">[&#8230;]<\/a><\/p>\n<\/div>","protected":false},"author":1,"featured_media":0,"parent":0,"menu_order":9,"comment_status":"closed","ping_status":"open","template":"","meta":{"sfsi_plus_gutenberg_text_before_share":"","sfsi_plus_gutenberg_show_text_before_share":"","sfsi_plus_gutenberg_icon_type":"","sfsi_plus_gutenberg_icon_alignemt":"","sfsi_plus_gutenburg_max_per_row":"","footnotes":""},"class_list":["post-12","page","type-page","status-publish","hentry"],"yoast_head":"<!-- This site is optimized with the Yoast SEO plugin v27.3 - https:\/\/yoast.com\/product\/yoast-seo-wordpress\/ -->\n<title>Verrugas - CENTRO DE ATENCI&Oacute;N AL PIE<\/title>\n<meta name=\"robots\" content=\"index, follow, max-snippet:-1, max-image-preview:large, max-video-preview:-1\" \/>\n<link rel=\"canonical\" href=\"https:\/\/www.podologiaperu.com\/news\/verrugas\/\" \/>\n<meta property=\"og:locale\" content=\"es_ES\" \/>\n<meta property=\"og:type\" content=\"article\" \/>\n<meta property=\"og:title\" content=\"Verrugas - CENTRO DE ATENCI&Oacute;N AL PIE\" \/>\n<meta property=\"og:description\" content=\"Verrugas Las verrugas son una de las lesiones menores del pie m\u00e1s frecuentes, que en algunas ocasiones pueden causar bastante dolor. Est\u00e1n causadas por un [...]\" \/>\n<meta property=\"og:url\" content=\"https:\/\/www.podologiaperu.com\/news\/verrugas\/\" \/>\n<meta property=\"og:site_name\" content=\"CENTRO DE ATENCI&Oacute;N AL PIE\" \/>\n<meta property=\"og:image\" content=\"http:\/\/podologiaperu.info\/images\/esqpapilo.jpg\" \/>\n<meta name=\"twitter:card\" content=\"summary_large_image\" \/>\n<meta name=\"twitter:label1\" content=\"Tiempo de lectura\" \/>\n\t<meta name=\"twitter:data1\" content=\"2 minutos\" \/>\n<script type=\"application\/ld+json\" class=\"yoast-schema-graph\">{\"@context\":\"https:\\\/\\\/schema.org\",\"@graph\":[{\"@type\":\"WebPage\",\"@id\":\"https:\\\/\\\/www.podologiaperu.com\\\/news\\\/verrugas\\\/\",\"url\":\"https:\\\/\\\/www.podologiaperu.com\\\/news\\\/verrugas\\\/\",\"name\":\"Verrugas - CENTRO DE ATENCI&Oacute;N AL PIE\",\"isPartOf\":{\"@id\":\"https:\\\/\\\/www.podologiaperu.com\\\/news\\\/#website\"},\"primaryImageOfPage\":{\"@id\":\"https:\\\/\\\/www.podologiaperu.com\\\/news\\\/verrugas\\\/#primaryimage\"},\"image\":{\"@id\":\"https:\\\/\\\/www.podologiaperu.com\\\/news\\\/verrugas\\\/#primaryimage\"},\"thumbnailUrl\":\"http:\\\/\\\/podologiaperu.info\\\/images\\\/esqpapilo.jpg\",\"datePublished\":\"2007-10-28T22:37:19+00:00\",\"breadcrumb\":{\"@id\":\"https:\\\/\\\/www.podologiaperu.com\\\/news\\\/verrugas\\\/#breadcrumb\"},\"inLanguage\":\"es\",\"potentialAction\":[{\"@type\":\"ReadAction\",\"target\":[\"https:\\\/\\\/www.podologiaperu.com\\\/news\\\/verrugas\\\/\"]}]},{\"@type\":\"ImageObject\",\"inLanguage\":\"es\",\"@id\":\"https:\\\/\\\/www.podologiaperu.com\\\/news\\\/verrugas\\\/#primaryimage\",\"url\":\"http:\\\/\\\/podologiaperu.info\\\/images\\\/esqpapilo.jpg\",\"contentUrl\":\"http:\\\/\\\/podologiaperu.info\\\/images\\\/esqpapilo.jpg\"},{\"@type\":\"BreadcrumbList\",\"@id\":\"https:\\\/\\\/www.podologiaperu.com\\\/news\\\/verrugas\\\/#breadcrumb\",\"itemListElement\":[{\"@type\":\"ListItem\",\"position\":1,\"name\":\"Portada\",\"item\":\"https:\\\/\\\/www.podologiaperu.com\\\/news\\\/\"},{\"@type\":\"ListItem\",\"position\":2,\"name\":\"Verrugas\"}]},{\"@type\":\"WebSite\",\"@id\":\"https:\\\/\\\/www.podologiaperu.com\\\/news\\\/#website\",\"url\":\"https:\\\/\\\/www.podologiaperu.com\\\/news\\\/\",\"name\":\"CENTRO DE ATENCI&Oacute;N AL PIE\",\"description\":\"PODOLOG&Iacute;A BERTHA BURGOS    952-374310 \\\/  01 462-2299\",\"publisher\":{\"@id\":\"https:\\\/\\\/www.podologiaperu.com\\\/news\\\/#organization\"},\"potentialAction\":[{\"@type\":\"SearchAction\",\"target\":{\"@type\":\"EntryPoint\",\"urlTemplate\":\"https:\\\/\\\/www.podologiaperu.com\\\/news\\\/?s={search_term_string}\"},\"query-input\":{\"@type\":\"PropertyValueSpecification\",\"valueRequired\":true,\"valueName\":\"search_term_string\"}}],\"inLanguage\":\"es\"},{\"@type\":\"Organization\",\"@id\":\"https:\\\/\\\/www.podologiaperu.com\\\/news\\\/#organization\",\"name\":\"CENTRO DE ATENCI&Oacute;N AL PIE\",\"url\":\"https:\\\/\\\/www.podologiaperu.com\\\/news\\\/\",\"logo\":{\"@type\":\"ImageObject\",\"inLanguage\":\"es\",\"@id\":\"https:\\\/\\\/www.podologiaperu.com\\\/news\\\/#\\\/schema\\\/logo\\\/image\\\/\",\"url\":\"https:\\\/\\\/www.podologiaperu.com\\\/news\\\/wp-content\\\/uploads\\\/2019\\\/10\\\/cropped-logo.png\",\"contentUrl\":\"https:\\\/\\\/www.podologiaperu.com\\\/news\\\/wp-content\\\/uploads\\\/2019\\\/10\\\/cropped-logo.png\",\"width\":147,\"height\":90,\"caption\":\"CENTRO DE ATENCI&Oacute;N AL PIE \"},\"image\":{\"@id\":\"https:\\\/\\\/www.podologiaperu.com\\\/news\\\/#\\\/schema\\\/logo\\\/image\\\/\"}}]}<\/script>\n<!-- \/ Yoast SEO plugin. -->","yoast_head_json":{"title":"Verrugas - CENTRO DE ATENCI&Oacute;N AL PIE","robots":{"index":"index","follow":"follow","max-snippet":"max-snippet:-1","max-image-preview":"max-image-preview:large","max-video-preview":"max-video-preview:-1"},"canonical":"https:\/\/www.podologiaperu.com\/news\/verrugas\/","og_locale":"es_ES","og_type":"article","og_title":"Verrugas - CENTRO DE ATENCI&Oacute;N AL PIE","og_description":"Verrugas Las verrugas son una de las lesiones menores del pie m\u00e1s frecuentes, que en algunas ocasiones pueden causar bastante dolor. Est\u00e1n causadas por un [...]","og_url":"https:\/\/www.podologiaperu.com\/news\/verrugas\/","og_site_name":"CENTRO DE ATENCI&Oacute;N AL PIE","og_image":[{"url":"http:\/\/podologiaperu.info\/images\/esqpapilo.jpg","type":"","width":"","height":""}],"twitter_card":"summary_large_image","twitter_misc":{"Tiempo de lectura":"2 minutos"},"schema":{"@context":"https:\/\/schema.org","@graph":[{"@type":"WebPage","@id":"https:\/\/www.podologiaperu.com\/news\/verrugas\/","url":"https:\/\/www.podologiaperu.com\/news\/verrugas\/","name":"Verrugas - CENTRO DE ATENCI&Oacute;N AL PIE","isPartOf":{"@id":"https:\/\/www.podologiaperu.com\/news\/#website"},"primaryImageOfPage":{"@id":"https:\/\/www.podologiaperu.com\/news\/verrugas\/#primaryimage"},"image":{"@id":"https:\/\/www.podologiaperu.com\/news\/verrugas\/#primaryimage"},"thumbnailUrl":"http:\/\/podologiaperu.info\/images\/esqpapilo.jpg","datePublished":"2007-10-28T22:37:19+00:00","breadcrumb":{"@id":"https:\/\/www.podologiaperu.com\/news\/verrugas\/#breadcrumb"},"inLanguage":"es","potentialAction":[{"@type":"ReadAction","target":["https:\/\/www.podologiaperu.com\/news\/verrugas\/"]}]},{"@type":"ImageObject","inLanguage":"es","@id":"https:\/\/www.podologiaperu.com\/news\/verrugas\/#primaryimage","url":"http:\/\/podologiaperu.info\/images\/esqpapilo.jpg","contentUrl":"http:\/\/podologiaperu.info\/images\/esqpapilo.jpg"},{"@type":"BreadcrumbList","@id":"https:\/\/www.podologiaperu.com\/news\/verrugas\/#breadcrumb","itemListElement":[{"@type":"ListItem","position":1,"name":"Portada","item":"https:\/\/www.podologiaperu.com\/news\/"},{"@type":"ListItem","position":2,"name":"Verrugas"}]},{"@type":"WebSite","@id":"https:\/\/www.podologiaperu.com\/news\/#website","url":"https:\/\/www.podologiaperu.com\/news\/","name":"CENTRO DE ATENCI&Oacute;N AL PIE","description":"PODOLOG&Iacute;A BERTHA BURGOS    952-374310 \/  01 462-2299","publisher":{"@id":"https:\/\/www.podologiaperu.com\/news\/#organization"},"potentialAction":[{"@type":"SearchAction","target":{"@type":"EntryPoint","urlTemplate":"https:\/\/www.podologiaperu.com\/news\/?s={search_term_string}"},"query-input":{"@type":"PropertyValueSpecification","valueRequired":true,"valueName":"search_term_string"}}],"inLanguage":"es"},{"@type":"Organization","@id":"https:\/\/www.podologiaperu.com\/news\/#organization","name":"CENTRO DE ATENCI&Oacute;N AL PIE","url":"https:\/\/www.podologiaperu.com\/news\/","logo":{"@type":"ImageObject","inLanguage":"es","@id":"https:\/\/www.podologiaperu.com\/news\/#\/schema\/logo\/image\/","url":"https:\/\/www.podologiaperu.com\/news\/wp-content\/uploads\/2019\/10\/cropped-logo.png","contentUrl":"https:\/\/www.podologiaperu.com\/news\/wp-content\/uploads\/2019\/10\/cropped-logo.png","width":147,"height":90,"caption":"CENTRO DE ATENCI&Oacute;N AL PIE "},"image":{"@id":"https:\/\/www.podologiaperu.com\/news\/#\/schema\/logo\/image\/"}}]}},"_links":{"self":[{"href":"https:\/\/www.podologiaperu.com\/news\/wp-json\/wp\/v2\/pages\/12","targetHints":{"allow":["GET"]}}],"collection":[{"href":"https:\/\/www.podologiaperu.com\/news\/wp-json\/wp\/v2\/pages"}],"about":[{"href":"https:\/\/www.podologiaperu.com\/news\/wp-json\/wp\/v2\/types\/page"}],"author":[{"embeddable":true,"href":"https:\/\/www.podologiaperu.com\/news\/wp-json\/wp\/v2\/users\/1"}],"replies":[{"embeddable":true,"href":"https:\/\/www.podologiaperu.com\/news\/wp-json\/wp\/v2\/comments?post=12"}],"version-history":[{"count":0,"href":"https:\/\/www.podologiaperu.com\/news\/wp-json\/wp\/v2\/pages\/12\/revisions"}],"wp:attachment":[{"href":"https:\/\/www.podologiaperu.com\/news\/wp-json\/wp\/v2\/media?parent=12"}],"curies":[{"name":"wp","href":"https:\/\/api.w.org\/{rel}","templated":true}]}}