{"id":10,"date":"2007-10-28T21:51:11","date_gmt":"2007-10-29T02:51:11","guid":{"rendered":"http:\/\/podologiaperu.info\/news\/?page_id=8"},"modified":"2007-10-28T21:51:11","modified_gmt":"2007-10-29T02:51:11","slug":"unas-encarnadas","status":"publish","type":"page","link":"https:\/\/www.podologiaperu.com\/news\/unas-encarnadas\/","title":{"rendered":"U\u00f1as encarnadas"},"content":{"rendered":"<table border=\"0\" width=\"100%\" align=\"center\">\n<tbody>\n<tr>\n<td width=\"34%\"><span style=\"color: #666666;\"><img loading=\"lazy\" decoding=\"async\" src=\"http:\/\/podologiaperu.info\/images\/podologia_encarcandas.jpg\" border=\"1\" alt=\"\" width=\"225\" height=\"165\" \/><\/span><\/td>\n<td width=\"66%\" align=\"center\">\n<h1><span style=\"font-size: medium; color: #666666;\">U\u00f1as<br \/>\nEncarnadas<\/span><\/h1>\n<\/td>\n<\/tr>\n<\/tbody>\n<\/table>\n<ul>\n<li>Producen dolor, infecci\u00f3n, inflamaci\u00f3n.<\/li>\n<\/ul>\n<p>En nuestro centro tratamos estos problemas, utilizando un m\u00e9todo sencillo, indoloro y el paciente puede salir caminando de la consulta sin problemas.<\/p>\n<ul>\n<li>F\u00e1cil soluci\u00f3n del problema con una consulta a tiempo.<\/li>\n<\/ul>\n","protected":false},"excerpt":{"rendered":"<div class=\"mh-excerpt\"><p>U\u00f1as Encarnadas Producen dolor, infecci\u00f3n, inflamaci\u00f3n. En nuestro centro tratamos estos problemas, utilizando un m\u00e9todo sencillo, indoloro y el paciente puede salir caminando de la <a class=\"mh-excerpt-more\" href=\"https:\/\/www.podologiaperu.com\/news\/unas-encarnadas\/\" title=\"U\u00f1as encarnadas\">[&#8230;]<\/a><\/p>\n<\/div>","protected":false},"author":1,"featured_media":0,"parent":0,"menu_order":5,"comment_status":"open","ping_status":"closed","template":"","meta":{"sfsi_plus_gutenberg_text_before_share":"","sfsi_plus_gutenberg_show_text_before_share":"","sfsi_plus_gutenberg_icon_type":"","sfsi_plus_gutenberg_icon_alignemt":"","sfsi_plus_gutenburg_max_per_row":"","footnotes":""},"class_list":["post-10","page","type-page","status-publish","hentry"],"yoast_head":"<!-- This site is optimized with the Yoast SEO plugin v27.3 - https:\/\/yoast.com\/product\/yoast-seo-wordpress\/ -->\n<title>U\u00f1as encarnadas - CENTRO DE ATENCI&Oacute;N AL PIE<\/title>\n<meta name=\"robots\" content=\"index, follow, max-snippet:-1, max-image-preview:large, max-video-preview:-1\" \/>\n<link rel=\"canonical\" href=\"https:\/\/www.podologiaperu.com\/news\/unas-encarnadas\/\" \/>\n<meta property=\"og:locale\" content=\"es_ES\" \/>\n<meta property=\"og:type\" content=\"article\" \/>\n<meta property=\"og:title\" content=\"U\u00f1as encarnadas - CENTRO DE ATENCI&Oacute;N AL PIE\" \/>\n<meta property=\"og:description\" content=\"U\u00f1as Encarnadas Producen dolor, infecci\u00f3n, inflamaci\u00f3n. En nuestro centro tratamos estos problemas, utilizando un m\u00e9todo sencillo, indoloro y el paciente puede salir caminando de la [...]\" \/>\n<meta property=\"og:url\" content=\"https:\/\/www.podologiaperu.com\/news\/unas-encarnadas\/\" \/>\n<meta property=\"og:site_name\" content=\"CENTRO DE ATENCI&Oacute;N AL PIE\" \/>\n<meta property=\"og:image\" content=\"http:\/\/podologiaperu.info\/images\/podologia_encarcandas.jpg\" \/>\n<meta name=\"twitter:card\" content=\"summary_large_image\" \/>\n<script type=\"application\/ld+json\" class=\"yoast-schema-graph\">{\"@context\":\"https:\\\/\\\/schema.org\",\"@graph\":[{\"@type\":\"WebPage\",\"@id\":\"https:\\\/\\\/www.podologiaperu.com\\\/news\\\/unas-encarnadas\\\/\",\"url\":\"https:\\\/\\\/www.podologiaperu.com\\\/news\\\/unas-encarnadas\\\/\",\"name\":\"U\u00f1as encarnadas - CENTRO DE ATENCI&Oacute;N AL PIE\",\"isPartOf\":{\"@id\":\"https:\\\/\\\/www.podologiaperu.com\\\/news\\\/#website\"},\"primaryImageOfPage\":{\"@id\":\"https:\\\/\\\/www.podologiaperu.com\\\/news\\\/unas-encarnadas\\\/#primaryimage\"},\"image\":{\"@id\":\"https:\\\/\\\/www.podologiaperu.com\\\/news\\\/unas-encarnadas\\\/#primaryimage\"},\"thumbnailUrl\":\"http:\\\/\\\/podologiaperu.info\\\/images\\\/podologia_encarcandas.jpg\",\"datePublished\":\"2007-10-29T02:51:11+00:00\",\"breadcrumb\":{\"@id\":\"https:\\\/\\\/www.podologiaperu.com\\\/news\\\/unas-encarnadas\\\/#breadcrumb\"},\"inLanguage\":\"es\",\"potentialAction\":[{\"@type\":\"ReadAction\",\"target\":[\"https:\\\/\\\/www.podologiaperu.com\\\/news\\\/unas-encarnadas\\\/\"]}]},{\"@type\":\"ImageObject\",\"inLanguage\":\"es\",\"@id\":\"https:\\\/\\\/www.podologiaperu.com\\\/news\\\/unas-encarnadas\\\/#primaryimage\",\"url\":\"http:\\\/\\\/podologiaperu.info\\\/images\\\/podologia_encarcandas.jpg\",\"contentUrl\":\"http:\\\/\\\/podologiaperu.info\\\/images\\\/podologia_encarcandas.jpg\"},{\"@type\":\"BreadcrumbList\",\"@id\":\"https:\\\/\\\/www.podologiaperu.com\\\/news\\\/unas-encarnadas\\\/#breadcrumb\",\"itemListElement\":[{\"@type\":\"ListItem\",\"position\":1,\"name\":\"Portada\",\"item\":\"https:\\\/\\\/www.podologiaperu.com\\\/news\\\/\"},{\"@type\":\"ListItem\",\"position\":2,\"name\":\"U\u00f1as encarnadas\"}]},{\"@type\":\"WebSite\",\"@id\":\"https:\\\/\\\/www.podologiaperu.com\\\/news\\\/#website\",\"url\":\"https:\\\/\\\/www.podologiaperu.com\\\/news\\\/\",\"name\":\"CENTRO DE ATENCI&Oacute;N AL PIE\",\"description\":\"PODOLOG&Iacute;A BERTHA BURGOS    952-374310 \\\/  01 462-2299\",\"publisher\":{\"@id\":\"https:\\\/\\\/www.podologiaperu.com\\\/news\\\/#organization\"},\"potentialAction\":[{\"@type\":\"SearchAction\",\"target\":{\"@type\":\"EntryPoint\",\"urlTemplate\":\"https:\\\/\\\/www.podologiaperu.com\\\/news\\\/?s={search_term_string}\"},\"query-input\":{\"@type\":\"PropertyValueSpecification\",\"valueRequired\":true,\"valueName\":\"search_term_string\"}}],\"inLanguage\":\"es\"},{\"@type\":\"Organization\",\"@id\":\"https:\\\/\\\/www.podologiaperu.com\\\/news\\\/#organization\",\"name\":\"CENTRO DE ATENCI&Oacute;N AL PIE\",\"url\":\"https:\\\/\\\/www.podologiaperu.com\\\/news\\\/\",\"logo\":{\"@type\":\"ImageObject\",\"inLanguage\":\"es\",\"@id\":\"https:\\\/\\\/www.podologiaperu.com\\\/news\\\/#\\\/schema\\\/logo\\\/image\\\/\",\"url\":\"https:\\\/\\\/www.podologiaperu.com\\\/news\\\/wp-content\\\/uploads\\\/2019\\\/10\\\/cropped-logo.png\",\"contentUrl\":\"https:\\\/\\\/www.podologiaperu.com\\\/news\\\/wp-content\\\/uploads\\\/2019\\\/10\\\/cropped-logo.png\",\"width\":147,\"height\":90,\"caption\":\"CENTRO DE ATENCI&Oacute;N AL PIE \"},\"image\":{\"@id\":\"https:\\\/\\\/www.podologiaperu.com\\\/news\\\/#\\\/schema\\\/logo\\\/image\\\/\"}}]}<\/script>\n<!-- \/ Yoast SEO plugin. -->","yoast_head_json":{"title":"U\u00f1as encarnadas - CENTRO DE ATENCI&Oacute;N AL PIE","robots":{"index":"index","follow":"follow","max-snippet":"max-snippet:-1","max-image-preview":"max-image-preview:large","max-video-preview":"max-video-preview:-1"},"canonical":"https:\/\/www.podologiaperu.com\/news\/unas-encarnadas\/","og_locale":"es_ES","og_type":"article","og_title":"U\u00f1as encarnadas - CENTRO DE ATENCI&Oacute;N AL PIE","og_description":"U\u00f1as Encarnadas Producen dolor, infecci\u00f3n, inflamaci\u00f3n. En nuestro centro tratamos estos problemas, utilizando un m\u00e9todo sencillo, indoloro y el paciente puede salir caminando de la [...]","og_url":"https:\/\/www.podologiaperu.com\/news\/unas-encarnadas\/","og_site_name":"CENTRO DE ATENCI&Oacute;N AL PIE","og_image":[{"url":"http:\/\/podologiaperu.info\/images\/podologia_encarcandas.jpg","type":"","width":"","height":""}],"twitter_card":"summary_large_image","schema":{"@context":"https:\/\/schema.org","@graph":[{"@type":"WebPage","@id":"https:\/\/www.podologiaperu.com\/news\/unas-encarnadas\/","url":"https:\/\/www.podologiaperu.com\/news\/unas-encarnadas\/","name":"U\u00f1as encarnadas - CENTRO DE ATENCI&Oacute;N AL PIE","isPartOf":{"@id":"https:\/\/www.podologiaperu.com\/news\/#website"},"primaryImageOfPage":{"@id":"https:\/\/www.podologiaperu.com\/news\/unas-encarnadas\/#primaryimage"},"image":{"@id":"https:\/\/www.podologiaperu.com\/news\/unas-encarnadas\/#primaryimage"},"thumbnailUrl":"http:\/\/podologiaperu.info\/images\/podologia_encarcandas.jpg","datePublished":"2007-10-29T02:51:11+00:00","breadcrumb":{"@id":"https:\/\/www.podologiaperu.com\/news\/unas-encarnadas\/#breadcrumb"},"inLanguage":"es","potentialAction":[{"@type":"ReadAction","target":["https:\/\/www.podologiaperu.com\/news\/unas-encarnadas\/"]}]},{"@type":"ImageObject","inLanguage":"es","@id":"https:\/\/www.podologiaperu.com\/news\/unas-encarnadas\/#primaryimage","url":"http:\/\/podologiaperu.info\/images\/podologia_encarcandas.jpg","contentUrl":"http:\/\/podologiaperu.info\/images\/podologia_encarcandas.jpg"},{"@type":"BreadcrumbList","@id":"https:\/\/www.podologiaperu.com\/news\/unas-encarnadas\/#breadcrumb","itemListElement":[{"@type":"ListItem","position":1,"name":"Portada","item":"https:\/\/www.podologiaperu.com\/news\/"},{"@type":"ListItem","position":2,"name":"U\u00f1as encarnadas"}]},{"@type":"WebSite","@id":"https:\/\/www.podologiaperu.com\/news\/#website","url":"https:\/\/www.podologiaperu.com\/news\/","name":"CENTRO DE ATENCI&Oacute;N AL PIE","description":"PODOLOG&Iacute;A BERTHA BURGOS    952-374310 \/  01 462-2299","publisher":{"@id":"https:\/\/www.podologiaperu.com\/news\/#organization"},"potentialAction":[{"@type":"SearchAction","target":{"@type":"EntryPoint","urlTemplate":"https:\/\/www.podologiaperu.com\/news\/?s={search_term_string}"},"query-input":{"@type":"PropertyValueSpecification","valueRequired":true,"valueName":"search_term_string"}}],"inLanguage":"es"},{"@type":"Organization","@id":"https:\/\/www.podologiaperu.com\/news\/#organization","name":"CENTRO DE ATENCI&Oacute;N AL PIE","url":"https:\/\/www.podologiaperu.com\/news\/","logo":{"@type":"ImageObject","inLanguage":"es","@id":"https:\/\/www.podologiaperu.com\/news\/#\/schema\/logo\/image\/","url":"https:\/\/www.podologiaperu.com\/news\/wp-content\/uploads\/2019\/10\/cropped-logo.png","contentUrl":"https:\/\/www.podologiaperu.com\/news\/wp-content\/uploads\/2019\/10\/cropped-logo.png","width":147,"height":90,"caption":"CENTRO DE ATENCI&Oacute;N AL PIE "},"image":{"@id":"https:\/\/www.podologiaperu.com\/news\/#\/schema\/logo\/image\/"}}]}},"_links":{"self":[{"href":"https:\/\/www.podologiaperu.com\/news\/wp-json\/wp\/v2\/pages\/10","targetHints":{"allow":["GET"]}}],"collection":[{"href":"https:\/\/www.podologiaperu.com\/news\/wp-json\/wp\/v2\/pages"}],"about":[{"href":"https:\/\/www.podologiaperu.com\/news\/wp-json\/wp\/v2\/types\/page"}],"author":[{"embeddable":true,"href":"https:\/\/www.podologiaperu.com\/news\/wp-json\/wp\/v2\/users\/1"}],"replies":[{"embeddable":true,"href":"https:\/\/www.podologiaperu.com\/news\/wp-json\/wp\/v2\/comments?post=10"}],"version-history":[{"count":0,"href":"https:\/\/www.podologiaperu.com\/news\/wp-json\/wp\/v2\/pages\/10\/revisions"}],"wp:attachment":[{"href":"https:\/\/www.podologiaperu.com\/news\/wp-json\/wp\/v2\/media?parent=10"}],"curies":[{"name":"wp","href":"https:\/\/api.w.org\/{rel}","templated":true}]}}