{"id":156,"date":"2023-02-08T01:45:30","date_gmt":"2023-02-08T01:45:30","guid":{"rendered":"http:\/\/www.podologiaperu.com\/?page_id=156"},"modified":"2023-02-28T05:06:26","modified_gmt":"2023-02-28T05:06:26","slug":"about-us","status":"publish","type":"page","link":"https:\/\/www.podologiaperu.com\/?page_id=156","title":{"rendered":"Pod\u00f3loga"},"content":{"rendered":"\n<div class=\"wp-block-columns is-layout-flex wp-container-core-columns-is-layout-9d6595d7 wp-block-columns-is-layout-flex\">\n<div class=\"wp-block-column is-layout-flow wp-block-column-is-layout-flow\">\n<h4 style=\"color:#186699;text-align:center;text-transform:uppercase;\">LA salud de los pies de su familia en buenas manos<\/h4>\n\n\n\n<p><br>16 A\u00f1os de experiencia a su servicio.<\/p>\n\n\n\n<p>Atenci\u00f3n personalizada.<\/p>\n\n\n\n<p>Ambientes amplios, privados y c\u00f3modos para su atenci\u00f3n podologica.<\/p>\n\n\n\n<p>Protocolos de bioseguridad, garant\u00eda y confianza.<\/p>\n\n\n\n<p><\/p>\n<\/div>\n\n\n\n<div class=\"wp-block-column is-layout-flow wp-block-column-is-layout-flow\">\n<figure class=\"wp-block-gallery has-nested-images columns-default is-cropped wp-block-gallery-1 is-layout-flex wp-block-gallery-is-layout-flex\">\n<figure class=\"wp-block-image size-large\"><img loading=\"lazy\" decoding=\"async\" width=\"402\" height=\"541\" data-id=\"55\" src=\"https:\/\/www.podologiaperu.com\/wp-content\/uploads\/2023\/02\/Slide1Principal.png\" alt=\"\" class=\"wp-image-55\" srcset=\"https:\/\/www.podologiaperu.com\/wp-content\/uploads\/2023\/02\/Slide1Principal.png 402w, https:\/\/www.podologiaperu.com\/wp-content\/uploads\/2023\/02\/Slide1Principal-223x300.png 223w\" sizes=\"auto, (max-width: 402px) 100vw, 402px\" \/><\/figure>\n<\/figure>\n<\/div>\n<\/div>\n\n\n\n<figure class=\"wp-block-gallery has-nested-images columns-default is-cropped wp-block-gallery-2 is-layout-flex wp-block-gallery-is-layout-flex\">\n<figure class=\"wp-block-image size-large\"><img loading=\"lazy\" decoding=\"async\" width=\"1024\" height=\"242\" data-id=\"347\" src=\"http:\/\/www.podologiaperu.com\/wp-content\/uploads\/2023\/02\/header2023-1-1024x242.jpg\" alt=\"\" class=\"wp-image-347\" srcset=\"https:\/\/www.podologiaperu.com\/wp-content\/uploads\/2023\/02\/header2023-1-1024x242.jpg 1024w, https:\/\/www.podologiaperu.com\/wp-content\/uploads\/2023\/02\/header2023-1-300x71.jpg 300w, https:\/\/www.podologiaperu.com\/wp-content\/uploads\/2023\/02\/header2023-1-768x181.jpg 768w, https:\/\/www.podologiaperu.com\/wp-content\/uploads\/2023\/02\/header2023-1-1536x363.jpg 1536w, https:\/\/www.podologiaperu.com\/wp-content\/uploads\/2023\/02\/header2023-1-2048x484.jpg 2048w\" sizes=\"auto, (max-width: 1024px) 100vw, 1024px\" \/><\/figure>\n<\/figure>\n","protected":false},"excerpt":{"rendered":"<p>LA salud de los pies de su familia en buenas manos 16 A\u00f1os de experiencia a su servicio. Atenci\u00f3n personalizada. Ambientes amplios, privados y c\u00f3modos para su atenci\u00f3n podologica. Protocolos de bioseguridad, garant\u00eda y confianza.<\/p>\n","protected":false},"author":1,"featured_media":0,"parent":0,"menu_order":0,"comment_status":"closed","ping_status":"closed","template":"","meta":{"footnotes":""},"class_list":["post-156","page","type-page","status-publish","hentry"],"yoast_head":"<!-- This site is optimized with the Yoast SEO plugin v27.3 - https:\/\/yoast.com\/product\/yoast-seo-wordpress\/ -->\n<title>Pod\u00f3loga - Podologia Peru Bertha Burgos<\/title>\n<meta name=\"robots\" content=\"index, follow, max-snippet:-1, max-image-preview:large, max-video-preview:-1\" \/>\n<link rel=\"canonical\" href=\"http:\/\/www.podologiaperu.com\/?page_id=156\" \/>\n<meta property=\"og:locale\" content=\"es_ES\" \/>\n<meta property=\"og:type\" content=\"article\" \/>\n<meta property=\"og:title\" content=\"Pod\u00f3loga - Podologia Peru Bertha Burgos\" \/>\n<meta property=\"og:description\" content=\"LA salud de los pies de su familia en buenas manos 16 A\u00f1os de experiencia a su servicio. Atenci\u00f3n personalizada. Ambientes amplios, privados y c\u00f3modos para su atenci\u00f3n podologica. Protocolos de bioseguridad, garant\u00eda y confianza.\" \/>\n<meta property=\"og:url\" content=\"http:\/\/www.podologiaperu.com\/?page_id=156\" \/>\n<meta property=\"og:site_name\" content=\"Podologia Peru Bertha Burgos\" \/>\n<meta property=\"article:modified_time\" content=\"2023-02-28T05:06:26+00:00\" \/>\n<meta property=\"og:image\" content=\"https:\/\/www.podologiaperu.com\/wp-content\/uploads\/2023\/02\/Slide1Principal.png\" \/>\n<meta name=\"twitter:card\" content=\"summary_large_image\" \/>\n<script type=\"application\/ld+json\" class=\"yoast-schema-graph\">{\"@context\":\"https:\\\/\\\/schema.org\",\"@graph\":[{\"@type\":\"WebPage\",\"@id\":\"http:\\\/\\\/www.podologiaperu.com\\\/?page_id=156\",\"url\":\"http:\\\/\\\/www.podologiaperu.com\\\/?page_id=156\",\"name\":\"Pod\u00f3loga - Podologia Peru Bertha Burgos\",\"isPartOf\":{\"@id\":\"http:\\\/\\\/www.podologiaperu.com\\\/#website\"},\"primaryImageOfPage\":{\"@id\":\"http:\\\/\\\/www.podologiaperu.com\\\/?page_id=156#primaryimage\"},\"image\":{\"@id\":\"http:\\\/\\\/www.podologiaperu.com\\\/?page_id=156#primaryimage\"},\"thumbnailUrl\":\"https:\\\/\\\/www.podologiaperu.com\\\/wp-content\\\/uploads\\\/2023\\\/02\\\/Slide1Principal.png\",\"datePublished\":\"2023-02-08T01:45:30+00:00\",\"dateModified\":\"2023-02-28T05:06:26+00:00\",\"breadcrumb\":{\"@id\":\"http:\\\/\\\/www.podologiaperu.com\\\/?page_id=156#breadcrumb\"},\"inLanguage\":\"es\",\"potentialAction\":[{\"@type\":\"ReadAction\",\"target\":[\"http:\\\/\\\/www.podologiaperu.com\\\/?page_id=156\"]}]},{\"@type\":\"ImageObject\",\"inLanguage\":\"es\",\"@id\":\"http:\\\/\\\/www.podologiaperu.com\\\/?page_id=156#primaryimage\",\"url\":\"https:\\\/\\\/www.podologiaperu.com\\\/wp-content\\\/uploads\\\/2023\\\/02\\\/Slide1Principal.png\",\"contentUrl\":\"https:\\\/\\\/www.podologiaperu.com\\\/wp-content\\\/uploads\\\/2023\\\/02\\\/Slide1Principal.png\",\"width\":402,\"height\":541},{\"@type\":\"BreadcrumbList\",\"@id\":\"http:\\\/\\\/www.podologiaperu.com\\\/?page_id=156#breadcrumb\",\"itemListElement\":[{\"@type\":\"ListItem\",\"position\":1,\"name\":\"Portada\",\"item\":\"http:\\\/\\\/www.podologiaperu.com\\\/\"},{\"@type\":\"ListItem\",\"position\":2,\"name\":\"Pod\u00f3loga\"}]},{\"@type\":\"WebSite\",\"@id\":\"http:\\\/\\\/www.podologiaperu.com\\\/#website\",\"url\":\"http:\\\/\\\/www.podologiaperu.com\\\/\",\"name\":\"Podologia Peru Bertha Burgos\",\"description\":\"Podologia Peru\",\"publisher\":{\"@id\":\"http:\\\/\\\/www.podologiaperu.com\\\/#organization\"},\"potentialAction\":[{\"@type\":\"SearchAction\",\"target\":{\"@type\":\"EntryPoint\",\"urlTemplate\":\"http:\\\/\\\/www.podologiaperu.com\\\/?s={search_term_string}\"},\"query-input\":{\"@type\":\"PropertyValueSpecification\",\"valueRequired\":true,\"valueName\":\"search_term_string\"}}],\"inLanguage\":\"es\"},{\"@type\":\"Organization\",\"@id\":\"http:\\\/\\\/www.podologiaperu.com\\\/#organization\",\"name\":\"Podologia Peru Bertha Burgos\",\"url\":\"http:\\\/\\\/www.podologiaperu.com\\\/\",\"logo\":{\"@type\":\"ImageObject\",\"inLanguage\":\"es\",\"@id\":\"http:\\\/\\\/www.podologiaperu.com\\\/#\\\/schema\\\/logo\\\/image\\\/\",\"url\":\"https:\\\/\\\/www.podologiaperu.com\\\/wp-content\\\/uploads\\\/2023\\\/02\\\/cropped-PodologiaLogo_Icono-3.png\",\"contentUrl\":\"https:\\\/\\\/www.podologiaperu.com\\\/wp-content\\\/uploads\\\/2023\\\/02\\\/cropped-PodologiaLogo_Icono-3.png\",\"width\":268,\"height\":190,\"caption\":\"Podologia Peru Bertha Burgos\"},\"image\":{\"@id\":\"http:\\\/\\\/www.podologiaperu.com\\\/#\\\/schema\\\/logo\\\/image\\\/\"}}]}<\/script>\n<!-- \/ Yoast SEO plugin. -->","yoast_head_json":{"title":"Pod\u00f3loga - Podologia Peru Bertha Burgos","robots":{"index":"index","follow":"follow","max-snippet":"max-snippet:-1","max-image-preview":"max-image-preview:large","max-video-preview":"max-video-preview:-1"},"canonical":"http:\/\/www.podologiaperu.com\/?page_id=156","og_locale":"es_ES","og_type":"article","og_title":"Pod\u00f3loga - Podologia Peru Bertha Burgos","og_description":"LA salud de los pies de su familia en buenas manos 16 A\u00f1os de experiencia a su servicio. Atenci\u00f3n personalizada. Ambientes amplios, privados y c\u00f3modos para su atenci\u00f3n podologica. Protocolos de bioseguridad, garant\u00eda y confianza.","og_url":"http:\/\/www.podologiaperu.com\/?page_id=156","og_site_name":"Podologia Peru Bertha Burgos","article_modified_time":"2023-02-28T05:06:26+00:00","og_image":[{"url":"https:\/\/www.podologiaperu.com\/wp-content\/uploads\/2023\/02\/Slide1Principal.png","type":"","width":"","height":""}],"twitter_card":"summary_large_image","schema":{"@context":"https:\/\/schema.org","@graph":[{"@type":"WebPage","@id":"http:\/\/www.podologiaperu.com\/?page_id=156","url":"http:\/\/www.podologiaperu.com\/?page_id=156","name":"Pod\u00f3loga - Podologia Peru Bertha Burgos","isPartOf":{"@id":"http:\/\/www.podologiaperu.com\/#website"},"primaryImageOfPage":{"@id":"http:\/\/www.podologiaperu.com\/?page_id=156#primaryimage"},"image":{"@id":"http:\/\/www.podologiaperu.com\/?page_id=156#primaryimage"},"thumbnailUrl":"https:\/\/www.podologiaperu.com\/wp-content\/uploads\/2023\/02\/Slide1Principal.png","datePublished":"2023-02-08T01:45:30+00:00","dateModified":"2023-02-28T05:06:26+00:00","breadcrumb":{"@id":"http:\/\/www.podologiaperu.com\/?page_id=156#breadcrumb"},"inLanguage":"es","potentialAction":[{"@type":"ReadAction","target":["http:\/\/www.podologiaperu.com\/?page_id=156"]}]},{"@type":"ImageObject","inLanguage":"es","@id":"http:\/\/www.podologiaperu.com\/?page_id=156#primaryimage","url":"https:\/\/www.podologiaperu.com\/wp-content\/uploads\/2023\/02\/Slide1Principal.png","contentUrl":"https:\/\/www.podologiaperu.com\/wp-content\/uploads\/2023\/02\/Slide1Principal.png","width":402,"height":541},{"@type":"BreadcrumbList","@id":"http:\/\/www.podologiaperu.com\/?page_id=156#breadcrumb","itemListElement":[{"@type":"ListItem","position":1,"name":"Portada","item":"http:\/\/www.podologiaperu.com\/"},{"@type":"ListItem","position":2,"name":"Pod\u00f3loga"}]},{"@type":"WebSite","@id":"http:\/\/www.podologiaperu.com\/#website","url":"http:\/\/www.podologiaperu.com\/","name":"Podologia Peru Bertha Burgos","description":"Podologia Peru","publisher":{"@id":"http:\/\/www.podologiaperu.com\/#organization"},"potentialAction":[{"@type":"SearchAction","target":{"@type":"EntryPoint","urlTemplate":"http:\/\/www.podologiaperu.com\/?s={search_term_string}"},"query-input":{"@type":"PropertyValueSpecification","valueRequired":true,"valueName":"search_term_string"}}],"inLanguage":"es"},{"@type":"Organization","@id":"http:\/\/www.podologiaperu.com\/#organization","name":"Podologia Peru Bertha Burgos","url":"http:\/\/www.podologiaperu.com\/","logo":{"@type":"ImageObject","inLanguage":"es","@id":"http:\/\/www.podologiaperu.com\/#\/schema\/logo\/image\/","url":"https:\/\/www.podologiaperu.com\/wp-content\/uploads\/2023\/02\/cropped-PodologiaLogo_Icono-3.png","contentUrl":"https:\/\/www.podologiaperu.com\/wp-content\/uploads\/2023\/02\/cropped-PodologiaLogo_Icono-3.png","width":268,"height":190,"caption":"Podologia Peru Bertha Burgos"},"image":{"@id":"http:\/\/www.podologiaperu.com\/#\/schema\/logo\/image\/"}}]}},"_links":{"self":[{"href":"https:\/\/www.podologiaperu.com\/index.php?rest_route=\/wp\/v2\/pages\/156","targetHints":{"allow":["GET"]}}],"collection":[{"href":"https:\/\/www.podologiaperu.com\/index.php?rest_route=\/wp\/v2\/pages"}],"about":[{"href":"https:\/\/www.podologiaperu.com\/index.php?rest_route=\/wp\/v2\/types\/page"}],"author":[{"embeddable":true,"href":"https:\/\/www.podologiaperu.com\/index.php?rest_route=\/wp\/v2\/users\/1"}],"replies":[{"embeddable":true,"href":"https:\/\/www.podologiaperu.com\/index.php?rest_route=%2Fwp%2Fv2%2Fcomments&post=156"}],"version-history":[{"count":16,"href":"https:\/\/www.podologiaperu.com\/index.php?rest_route=\/wp\/v2\/pages\/156\/revisions"}],"predecessor-version":[{"id":373,"href":"https:\/\/www.podologiaperu.com\/index.php?rest_route=\/wp\/v2\/pages\/156\/revisions\/373"}],"wp:attachment":[{"href":"https:\/\/www.podologiaperu.com\/index.php?rest_route=%2Fwp%2Fv2%2Fmedia&parent=156"}],"curies":[{"name":"wp","href":"https:\/\/api.w.org\/{rel}","templated":true}]}}