{"id":135,"date":"2023-02-07T22:12:54","date_gmt":"2023-02-07T22:12:54","guid":{"rendered":"https:\/\/www.podologiaperu.com\/?page_id=135"},"modified":"2023-02-07T22:12:54","modified_gmt":"2023-02-07T22:12:54","slug":"podologia-infantil","status":"publish","type":"page","link":"http:\/\/www.podologiaperu.com\/?page_id=135","title":{"rendered":"Podologia Infantil"},"content":{"rendered":"\n<p>Especialidad\u00a0en extracci\u00f3n de u\u00f1eros, para bebes desde los 3 meses.\u00a0Cuidar los pies del bebe es esencial para su correcto desarrollo, evitando m,as adelante problemas en la edad adulta.<\/p>\n\n\n\n<p>Correctores de u\u00f1as, corte de u\u00f1as de pies y manos.<\/p>\n\n\n\n<p>Utilizamos material especial para ni\u00f1os, instrumental est\u00e9ril y materiales descartables.<\/p>\n","protected":false},"excerpt":{"rendered":"<p>Especialidad\u00a0en extracci\u00f3n de u\u00f1eros, para bebes desde los 3 meses.\u00a0Cuidar los pies del bebe es esencial para su correcto desarrollo, evitando m,as adelante problemas en la edad adulta. Correctores de u\u00f1as, corte de u\u00f1as de pies y manos. Utilizamos material especial para ni\u00f1os, instrumental est\u00e9ril y materiales descartables.<\/p>\n","protected":false},"author":1,"featured_media":0,"parent":0,"menu_order":0,"comment_status":"closed","ping_status":"closed","template":"","meta":{"footnotes":""},"class_list":["post-135","page","type-page","status-publish","hentry"],"yoast_head":"<!-- This site is optimized with the Yoast SEO plugin v27.3 - https:\/\/yoast.com\/product\/yoast-seo-wordpress\/ -->\n<title>Podologia Infantil - Podologia Peru Bertha Burgos<\/title>\n<meta name=\"robots\" content=\"index, follow, max-snippet:-1, max-image-preview:large, max-video-preview:-1\" \/>\n<link rel=\"canonical\" href=\"http:\/\/www.podologiaperu.com\/?page_id=135\" \/>\n<meta property=\"og:locale\" content=\"es_ES\" \/>\n<meta property=\"og:type\" content=\"article\" \/>\n<meta property=\"og:title\" content=\"Podologia Infantil - Podologia Peru Bertha Burgos\" \/>\n<meta property=\"og:description\" content=\"Especialidad\u00a0en extracci\u00f3n de u\u00f1eros, para bebes desde los 3 meses.\u00a0Cuidar los pies del bebe es esencial para su correcto desarrollo, evitando m,as adelante problemas en la edad adulta. Correctores de u\u00f1as, corte de u\u00f1as de pies y manos. Utilizamos material especial para ni\u00f1os, instrumental est\u00e9ril y materiales descartables.\" \/>\n<meta property=\"og:url\" content=\"http:\/\/www.podologiaperu.com\/?page_id=135\" \/>\n<meta property=\"og:site_name\" content=\"Podologia Peru Bertha Burgos\" \/>\n<meta name=\"twitter:card\" content=\"summary_large_image\" \/>\n<script type=\"application\/ld+json\" class=\"yoast-schema-graph\">{\"@context\":\"https:\\\/\\\/schema.org\",\"@graph\":[{\"@type\":\"WebPage\",\"@id\":\"http:\\\/\\\/www.podologiaperu.com\\\/?page_id=135\",\"url\":\"http:\\\/\\\/www.podologiaperu.com\\\/?page_id=135\",\"name\":\"Podologia Infantil - Podologia Peru Bertha Burgos\",\"isPartOf\":{\"@id\":\"http:\\\/\\\/www.podologiaperu.com\\\/#website\"},\"datePublished\":\"2023-02-07T22:12:54+00:00\",\"breadcrumb\":{\"@id\":\"http:\\\/\\\/www.podologiaperu.com\\\/?page_id=135#breadcrumb\"},\"inLanguage\":\"es\",\"potentialAction\":[{\"@type\":\"ReadAction\",\"target\":[\"http:\\\/\\\/www.podologiaperu.com\\\/?page_id=135\"]}]},{\"@type\":\"BreadcrumbList\",\"@id\":\"http:\\\/\\\/www.podologiaperu.com\\\/?page_id=135#breadcrumb\",\"itemListElement\":[{\"@type\":\"ListItem\",\"position\":1,\"name\":\"Portada\",\"item\":\"http:\\\/\\\/www.podologiaperu.com\\\/\"},{\"@type\":\"ListItem\",\"position\":2,\"name\":\"Podologia Infantil\"}]},{\"@type\":\"WebSite\",\"@id\":\"http:\\\/\\\/www.podologiaperu.com\\\/#website\",\"url\":\"http:\\\/\\\/www.podologiaperu.com\\\/\",\"name\":\"Podologia Peru Bertha Burgos\",\"description\":\"Podologia Peru\",\"publisher\":{\"@id\":\"http:\\\/\\\/www.podologiaperu.com\\\/#organization\"},\"potentialAction\":[{\"@type\":\"SearchAction\",\"target\":{\"@type\":\"EntryPoint\",\"urlTemplate\":\"http:\\\/\\\/www.podologiaperu.com\\\/?s={search_term_string}\"},\"query-input\":{\"@type\":\"PropertyValueSpecification\",\"valueRequired\":true,\"valueName\":\"search_term_string\"}}],\"inLanguage\":\"es\"},{\"@type\":\"Organization\",\"@id\":\"http:\\\/\\\/www.podologiaperu.com\\\/#organization\",\"name\":\"Podologia Peru Bertha Burgos\",\"url\":\"http:\\\/\\\/www.podologiaperu.com\\\/\",\"logo\":{\"@type\":\"ImageObject\",\"inLanguage\":\"es\",\"@id\":\"http:\\\/\\\/www.podologiaperu.com\\\/#\\\/schema\\\/logo\\\/image\\\/\",\"url\":\"http:\\\/\\\/www.podologiaperu.com\\\/wp-content\\\/uploads\\\/2023\\\/02\\\/cropped-PodologiaLogo_Icono-3.png\",\"contentUrl\":\"http:\\\/\\\/www.podologiaperu.com\\\/wp-content\\\/uploads\\\/2023\\\/02\\\/cropped-PodologiaLogo_Icono-3.png\",\"width\":268,\"height\":190,\"caption\":\"Podologia Peru Bertha Burgos\"},\"image\":{\"@id\":\"http:\\\/\\\/www.podologiaperu.com\\\/#\\\/schema\\\/logo\\\/image\\\/\"}}]}<\/script>\n<!-- \/ Yoast SEO plugin. -->","yoast_head_json":{"title":"Podologia Infantil - Podologia Peru Bertha Burgos","robots":{"index":"index","follow":"follow","max-snippet":"max-snippet:-1","max-image-preview":"max-image-preview:large","max-video-preview":"max-video-preview:-1"},"canonical":"http:\/\/www.podologiaperu.com\/?page_id=135","og_locale":"es_ES","og_type":"article","og_title":"Podologia Infantil - Podologia Peru Bertha Burgos","og_description":"Especialidad\u00a0en extracci\u00f3n de u\u00f1eros, para bebes desde los 3 meses.\u00a0Cuidar los pies del bebe es esencial para su correcto desarrollo, evitando m,as adelante problemas en la edad adulta. Correctores de u\u00f1as, corte de u\u00f1as de pies y manos. Utilizamos material especial para ni\u00f1os, instrumental est\u00e9ril y materiales descartables.","og_url":"http:\/\/www.podologiaperu.com\/?page_id=135","og_site_name":"Podologia Peru Bertha Burgos","twitter_card":"summary_large_image","schema":{"@context":"https:\/\/schema.org","@graph":[{"@type":"WebPage","@id":"http:\/\/www.podologiaperu.com\/?page_id=135","url":"http:\/\/www.podologiaperu.com\/?page_id=135","name":"Podologia Infantil - Podologia Peru Bertha Burgos","isPartOf":{"@id":"http:\/\/www.podologiaperu.com\/#website"},"datePublished":"2023-02-07T22:12:54+00:00","breadcrumb":{"@id":"http:\/\/www.podologiaperu.com\/?page_id=135#breadcrumb"},"inLanguage":"es","potentialAction":[{"@type":"ReadAction","target":["http:\/\/www.podologiaperu.com\/?page_id=135"]}]},{"@type":"BreadcrumbList","@id":"http:\/\/www.podologiaperu.com\/?page_id=135#breadcrumb","itemListElement":[{"@type":"ListItem","position":1,"name":"Portada","item":"http:\/\/www.podologiaperu.com\/"},{"@type":"ListItem","position":2,"name":"Podologia Infantil"}]},{"@type":"WebSite","@id":"http:\/\/www.podologiaperu.com\/#website","url":"http:\/\/www.podologiaperu.com\/","name":"Podologia Peru Bertha Burgos","description":"Podologia Peru","publisher":{"@id":"http:\/\/www.podologiaperu.com\/#organization"},"potentialAction":[{"@type":"SearchAction","target":{"@type":"EntryPoint","urlTemplate":"http:\/\/www.podologiaperu.com\/?s={search_term_string}"},"query-input":{"@type":"PropertyValueSpecification","valueRequired":true,"valueName":"search_term_string"}}],"inLanguage":"es"},{"@type":"Organization","@id":"http:\/\/www.podologiaperu.com\/#organization","name":"Podologia Peru Bertha Burgos","url":"http:\/\/www.podologiaperu.com\/","logo":{"@type":"ImageObject","inLanguage":"es","@id":"http:\/\/www.podologiaperu.com\/#\/schema\/logo\/image\/","url":"http:\/\/www.podologiaperu.com\/wp-content\/uploads\/2023\/02\/cropped-PodologiaLogo_Icono-3.png","contentUrl":"http:\/\/www.podologiaperu.com\/wp-content\/uploads\/2023\/02\/cropped-PodologiaLogo_Icono-3.png","width":268,"height":190,"caption":"Podologia Peru Bertha Burgos"},"image":{"@id":"http:\/\/www.podologiaperu.com\/#\/schema\/logo\/image\/"}}]}},"_links":{"self":[{"href":"http:\/\/www.podologiaperu.com\/index.php?rest_route=\/wp\/v2\/pages\/135","targetHints":{"allow":["GET"]}}],"collection":[{"href":"http:\/\/www.podologiaperu.com\/index.php?rest_route=\/wp\/v2\/pages"}],"about":[{"href":"http:\/\/www.podologiaperu.com\/index.php?rest_route=\/wp\/v2\/types\/page"}],"author":[{"embeddable":true,"href":"http:\/\/www.podologiaperu.com\/index.php?rest_route=\/wp\/v2\/users\/1"}],"replies":[{"embeddable":true,"href":"http:\/\/www.podologiaperu.com\/index.php?rest_route=%2Fwp%2Fv2%2Fcomments&post=135"}],"version-history":[{"count":1,"href":"http:\/\/www.podologiaperu.com\/index.php?rest_route=\/wp\/v2\/pages\/135\/revisions"}],"predecessor-version":[{"id":136,"href":"http:\/\/www.podologiaperu.com\/index.php?rest_route=\/wp\/v2\/pages\/135\/revisions\/136"}],"wp:attachment":[{"href":"http:\/\/www.podologiaperu.com\/index.php?rest_route=%2Fwp%2Fv2%2Fmedia&parent=135"}],"curies":[{"name":"wp","href":"https:\/\/api.w.org\/{rel}","templated":true}]}}