{"id":133,"date":"2023-02-07T22:09:29","date_gmt":"2023-02-07T22:09:29","guid":{"rendered":"https:\/\/www.podologiaperu.com\/?page_id=133"},"modified":"2025-09-18T00:50:00","modified_gmt":"2025-09-18T00:50:00","slug":"adulto-mayor","status":"publish","type":"page","link":"http:\/\/www.podologiaperu.com\/?page_id=133","title":{"rendered":"Adulto Mayor"},"content":{"rendered":"\r\n<p>Atenci\u00f3n para pacientes geri\u00e1tricos, u\u00f1as engrosadas, callos dolorosos, masaje relajante al pie, extracci\u00f3n de u\u00f1eros, todo dentro de un ambiente c\u00f3modo y privado, instrumental est\u00e9ril.<\/p>\r\n\r\n\r\n<hr class=\"wp-block-separator has-alpha-channel-opacity\" \/>\r\n\r\n\r\n<p>Si el paciente tiene dificultad de movilizaci\u00f3n podemos agendar una cita en su casa o donde se encuentre. Esto s\u00f3lo aplica para adultos mayores de 65 a\u00f1os.<\/p>\r\n\r\n<iframe loading=\"lazy\" src=\"https:\/\/www.podologiaperu.com\/wp-content\/uploads\/2025\/09\/Video2025-09-17.mp4\" width=\"800\" height=\"600\" frameborder=\"0\" webkitallowfullscreen=\"true\" mozallowfullscreen=\"true\" allowfullscreen><\/iframe>\r\n\r\n","protected":false},"excerpt":{"rendered":"<p>Atenci\u00f3n para pacientes geri\u00e1tricos, u\u00f1as engrosadas, callos dolorosos, masaje relajante al pie, extracci\u00f3n de u\u00f1eros, todo dentro de un ambiente c\u00f3modo y privado, instrumental est\u00e9ril. Si el paciente tiene dificultad de movilizaci\u00f3n podemos agendar una cita en su casa o donde se encuentre. Esto s\u00f3lo aplica para adultos mayores de 65 a\u00f1os.<\/p>\n","protected":false},"author":1,"featured_media":0,"parent":0,"menu_order":0,"comment_status":"closed","ping_status":"closed","template":"","meta":{"footnotes":""},"class_list":["post-133","page","type-page","status-publish","hentry"],"yoast_head":"<!-- This site is optimized with the Yoast SEO plugin v27.3 - https:\/\/yoast.com\/product\/yoast-seo-wordpress\/ -->\n<title>Adulto Mayor - Podologia Peru Bertha Burgos<\/title>\n<meta name=\"robots\" content=\"index, follow, max-snippet:-1, max-image-preview:large, max-video-preview:-1\" \/>\n<link rel=\"canonical\" href=\"http:\/\/www.podologiaperu.com\/?page_id=133\" \/>\n<meta property=\"og:locale\" content=\"es_ES\" \/>\n<meta property=\"og:type\" content=\"article\" \/>\n<meta property=\"og:title\" content=\"Adulto Mayor - Podologia Peru Bertha Burgos\" \/>\n<meta property=\"og:description\" content=\"Atenci\u00f3n para pacientes geri\u00e1tricos, u\u00f1as engrosadas, callos dolorosos, masaje relajante al pie, extracci\u00f3n de u\u00f1eros, todo dentro de un ambiente c\u00f3modo y privado, instrumental est\u00e9ril. Si el paciente tiene dificultad de movilizaci\u00f3n podemos agendar una cita en su casa o donde se encuentre. Esto s\u00f3lo aplica para adultos mayores de 65 a\u00f1os.\" \/>\n<meta property=\"og:url\" content=\"http:\/\/www.podologiaperu.com\/?page_id=133\" \/>\n<meta property=\"og:site_name\" content=\"Podologia Peru Bertha Burgos\" \/>\n<meta property=\"article:modified_time\" content=\"2025-09-18T00:50:00+00:00\" \/>\n<meta name=\"twitter:card\" content=\"summary_large_image\" \/>\n<meta name=\"twitter:label1\" content=\"Tiempo de lectura\" \/>\n\t<meta name=\"twitter:data1\" content=\"1 minuto\" \/>\n<script type=\"application\/ld+json\" class=\"yoast-schema-graph\">{\"@context\":\"https:\\\/\\\/schema.org\",\"@graph\":[{\"@type\":\"WebPage\",\"@id\":\"http:\\\/\\\/www.podologiaperu.com\\\/?page_id=133\",\"url\":\"http:\\\/\\\/www.podologiaperu.com\\\/?page_id=133\",\"name\":\"Adulto Mayor - Podologia Peru Bertha Burgos\",\"isPartOf\":{\"@id\":\"http:\\\/\\\/www.podologiaperu.com\\\/#website\"},\"datePublished\":\"2023-02-07T22:09:29+00:00\",\"dateModified\":\"2025-09-18T00:50:00+00:00\",\"breadcrumb\":{\"@id\":\"http:\\\/\\\/www.podologiaperu.com\\\/?page_id=133#breadcrumb\"},\"inLanguage\":\"es\",\"potentialAction\":[{\"@type\":\"ReadAction\",\"target\":[\"http:\\\/\\\/www.podologiaperu.com\\\/?page_id=133\"]}]},{\"@type\":\"BreadcrumbList\",\"@id\":\"http:\\\/\\\/www.podologiaperu.com\\\/?page_id=133#breadcrumb\",\"itemListElement\":[{\"@type\":\"ListItem\",\"position\":1,\"name\":\"Portada\",\"item\":\"http:\\\/\\\/www.podologiaperu.com\\\/\"},{\"@type\":\"ListItem\",\"position\":2,\"name\":\"Adulto Mayor\"}]},{\"@type\":\"WebSite\",\"@id\":\"http:\\\/\\\/www.podologiaperu.com\\\/#website\",\"url\":\"http:\\\/\\\/www.podologiaperu.com\\\/\",\"name\":\"Podologia Peru Bertha Burgos\",\"description\":\"Podologia Peru\",\"publisher\":{\"@id\":\"http:\\\/\\\/www.podologiaperu.com\\\/#organization\"},\"potentialAction\":[{\"@type\":\"SearchAction\",\"target\":{\"@type\":\"EntryPoint\",\"urlTemplate\":\"http:\\\/\\\/www.podologiaperu.com\\\/?s={search_term_string}\"},\"query-input\":{\"@type\":\"PropertyValueSpecification\",\"valueRequired\":true,\"valueName\":\"search_term_string\"}}],\"inLanguage\":\"es\"},{\"@type\":\"Organization\",\"@id\":\"http:\\\/\\\/www.podologiaperu.com\\\/#organization\",\"name\":\"Podologia Peru Bertha Burgos\",\"url\":\"http:\\\/\\\/www.podologiaperu.com\\\/\",\"logo\":{\"@type\":\"ImageObject\",\"inLanguage\":\"es\",\"@id\":\"http:\\\/\\\/www.podologiaperu.com\\\/#\\\/schema\\\/logo\\\/image\\\/\",\"url\":\"http:\\\/\\\/www.podologiaperu.com\\\/wp-content\\\/uploads\\\/2023\\\/02\\\/cropped-PodologiaLogo_Icono-3.png\",\"contentUrl\":\"http:\\\/\\\/www.podologiaperu.com\\\/wp-content\\\/uploads\\\/2023\\\/02\\\/cropped-PodologiaLogo_Icono-3.png\",\"width\":268,\"height\":190,\"caption\":\"Podologia Peru Bertha Burgos\"},\"image\":{\"@id\":\"http:\\\/\\\/www.podologiaperu.com\\\/#\\\/schema\\\/logo\\\/image\\\/\"}}]}<\/script>\n<!-- \/ Yoast SEO plugin. -->","yoast_head_json":{"title":"Adulto Mayor - Podologia Peru Bertha Burgos","robots":{"index":"index","follow":"follow","max-snippet":"max-snippet:-1","max-image-preview":"max-image-preview:large","max-video-preview":"max-video-preview:-1"},"canonical":"http:\/\/www.podologiaperu.com\/?page_id=133","og_locale":"es_ES","og_type":"article","og_title":"Adulto Mayor - Podologia Peru Bertha Burgos","og_description":"Atenci\u00f3n para pacientes geri\u00e1tricos, u\u00f1as engrosadas, callos dolorosos, masaje relajante al pie, extracci\u00f3n de u\u00f1eros, todo dentro de un ambiente c\u00f3modo y privado, instrumental est\u00e9ril. Si el paciente tiene dificultad de movilizaci\u00f3n podemos agendar una cita en su casa o donde se encuentre. Esto s\u00f3lo aplica para adultos mayores de 65 a\u00f1os.","og_url":"http:\/\/www.podologiaperu.com\/?page_id=133","og_site_name":"Podologia Peru Bertha Burgos","article_modified_time":"2025-09-18T00:50:00+00:00","twitter_card":"summary_large_image","twitter_misc":{"Tiempo de lectura":"1 minuto"},"schema":{"@context":"https:\/\/schema.org","@graph":[{"@type":"WebPage","@id":"http:\/\/www.podologiaperu.com\/?page_id=133","url":"http:\/\/www.podologiaperu.com\/?page_id=133","name":"Adulto Mayor - Podologia Peru Bertha Burgos","isPartOf":{"@id":"http:\/\/www.podologiaperu.com\/#website"},"datePublished":"2023-02-07T22:09:29+00:00","dateModified":"2025-09-18T00:50:00+00:00","breadcrumb":{"@id":"http:\/\/www.podologiaperu.com\/?page_id=133#breadcrumb"},"inLanguage":"es","potentialAction":[{"@type":"ReadAction","target":["http:\/\/www.podologiaperu.com\/?page_id=133"]}]},{"@type":"BreadcrumbList","@id":"http:\/\/www.podologiaperu.com\/?page_id=133#breadcrumb","itemListElement":[{"@type":"ListItem","position":1,"name":"Portada","item":"http:\/\/www.podologiaperu.com\/"},{"@type":"ListItem","position":2,"name":"Adulto Mayor"}]},{"@type":"WebSite","@id":"http:\/\/www.podologiaperu.com\/#website","url":"http:\/\/www.podologiaperu.com\/","name":"Podologia Peru Bertha Burgos","description":"Podologia Peru","publisher":{"@id":"http:\/\/www.podologiaperu.com\/#organization"},"potentialAction":[{"@type":"SearchAction","target":{"@type":"EntryPoint","urlTemplate":"http:\/\/www.podologiaperu.com\/?s={search_term_string}"},"query-input":{"@type":"PropertyValueSpecification","valueRequired":true,"valueName":"search_term_string"}}],"inLanguage":"es"},{"@type":"Organization","@id":"http:\/\/www.podologiaperu.com\/#organization","name":"Podologia Peru Bertha Burgos","url":"http:\/\/www.podologiaperu.com\/","logo":{"@type":"ImageObject","inLanguage":"es","@id":"http:\/\/www.podologiaperu.com\/#\/schema\/logo\/image\/","url":"http:\/\/www.podologiaperu.com\/wp-content\/uploads\/2023\/02\/cropped-PodologiaLogo_Icono-3.png","contentUrl":"http:\/\/www.podologiaperu.com\/wp-content\/uploads\/2023\/02\/cropped-PodologiaLogo_Icono-3.png","width":268,"height":190,"caption":"Podologia Peru Bertha Burgos"},"image":{"@id":"http:\/\/www.podologiaperu.com\/#\/schema\/logo\/image\/"}}]}},"_links":{"self":[{"href":"http:\/\/www.podologiaperu.com\/index.php?rest_route=\/wp\/v2\/pages\/133","targetHints":{"allow":["GET"]}}],"collection":[{"href":"http:\/\/www.podologiaperu.com\/index.php?rest_route=\/wp\/v2\/pages"}],"about":[{"href":"http:\/\/www.podologiaperu.com\/index.php?rest_route=\/wp\/v2\/types\/page"}],"author":[{"embeddable":true,"href":"http:\/\/www.podologiaperu.com\/index.php?rest_route=\/wp\/v2\/users\/1"}],"replies":[{"embeddable":true,"href":"http:\/\/www.podologiaperu.com\/index.php?rest_route=%2Fwp%2Fv2%2Fcomments&post=133"}],"version-history":[{"count":6,"href":"http:\/\/www.podologiaperu.com\/index.php?rest_route=\/wp\/v2\/pages\/133\/revisions"}],"predecessor-version":[{"id":392,"href":"http:\/\/www.podologiaperu.com\/index.php?rest_route=\/wp\/v2\/pages\/133\/revisions\/392"}],"wp:attachment":[{"href":"http:\/\/www.podologiaperu.com\/index.php?rest_route=%2Fwp%2Fv2%2Fmedia&parent=133"}],"curies":[{"name":"wp","href":"https:\/\/api.w.org\/{rel}","templated":true}]}}