{"id":129,"date":"2023-02-07T22:05:19","date_gmt":"2023-02-07T22:05:19","guid":{"rendered":"https:\/\/www.podologiaperu.com\/?page_id=129"},"modified":"2023-02-07T22:05:19","modified_gmt":"2023-02-07T22:05:19","slug":"juanetes","status":"publish","type":"page","link":"http:\/\/www.podologiaperu.com\/?page_id=129","title":{"rendered":"Juanetes"},"content":{"rendered":"\n<p>Un juanete es un agrandamiento de la articulaci\u00f3n de la base del dedo gordo del pie, la articulaci\u00f3n metatarsofal\u00e1ngica \u2013 se produce al desplazarse el hueso o el tejido de la articulaci\u00f3n del dedo gordo.<\/p>\n\n\n\n<p>Como esta articulaci\u00f3n soporta gran parte del peso del cuerpo al caminar, los juanetes pueden ser extremadamente dolorosos si no se tratan. La propia articulaci\u00f3n metatarsofal\u00e1ngica puede volverse r\u00edgida e irritada, haciendo dif\u00edcil oimposible incluso llevar zapatos. Los juanetes&nbsp;pueden darse tambi\u00e9n en &nbsp;la parte exterior del pie, en el dedo chico, donde se le llama \u201cjuanete de sastre\u201d.<\/p>\n","protected":false},"excerpt":{"rendered":"<p>Un juanete es un agrandamiento de la articulaci\u00f3n de la base del dedo gordo del pie, la articulaci\u00f3n metatarsofal\u00e1ngica \u2013 se produce al desplazarse el hueso o el tejido de la articulaci\u00f3n del dedo gordo. Como esta articulaci\u00f3n soporta gran parte del peso del cuerpo al caminar, los juanetes pueden ser extremadamente dolorosos si no [&hellip;]<\/p>\n","protected":false},"author":1,"featured_media":0,"parent":0,"menu_order":0,"comment_status":"closed","ping_status":"closed","template":"","meta":{"footnotes":""},"class_list":["post-129","page","type-page","status-publish","hentry"],"yoast_head":"<!-- This site is optimized with the Yoast SEO plugin v27.3 - https:\/\/yoast.com\/product\/yoast-seo-wordpress\/ -->\n<title>Juanetes - Podologia Peru Bertha Burgos<\/title>\n<meta name=\"robots\" content=\"index, follow, max-snippet:-1, max-image-preview:large, max-video-preview:-1\" \/>\n<link rel=\"canonical\" href=\"http:\/\/www.podologiaperu.com\/?page_id=129\" \/>\n<meta property=\"og:locale\" content=\"es_ES\" \/>\n<meta property=\"og:type\" content=\"article\" \/>\n<meta property=\"og:title\" content=\"Juanetes - Podologia Peru Bertha Burgos\" \/>\n<meta property=\"og:description\" content=\"Un juanete es un agrandamiento de la articulaci\u00f3n de la base del dedo gordo del pie, la articulaci\u00f3n metatarsofal\u00e1ngica \u2013 se produce al desplazarse el hueso o el tejido de la articulaci\u00f3n del dedo gordo. Como esta articulaci\u00f3n soporta gran parte del peso del cuerpo al caminar, los juanetes pueden ser extremadamente dolorosos si no [&hellip;]\" \/>\n<meta property=\"og:url\" content=\"http:\/\/www.podologiaperu.com\/?page_id=129\" \/>\n<meta property=\"og:site_name\" content=\"Podologia Peru Bertha Burgos\" \/>\n<meta name=\"twitter:card\" content=\"summary_large_image\" \/>\n<meta name=\"twitter:label1\" content=\"Tiempo de lectura\" \/>\n\t<meta name=\"twitter:data1\" content=\"1 minuto\" \/>\n<script type=\"application\/ld+json\" class=\"yoast-schema-graph\">{\"@context\":\"https:\\\/\\\/schema.org\",\"@graph\":[{\"@type\":\"WebPage\",\"@id\":\"http:\\\/\\\/www.podologiaperu.com\\\/?page_id=129\",\"url\":\"http:\\\/\\\/www.podologiaperu.com\\\/?page_id=129\",\"name\":\"Juanetes - Podologia Peru Bertha Burgos\",\"isPartOf\":{\"@id\":\"http:\\\/\\\/www.podologiaperu.com\\\/#website\"},\"datePublished\":\"2023-02-07T22:05:19+00:00\",\"breadcrumb\":{\"@id\":\"http:\\\/\\\/www.podologiaperu.com\\\/?page_id=129#breadcrumb\"},\"inLanguage\":\"es\",\"potentialAction\":[{\"@type\":\"ReadAction\",\"target\":[\"http:\\\/\\\/www.podologiaperu.com\\\/?page_id=129\"]}]},{\"@type\":\"BreadcrumbList\",\"@id\":\"http:\\\/\\\/www.podologiaperu.com\\\/?page_id=129#breadcrumb\",\"itemListElement\":[{\"@type\":\"ListItem\",\"position\":1,\"name\":\"Portada\",\"item\":\"http:\\\/\\\/www.podologiaperu.com\\\/\"},{\"@type\":\"ListItem\",\"position\":2,\"name\":\"Juanetes\"}]},{\"@type\":\"WebSite\",\"@id\":\"http:\\\/\\\/www.podologiaperu.com\\\/#website\",\"url\":\"http:\\\/\\\/www.podologiaperu.com\\\/\",\"name\":\"Podologia Peru Bertha Burgos\",\"description\":\"Podologia Peru\",\"publisher\":{\"@id\":\"http:\\\/\\\/www.podologiaperu.com\\\/#organization\"},\"potentialAction\":[{\"@type\":\"SearchAction\",\"target\":{\"@type\":\"EntryPoint\",\"urlTemplate\":\"http:\\\/\\\/www.podologiaperu.com\\\/?s={search_term_string}\"},\"query-input\":{\"@type\":\"PropertyValueSpecification\",\"valueRequired\":true,\"valueName\":\"search_term_string\"}}],\"inLanguage\":\"es\"},{\"@type\":\"Organization\",\"@id\":\"http:\\\/\\\/www.podologiaperu.com\\\/#organization\",\"name\":\"Podologia Peru Bertha Burgos\",\"url\":\"http:\\\/\\\/www.podologiaperu.com\\\/\",\"logo\":{\"@type\":\"ImageObject\",\"inLanguage\":\"es\",\"@id\":\"http:\\\/\\\/www.podologiaperu.com\\\/#\\\/schema\\\/logo\\\/image\\\/\",\"url\":\"http:\\\/\\\/www.podologiaperu.com\\\/wp-content\\\/uploads\\\/2023\\\/02\\\/cropped-PodologiaLogo_Icono-3.png\",\"contentUrl\":\"http:\\\/\\\/www.podologiaperu.com\\\/wp-content\\\/uploads\\\/2023\\\/02\\\/cropped-PodologiaLogo_Icono-3.png\",\"width\":268,\"height\":190,\"caption\":\"Podologia Peru Bertha Burgos\"},\"image\":{\"@id\":\"http:\\\/\\\/www.podologiaperu.com\\\/#\\\/schema\\\/logo\\\/image\\\/\"}}]}<\/script>\n<!-- \/ Yoast SEO plugin. -->","yoast_head_json":{"title":"Juanetes - Podologia Peru Bertha Burgos","robots":{"index":"index","follow":"follow","max-snippet":"max-snippet:-1","max-image-preview":"max-image-preview:large","max-video-preview":"max-video-preview:-1"},"canonical":"http:\/\/www.podologiaperu.com\/?page_id=129","og_locale":"es_ES","og_type":"article","og_title":"Juanetes - Podologia Peru Bertha Burgos","og_description":"Un juanete es un agrandamiento de la articulaci\u00f3n de la base del dedo gordo del pie, la articulaci\u00f3n metatarsofal\u00e1ngica \u2013 se produce al desplazarse el hueso o el tejido de la articulaci\u00f3n del dedo gordo. Como esta articulaci\u00f3n soporta gran parte del peso del cuerpo al caminar, los juanetes pueden ser extremadamente dolorosos si no [&hellip;]","og_url":"http:\/\/www.podologiaperu.com\/?page_id=129","og_site_name":"Podologia Peru Bertha Burgos","twitter_card":"summary_large_image","twitter_misc":{"Tiempo de lectura":"1 minuto"},"schema":{"@context":"https:\/\/schema.org","@graph":[{"@type":"WebPage","@id":"http:\/\/www.podologiaperu.com\/?page_id=129","url":"http:\/\/www.podologiaperu.com\/?page_id=129","name":"Juanetes - Podologia Peru Bertha Burgos","isPartOf":{"@id":"http:\/\/www.podologiaperu.com\/#website"},"datePublished":"2023-02-07T22:05:19+00:00","breadcrumb":{"@id":"http:\/\/www.podologiaperu.com\/?page_id=129#breadcrumb"},"inLanguage":"es","potentialAction":[{"@type":"ReadAction","target":["http:\/\/www.podologiaperu.com\/?page_id=129"]}]},{"@type":"BreadcrumbList","@id":"http:\/\/www.podologiaperu.com\/?page_id=129#breadcrumb","itemListElement":[{"@type":"ListItem","position":1,"name":"Portada","item":"http:\/\/www.podologiaperu.com\/"},{"@type":"ListItem","position":2,"name":"Juanetes"}]},{"@type":"WebSite","@id":"http:\/\/www.podologiaperu.com\/#website","url":"http:\/\/www.podologiaperu.com\/","name":"Podologia Peru Bertha Burgos","description":"Podologia Peru","publisher":{"@id":"http:\/\/www.podologiaperu.com\/#organization"},"potentialAction":[{"@type":"SearchAction","target":{"@type":"EntryPoint","urlTemplate":"http:\/\/www.podologiaperu.com\/?s={search_term_string}"},"query-input":{"@type":"PropertyValueSpecification","valueRequired":true,"valueName":"search_term_string"}}],"inLanguage":"es"},{"@type":"Organization","@id":"http:\/\/www.podologiaperu.com\/#organization","name":"Podologia Peru Bertha Burgos","url":"http:\/\/www.podologiaperu.com\/","logo":{"@type":"ImageObject","inLanguage":"es","@id":"http:\/\/www.podologiaperu.com\/#\/schema\/logo\/image\/","url":"http:\/\/www.podologiaperu.com\/wp-content\/uploads\/2023\/02\/cropped-PodologiaLogo_Icono-3.png","contentUrl":"http:\/\/www.podologiaperu.com\/wp-content\/uploads\/2023\/02\/cropped-PodologiaLogo_Icono-3.png","width":268,"height":190,"caption":"Podologia Peru Bertha Burgos"},"image":{"@id":"http:\/\/www.podologiaperu.com\/#\/schema\/logo\/image\/"}}]}},"_links":{"self":[{"href":"http:\/\/www.podologiaperu.com\/index.php?rest_route=\/wp\/v2\/pages\/129","targetHints":{"allow":["GET"]}}],"collection":[{"href":"http:\/\/www.podologiaperu.com\/index.php?rest_route=\/wp\/v2\/pages"}],"about":[{"href":"http:\/\/www.podologiaperu.com\/index.php?rest_route=\/wp\/v2\/types\/page"}],"author":[{"embeddable":true,"href":"http:\/\/www.podologiaperu.com\/index.php?rest_route=\/wp\/v2\/users\/1"}],"replies":[{"embeddable":true,"href":"http:\/\/www.podologiaperu.com\/index.php?rest_route=%2Fwp%2Fv2%2Fcomments&post=129"}],"version-history":[{"count":1,"href":"http:\/\/www.podologiaperu.com\/index.php?rest_route=\/wp\/v2\/pages\/129\/revisions"}],"predecessor-version":[{"id":130,"href":"http:\/\/www.podologiaperu.com\/index.php?rest_route=\/wp\/v2\/pages\/129\/revisions\/130"}],"wp:attachment":[{"href":"http:\/\/www.podologiaperu.com\/index.php?rest_route=%2Fwp%2Fv2%2Fmedia&parent=129"}],"curies":[{"name":"wp","href":"https:\/\/api.w.org\/{rel}","templated":true}]}}