{"id":126,"date":"2023-02-07T22:02:25","date_gmt":"2023-02-07T22:02:25","guid":{"rendered":"https:\/\/www.podologiaperu.com\/?page_id=126"},"modified":"2023-02-07T22:03:31","modified_gmt":"2023-02-07T22:03:31","slug":"callos","status":"publish","type":"page","link":"http:\/\/www.podologiaperu.com\/?page_id=126","title":{"rendered":"Callos"},"content":{"rendered":"\n<p>Cuando los dedos est\u00e1n deformados, es decir no est\u00e1n rectos dentro del calzado se produce un roce sobre la piel y tejidos blandos del dedo. Es decir presi\u00f3n del calzado,piel,hueso.<\/p>\n\n\n\n<p>Si continua el roce o presi\u00f3n sobre el dedos a nivel de una articulaci\u00f3n, se complica dando lugar a una Bursitis. Se produce un callo blando, cuando aparece entre dos dedos con aspecto h\u00famedo y amacerado.<\/p>\n\n\n\n<p>El tratamiento puede ser paliativo (conservador), es decir acudir peri\u00f3dicamente a la consulta del pod\u00f3logo para resecar el callo. O bien, corregir esa deformidad por medio quir\u00fargico. Por ultimo otro remedio paliativo es la confecci\u00f3n de una pr\u00f3tesis de silicona.<\/p>\n\n\n\n<p>El tratamiento quir\u00fargico depender\u00e1 si la deformidad es flexible o no.<\/p>\n\n\n\n<p><strong>Callos o Helomas<\/strong><\/p>\n\n\n\n<p>Los callos pueden causar gran incomodidad y dolor. El tratamiento puede incluir la colocaci\u00f3n de almohadillas en la zona del callo para aliviar las presiones de los huesos y el uso de calzado m\u00e1s holgado y c\u00f3modo para evitar el roce. Tambi\u00e9n es importante encontrar la causa por la que se han producido, como por ejemplo alteraciones en la forma de andar o en la mec\u00e1nica del pie<\/p>\n","protected":false},"excerpt":{"rendered":"<p>Cuando los dedos est\u00e1n deformados, es decir no est\u00e1n rectos dentro del calzado se produce un roce sobre la piel y tejidos blandos del dedo. Es decir presi\u00f3n del calzado,piel,hueso. Si continua el roce o presi\u00f3n sobre el dedos a nivel de una articulaci\u00f3n, se complica dando lugar a una Bursitis. Se produce un callo [&hellip;]<\/p>\n","protected":false},"author":1,"featured_media":0,"parent":0,"menu_order":0,"comment_status":"closed","ping_status":"closed","template":"","meta":{"footnotes":""},"class_list":["post-126","page","type-page","status-publish","hentry"],"yoast_head":"<!-- This site is optimized with the Yoast SEO plugin v27.3 - https:\/\/yoast.com\/product\/yoast-seo-wordpress\/ -->\n<title>Callos - Podologia Peru Bertha Burgos<\/title>\n<meta name=\"robots\" content=\"index, follow, max-snippet:-1, max-image-preview:large, max-video-preview:-1\" \/>\n<link rel=\"canonical\" href=\"http:\/\/www.podologiaperu.com\/?page_id=126\" \/>\n<meta property=\"og:locale\" content=\"es_ES\" \/>\n<meta property=\"og:type\" content=\"article\" \/>\n<meta property=\"og:title\" content=\"Callos - Podologia Peru Bertha Burgos\" \/>\n<meta property=\"og:description\" content=\"Cuando los dedos est\u00e1n deformados, es decir no est\u00e1n rectos dentro del calzado se produce un roce sobre la piel y tejidos blandos del dedo. Es decir presi\u00f3n del calzado,piel,hueso. Si continua el roce o presi\u00f3n sobre el dedos a nivel de una articulaci\u00f3n, se complica dando lugar a una Bursitis. Se produce un callo [&hellip;]\" \/>\n<meta property=\"og:url\" content=\"http:\/\/www.podologiaperu.com\/?page_id=126\" \/>\n<meta property=\"og:site_name\" content=\"Podologia Peru Bertha Burgos\" \/>\n<meta property=\"article:modified_time\" content=\"2023-02-07T22:03:31+00:00\" \/>\n<meta name=\"twitter:card\" content=\"summary_large_image\" \/>\n<meta name=\"twitter:label1\" content=\"Tiempo de lectura\" \/>\n\t<meta name=\"twitter:data1\" content=\"1 minuto\" \/>\n<script type=\"application\/ld+json\" class=\"yoast-schema-graph\">{\"@context\":\"https:\\\/\\\/schema.org\",\"@graph\":[{\"@type\":\"WebPage\",\"@id\":\"http:\\\/\\\/www.podologiaperu.com\\\/?page_id=126\",\"url\":\"http:\\\/\\\/www.podologiaperu.com\\\/?page_id=126\",\"name\":\"Callos - Podologia Peru Bertha Burgos\",\"isPartOf\":{\"@id\":\"http:\\\/\\\/www.podologiaperu.com\\\/#website\"},\"datePublished\":\"2023-02-07T22:02:25+00:00\",\"dateModified\":\"2023-02-07T22:03:31+00:00\",\"breadcrumb\":{\"@id\":\"http:\\\/\\\/www.podologiaperu.com\\\/?page_id=126#breadcrumb\"},\"inLanguage\":\"es\",\"potentialAction\":[{\"@type\":\"ReadAction\",\"target\":[\"http:\\\/\\\/www.podologiaperu.com\\\/?page_id=126\"]}]},{\"@type\":\"BreadcrumbList\",\"@id\":\"http:\\\/\\\/www.podologiaperu.com\\\/?page_id=126#breadcrumb\",\"itemListElement\":[{\"@type\":\"ListItem\",\"position\":1,\"name\":\"Portada\",\"item\":\"http:\\\/\\\/www.podologiaperu.com\\\/\"},{\"@type\":\"ListItem\",\"position\":2,\"name\":\"Callos\"}]},{\"@type\":\"WebSite\",\"@id\":\"http:\\\/\\\/www.podologiaperu.com\\\/#website\",\"url\":\"http:\\\/\\\/www.podologiaperu.com\\\/\",\"name\":\"Podologia Peru Bertha Burgos\",\"description\":\"Podologia Peru\",\"publisher\":{\"@id\":\"http:\\\/\\\/www.podologiaperu.com\\\/#organization\"},\"potentialAction\":[{\"@type\":\"SearchAction\",\"target\":{\"@type\":\"EntryPoint\",\"urlTemplate\":\"http:\\\/\\\/www.podologiaperu.com\\\/?s={search_term_string}\"},\"query-input\":{\"@type\":\"PropertyValueSpecification\",\"valueRequired\":true,\"valueName\":\"search_term_string\"}}],\"inLanguage\":\"es\"},{\"@type\":\"Organization\",\"@id\":\"http:\\\/\\\/www.podologiaperu.com\\\/#organization\",\"name\":\"Podologia Peru Bertha Burgos\",\"url\":\"http:\\\/\\\/www.podologiaperu.com\\\/\",\"logo\":{\"@type\":\"ImageObject\",\"inLanguage\":\"es\",\"@id\":\"http:\\\/\\\/www.podologiaperu.com\\\/#\\\/schema\\\/logo\\\/image\\\/\",\"url\":\"http:\\\/\\\/www.podologiaperu.com\\\/wp-content\\\/uploads\\\/2023\\\/02\\\/cropped-PodologiaLogo_Icono-3.png\",\"contentUrl\":\"http:\\\/\\\/www.podologiaperu.com\\\/wp-content\\\/uploads\\\/2023\\\/02\\\/cropped-PodologiaLogo_Icono-3.png\",\"width\":268,\"height\":190,\"caption\":\"Podologia Peru Bertha Burgos\"},\"image\":{\"@id\":\"http:\\\/\\\/www.podologiaperu.com\\\/#\\\/schema\\\/logo\\\/image\\\/\"}}]}<\/script>\n<!-- \/ Yoast SEO plugin. -->","yoast_head_json":{"title":"Callos - Podologia Peru Bertha Burgos","robots":{"index":"index","follow":"follow","max-snippet":"max-snippet:-1","max-image-preview":"max-image-preview:large","max-video-preview":"max-video-preview:-1"},"canonical":"http:\/\/www.podologiaperu.com\/?page_id=126","og_locale":"es_ES","og_type":"article","og_title":"Callos - Podologia Peru Bertha Burgos","og_description":"Cuando los dedos est\u00e1n deformados, es decir no est\u00e1n rectos dentro del calzado se produce un roce sobre la piel y tejidos blandos del dedo. Es decir presi\u00f3n del calzado,piel,hueso. Si continua el roce o presi\u00f3n sobre el dedos a nivel de una articulaci\u00f3n, se complica dando lugar a una Bursitis. Se produce un callo [&hellip;]","og_url":"http:\/\/www.podologiaperu.com\/?page_id=126","og_site_name":"Podologia Peru Bertha Burgos","article_modified_time":"2023-02-07T22:03:31+00:00","twitter_card":"summary_large_image","twitter_misc":{"Tiempo de lectura":"1 minuto"},"schema":{"@context":"https:\/\/schema.org","@graph":[{"@type":"WebPage","@id":"http:\/\/www.podologiaperu.com\/?page_id=126","url":"http:\/\/www.podologiaperu.com\/?page_id=126","name":"Callos - Podologia Peru Bertha Burgos","isPartOf":{"@id":"http:\/\/www.podologiaperu.com\/#website"},"datePublished":"2023-02-07T22:02:25+00:00","dateModified":"2023-02-07T22:03:31+00:00","breadcrumb":{"@id":"http:\/\/www.podologiaperu.com\/?page_id=126#breadcrumb"},"inLanguage":"es","potentialAction":[{"@type":"ReadAction","target":["http:\/\/www.podologiaperu.com\/?page_id=126"]}]},{"@type":"BreadcrumbList","@id":"http:\/\/www.podologiaperu.com\/?page_id=126#breadcrumb","itemListElement":[{"@type":"ListItem","position":1,"name":"Portada","item":"http:\/\/www.podologiaperu.com\/"},{"@type":"ListItem","position":2,"name":"Callos"}]},{"@type":"WebSite","@id":"http:\/\/www.podologiaperu.com\/#website","url":"http:\/\/www.podologiaperu.com\/","name":"Podologia Peru Bertha Burgos","description":"Podologia Peru","publisher":{"@id":"http:\/\/www.podologiaperu.com\/#organization"},"potentialAction":[{"@type":"SearchAction","target":{"@type":"EntryPoint","urlTemplate":"http:\/\/www.podologiaperu.com\/?s={search_term_string}"},"query-input":{"@type":"PropertyValueSpecification","valueRequired":true,"valueName":"search_term_string"}}],"inLanguage":"es"},{"@type":"Organization","@id":"http:\/\/www.podologiaperu.com\/#organization","name":"Podologia Peru Bertha Burgos","url":"http:\/\/www.podologiaperu.com\/","logo":{"@type":"ImageObject","inLanguage":"es","@id":"http:\/\/www.podologiaperu.com\/#\/schema\/logo\/image\/","url":"http:\/\/www.podologiaperu.com\/wp-content\/uploads\/2023\/02\/cropped-PodologiaLogo_Icono-3.png","contentUrl":"http:\/\/www.podologiaperu.com\/wp-content\/uploads\/2023\/02\/cropped-PodologiaLogo_Icono-3.png","width":268,"height":190,"caption":"Podologia Peru Bertha Burgos"},"image":{"@id":"http:\/\/www.podologiaperu.com\/#\/schema\/logo\/image\/"}}]}},"_links":{"self":[{"href":"http:\/\/www.podologiaperu.com\/index.php?rest_route=\/wp\/v2\/pages\/126","targetHints":{"allow":["GET"]}}],"collection":[{"href":"http:\/\/www.podologiaperu.com\/index.php?rest_route=\/wp\/v2\/pages"}],"about":[{"href":"http:\/\/www.podologiaperu.com\/index.php?rest_route=\/wp\/v2\/types\/page"}],"author":[{"embeddable":true,"href":"http:\/\/www.podologiaperu.com\/index.php?rest_route=\/wp\/v2\/users\/1"}],"replies":[{"embeddable":true,"href":"http:\/\/www.podologiaperu.com\/index.php?rest_route=%2Fwp%2Fv2%2Fcomments&post=126"}],"version-history":[{"count":2,"href":"http:\/\/www.podologiaperu.com\/index.php?rest_route=\/wp\/v2\/pages\/126\/revisions"}],"predecessor-version":[{"id":128,"href":"http:\/\/www.podologiaperu.com\/index.php?rest_route=\/wp\/v2\/pages\/126\/revisions\/128"}],"wp:attachment":[{"href":"http:\/\/www.podologiaperu.com\/index.php?rest_route=%2Fwp%2Fv2%2Fmedia&parent=126"}],"curies":[{"name":"wp","href":"https:\/\/api.w.org\/{rel}","templated":true}]}}